{"id":3069,"date":"2024-11-02T17:25:00","date_gmt":"2024-11-02T11:55:00","guid":{"rendered":"https:\/\/floatingmarketpattaya.com\/?post_type=product&#038;p=3069"},"modified":"2025-09-27T12:39:42","modified_gmt":"2025-09-27T07:09:42","slug":"pattaya-floating-market-entrance-ticket-one-way-rowing-boat-private-round-trip-hotel-transfers","status":"publish","type":"product","link":"https:\/\/floatingmarketpattaya.com\/vi\/ve\/pattaya-floating-market-entrance-ticket-one-way-rowing-boat-private-round-trip-hotel-transfers\/","title":{"rendered":"Pattaya Floating Market Entrance Ticket + One Way Rowing Boat + Private Round-Trip Hotel Transfers"},"content":{"rendered":"<h2>About Pattaya Floating Market Entrance Ticket + One Way Rowing Boat + Private Round-Trip Hotel Transfers<\/h2>\n<p>Tr\u1ea3i nghi\u1ec7m n\u1ec1n v\u0103n h\u00f3a s\u00f4i \u0111\u1ed9ng v\u00e0 n\u00e9t quy\u1ebfn r\u0169 \u0111\u1ed9c \u0111\u00e1o c\u1ee7a <a href=\"https:\/\/floatingmarketpattaya.com\/vi\/\">Ch\u1ee3 n\u1ed5i Pattaya<\/a> v\u1edbi ch\u00fang t\u00f4i <strong>Entrance Ticket + One Way Rowing Boat + Private Round-Trip Hotel Transfers<\/strong> package. This package provides not just entry to the market but also a delightful 20-minute rowing boat ride and the convenience of private round-trip hotel transfers. Explore a diverse array of shops, enjoy traditional Thai performances, and immerse yourself in the rich local atmosphere.<\/p>\n<h3>Th\u1eddi gian<\/h3>\n<ul>\n<li><strong>Gi\u1edd m\u1edf c\u1eeda<\/strong>: 9:00 s\u00e1ng \u0111\u1ebfn 6:00 chi\u1ec1u (H\u00e0ng ng\u00e0y)<\/li>\n<li><strong>L\u01b0u \u00fd quan tr\u1ecdng<\/strong>: \u0110\u1ea3m b\u1ea3o b\u1ea1n \u0111\u1eb7t ch\u1ed7 tr\u01b0\u1edbc \u00edt nh\u1ea5t m\u1ed9t ng\u00e0y. \u0110\u1eb7t ch\u1ed7 trong ng\u00e0y y\u00eau c\u1ea7u \u0111\u1eb7t taxi kh\u1ee9 h\u1ed3i v\u1edbi ch\u00fang t\u00f4i.<\/li>\n<\/ul>\n<h3>\u0110i\u1ec3m n\u1ed5i b\u1eadt<\/h3>\n<ul>\n<li><strong>D\u1ecbch v\u1ee5 \u0111\u01b0a \u0111\u00f3n kh\u00e1ch s\u1ea1n thu\u1eadn ti\u1ec7n<\/strong>: Private round-trip transport for a hassle-free visit.<\/li>\n<li><strong>Chuy\u1ebfn \u0111i thuy\u1ec1n ch\u00e8o \u0111\u00edch th\u1ef1c<\/strong>:T\u1eadn h\u01b0\u1edfng chuy\u1ebfn \u0111i 20 ph\u00fat tr\u00ean d\u00f2ng n\u01b0\u1edbc tuy\u1ec7t \u0111\u1eb9p.<\/li>\n<li><strong>Tr\u1ea3i nghi\u1ec7m v\u0103n h\u00f3a<\/strong>:Kh\u00e1m ph\u00e1 h\u01a1n 100 c\u1eeda h\u00e0ng tr\u01b0ng b\u00e0y \u0111\u1ed3 th\u1ee7 c\u00f4ng, th\u1ef1c ph\u1ea9m v\u00e0 h\u00e0ng h\u00f3a truy\u1ec1n th\u1ed1ng c\u1ee7a Th\u00e1i Lan.<\/li>\n<li><strong>Bi\u1ec3u di\u1ec5n tr\u1ef1c ti\u1ebfp<\/strong>: Th\u01b0\u1edfng th\u1ee9c c\u00e1c ch\u01b0\u01a1ng tr\u00ecnh bi\u1ec3u di\u1ec5n truy\u1ec1n th\u1ed1ng v\u00e0 tr\u00ecnh di\u1ec5n v\u0103n h\u00f3a.<\/li>\n<li><strong>Ho\u00e0n h\u1ea3o cho gia \u0111\u00ecnh<\/strong>: Tr\u1ea3i nghi\u1ec7m \u0111\u1ed9c \u0111\u00e1o ph\u00f9 h\u1ee3p v\u1edbi m\u1ecdi l\u1ee9a tu\u1ed5i.<\/li>\n<\/ul>\n<h3>Nh\u1eefng g\u00ec bao g\u1ed3m<\/h3>\n<ul>\n<li>V\u00e9 v\u00e0o c\u1eeda Ch\u1ee3 n\u1ed5i Pattaya.<\/li>\n<li>Tr\u1ea3i nghi\u1ec7m ch\u00e8o thuy\u1ec1n m\u1ed9t chi\u1ec1u trong 20 ph\u00fat.<\/li>\n<li>Private round-trip hotel transfers.<\/li>\n<\/ul>\n<h3>Bao g\u1ed3m \/ Lo\u1ea1i tr\u1eeb<\/h3>\n<p><strong>Bao g\u1ed3m<\/strong>:<\/p>\n<ul>\n<li>V\u00e0o th\u1ecb tr\u01b0\u1eddng.<\/li>\n<li>\u0110i thuy\u1ec1n ch\u00e8o m\u1ed9t chi\u1ec1u.<\/li>\n<li>Private hotel transfers.<\/li>\n<\/ul>\n<p><strong>Lo\u1ea1i tr\u1eeb<\/strong>:<\/p>\n<ul>\n<li>B\u1eefa \u0103n v\u00e0 \u0111\u1ed3 u\u1ed1ng.<\/li>\n<li>Chi ph\u00ed c\u00e1 nh\u00e2n v\u00e0 mua s\u1eafm.<\/li>\n<\/ul>\n<h3>Ch\u00ednh s\u00e1ch tr\u1ebb em<\/h3>\n<ul>\n<li><strong>Tr\u1ebb em d\u01b0\u1edbi 90 cm<\/strong>: V\u00e0o c\u1eeda mi\u1ec5n ph\u00ed (kh\u00f4ng c\u00f3 ch\u1ed7 ng\u1ed3i).<\/li>\n<li><strong>Tr\u1ebb em 90-120 cm<\/strong>: T\u00ednh theo gi\u00e1 tr\u1ebb em.<\/li>\n<li><strong>Tr\u1ebb em tr\u00ean 120 cm<\/strong>: T\u00ednh theo gi\u00e1 ng\u01b0\u1eddi l\u1edbn.<\/li>\n<\/ul>\n<h3>Ch\u00ednh s\u00e1ch ho\u00e0n ti\u1ec1n v\u00e0 h\u1ee7y b\u1ecf<\/h3>\n<ul>\n<li><strong>Kh\u00f4ng ho\u00e0n l\u1ea1i ti\u1ec1n<\/strong>: M\u1ecdi \u0111\u1eb7t ch\u1ed7 \u0111\u1ec1u l\u00e0 cu\u1ed1i c\u00f9ng v\u00e0 kh\u00f4ng \u0111\u01b0\u1ee3c ho\u00e0n l\u1ea1i ti\u1ec1n.<\/li>\n<\/ul>\n<h3>C\u00f2n g\u00ec n\u1eefa?<\/h3>\n<p>Kh\u00e1m ph\u00e1 c\u00e1c m\u00f3n \u0103n Th\u00e1i \u0111\u1ed9c \u0111\u00e1o, xem bi\u1ec3u di\u1ec5n tr\u1ef1c ti\u1ebfp v\u00e0 th\u01b0\u1edfng th\u1ee9c \u00e2m nh\u1ea1c v\u00e0 ch\u01b0\u01a1ng tr\u00ecnh bi\u1ec3u di\u1ec5n khi\u00eau v\u0169 truy\u1ec1n th\u1ed1ng c\u1ee7a Th\u00e1i Lan tr\u00ean kh\u1eafp khu ch\u1ee3.<\/p>\n<h3>M\u1eb9o n\u1ed9i b\u1ed9<\/h3>\n<ul>\n<li>\u0110\u1ebfn s\u1edbm \u0111\u1ec3 t\u1eadn h\u01b0\u1edfng b\u1ea7u kh\u00f4ng kh\u00ed tho\u1ea3i m\u00e1i h\u01a1n.<\/li>\n<li>M\u1eb7c qu\u1ea7n \u00e1o tho\u1ea3i m\u00e1i v\u00e0 \u0111\u1ed3 ch\u1ed1ng n\u1eafng v\u00ec ch\u1ee3 c\u00f3 th\u1ec3 tr\u1edf n\u00ean \u1ea5m \u00e1p.<\/li>\n<li>Mang theo ti\u1ec1n m\u1eb7t khi mua s\u1eafm t\u1ea1i \u0111\u1ecba ph\u01b0\u01a1ng v\u00ec m\u1ed9t s\u1ed1 ng\u01b0\u1eddi b\u00e1n h\u00e0ng c\u00f3 th\u1ec3 kh\u00f4ng ch\u1ea5p nh\u1eadn th\u1ebb.<\/li>\n<\/ul>\n<h3>N\u00ean v\u00e0 kh\u00f4ng n\u00ean<\/h3>\n<p><strong>N\u00ean l\u00e0m<\/strong>:<\/p>\n<ul>\n<li>T\u00f4n tr\u1ecdng v\u0103n h\u00f3a v\u00e0 truy\u1ec1n th\u1ed1ng \u0111\u1ecba ph\u01b0\u01a1ng.<\/li>\n<li>Th\u1ef1c hi\u1ec7n theo c\u00e1c quy t\u1eafc v\u00e0 quy \u0111\u1ecbnh c\u1ee7a th\u1ecb tr\u01b0\u1eddng.<\/li>\n<\/ul>\n<p><strong>Kh\u00f4ng n\u00ean<\/strong>:<\/p>\n<ul>\n<li>Tr\u00e1nh x\u1ea3 r\u00e1c \u0111\u1ec3 gi\u1eef g\u00ecn ch\u1ee3 s\u1ea1ch s\u1ebd.<\/li>\n<li>\u0110\u1eebng b\u1ecf l\u1ee1 c\u01a1 h\u1ed9i th\u1eed c\u00e1c m\u00f3n \u0103n nh\u1eb9 v\u00e0 \u0111\u1ed3 ng\u1ecdt truy\u1ec1n th\u1ed1ng.<\/li>\n<\/ul>\n<h3>Bi\u1ebft tr\u01b0\u1edbc khi b\u1ea1n \u0111i<\/h3>\n<ul>\n<li><strong>Y\u00eau c\u1ea7u \u0111\u1eb7t ph\u00f2ng t\u1ed1i thi\u1ec3u<\/strong>: C\u1ea7n c\u00f3 t\u1ed1i thi\u1ec3u ba ng\u01b0\u1eddi \u0111\u1ec3 \u0111\u1eb7t t\u00f9y ch\u1ecdn n\u00e0y.<\/li>\n<li><strong>\u0110\u1eb7t ch\u1ed7 tr\u01b0\u1edbc<\/strong>: \u0110\u1eb7t tr\u01b0\u1edbc \u00edt nh\u1ea5t m\u1ed9t ng\u00e0y.<\/li>\n<li><strong>\u0110\u00f3n kh\u00e1ch t\u1ea1i kh\u00e1ch s\u1ea1n<\/strong>: Be ready on time as the private transfer may wait for only a few minutes at the hotel lobby.<\/li>\n<\/ul>\n<h3>\u0110\u1ecba ch\u1ec9, B\u1ea3n \u0111\u1ed3 &amp; V\u1ecb tr\u00ed<\/h3>\n<p><strong>\u0110\u1ecba ch\u1ec9<\/strong>: 451 304 \u0e2b\u0e21\u0e39\u0e48\u0e17\u0e35\u0e48 12 Sukhumvit Rd, Muang Pattaya, Qu\u1eadn Bang Lamung, Chon Buri 20150, Th\u00e1i Lan<br \/>\n<strong>V\u1ecb tr\u00ed c\u1ee7a Google Maps<\/strong>: <a href=\"https:\/\/maps.app.goo.gl\/X3XYpar7f1vCGoUX6\" target=\"_new\" rel=\"noopener\"><span style=\"color: #ff6600;\">V\u1ecb tr\u00ed Ch\u1ee3 n\u1ed5i Pattaya<\/span><\/a><\/p>\n<h3>L\u00e0m th\u1ebf n\u00e0o \u0111\u1ec3 \u0111\u1ea1t \u0111\u01b0\u1ee3c<\/h3>\n<ul>\n<li><strong>B\u1eb1ng xe h\u01a1i\/Taxi<\/strong>: S\u1eed d\u1ee5ng d\u1ecbch v\u1ee5 taxi \u0111\u1ecba ph\u01b0\u01a1ng ho\u1eb7c l\u00e1i xe qua \u0110\u01b0\u1eddng Sukhumvit.<\/li>\n<li><strong>Giao th\u00f4ng c\u00f4ng c\u1ed9ng<\/strong>: Local buses and private tuk-tuks are available from central Pattaya.<\/li>\n<li><strong>Private Transfers<\/strong>: Bao g\u1ed3m trong g\u00f3i n\u00e0y \u0111\u1ec3 c\u00f3 chuy\u1ebfn th\u0103m kh\u00e1m tho\u1ea3i m\u00e1i.<\/li>\n<\/ul>\n<h3>Nh\u1eefng c\u00e2u h\u1ecfi th\u01b0\u1eddng g\u1eb7p (FAQ)<\/h3>\n<p><strong>1. Gi\u1edd m\u1edf c\u1eeda c\u1ee7a ch\u1ee3 l\u00e0 m\u1ea5y gi\u1edd?<\/strong><br \/>\nCh\u1ee3 ho\u1ea1t \u0111\u1ed9ng t\u1eeb 9:00 s\u00e1ng \u0111\u1ebfn 6:00 chi\u1ec1u h\u00e0ng ng\u00e0y.<\/p>\n<p><strong>2. T\u00f4i c\u00f3 th\u1ec3 \u0111\u1eb7t g\u00f3i n\u00e0y ngay trong ng\u00e0y kh\u00f4ng?<\/strong><br \/>\nKhi \u0111\u1eb7t xe trong ng\u00e0y, b\u1ea1n ph\u1ea3i \u0111\u1eb7t xe taxi kh\u1ee9 h\u1ed3i v\u1edbi ch\u00fang t\u00f4i.<\/p>\n<p><strong>3. C\u00f3 y\u00eau c\u1ea7u \u0111\u1eb7t ch\u1ed7 t\u1ed1i thi\u1ec3u kh\u00f4ng?<\/strong><br \/>\nC\u00f3, c\u1ea7n c\u00f3 t\u1ed1i thi\u1ec3u ba ng\u01b0\u1eddi cho \u0111\u1eb7t ph\u00f2ng n\u00e0y.<\/p>\n<p><strong>4. T\u00f4i c\u00f3 \u0111\u01b0\u1ee3c ho\u00e0n ti\u1ec1n n\u1ebfu h\u1ee7y \u0111\u1eb7t ph\u00f2ng kh\u00f4ng?<\/strong><br \/>\nKh\u00f4ng, g\u00f3i n\u00e0y kh\u00f4ng \u0111\u01b0\u1ee3c ho\u00e0n l\u1ea1i ti\u1ec1n.<\/p>\n<p><strong>5. Chuy\u1ebfn \u0111i thuy\u1ec1n bao g\u1ed3m nh\u1eefng g\u00ec?<\/strong><br \/>\nG\u00f3i n\u00e0y bao g\u1ed3m chuy\u1ebfn \u0111i m\u1ed9t chi\u1ec1u k\u00e9o d\u00e0i 20 ph\u00fat qua h\u1ec7 th\u1ed1ng \u0111\u01b0\u1eddng th\u1ee7y tuy\u1ec7t \u0111\u1eb9p c\u1ee7a ch\u1ee3.<\/p>","protected":false},"excerpt":{"rendered":"<table class=\"short-description\">\n<tbody class=\"tabel364\">\n<tr class=\"short-description-tr32r\">\n<th class=\"short-description-th\"><span class=\"description-h23\"><strong class=\"description-strong67\">Ph\u1ea3i \u0111\u1eb7t ch\u1ed7 tr\u01b0\u1edbc 1 ng\u00e0y.<\/strong><\/span><\/th>\n<\/tr>\n<\/tbody>\n<\/table>","protected":false},"featured_media":3060,"comment_status":"open","ping_status":"closed","template":"","meta":{"ocean_post_layout":"","ocean_both_sidebars_style":"","ocean_both_sidebars_content_width":0,"ocean_both_sidebars_sidebars_width":0,"ocean_sidebar":"0","ocean_second_sidebar":"0","ocean_disable_margins":"enable","ocean_add_body_class":"","ocean_shortcode_before_top_bar":"","ocean_shortcode_after_top_bar":"","ocean_shortcode_before_header":"","ocean_shortcode_after_header":"","ocean_has_shortcode":"","ocean_shortcode_after_title":"","ocean_shortcode_before_footer_widgets":"","ocean_shortcode_after_footer_widgets":"","ocean_shortcode_before_footer_bottom":"","ocean_shortcode_after_footer_bottom":"","ocean_display_top_bar":"default","ocean_display_header":"default","ocean_header_style":"","ocean_center_header_left_menu":"0","ocean_custom_header_template":"0","ocean_custom_logo":0,"ocean_custom_retina_logo":0,"ocean_custom_logo_max_width":0,"ocean_custom_logo_tablet_max_width":0,"ocean_custom_logo_mobile_max_width":0,"ocean_custom_logo_max_height":0,"ocean_custom_logo_tablet_max_height":0,"ocean_custom_logo_mobile_max_height":0,"ocean_header_custom_menu":"0","ocean_menu_typo_font_family":"0","ocean_menu_typo_font_subset":"","ocean_menu_typo_font_size":0,"ocean_menu_typo_font_size_tablet":0,"ocean_menu_typo_font_size_mobile":0,"ocean_menu_typo_font_size_unit":"px","ocean_menu_typo_font_weight":"","ocean_menu_typo_font_weight_tablet":"","ocean_menu_typo_font_weight_mobile":"","ocean_menu_typo_transform":"","ocean_menu_typo_transform_tablet":"","ocean_menu_typo_transform_mobile":"","ocean_menu_typo_line_height":0,"ocean_menu_typo_line_height_tablet":0,"ocean_menu_typo_line_height_mobile":0,"ocean_menu_typo_line_height_unit":"","ocean_menu_typo_spacing":0,"ocean_menu_typo_spacing_tablet":0,"ocean_menu_typo_spacing_mobile":0,"ocean_menu_typo_spacing_unit":"","ocean_menu_link_color":"","ocean_menu_link_color_hover":"","ocean_menu_link_color_active":"","ocean_menu_link_background":"","ocean_menu_link_hover_background":"","ocean_menu_link_active_background":"","ocean_menu_social_links_bg":"","ocean_menu_social_hover_links_bg":"","ocean_menu_social_links_color":"","ocean_menu_social_hover_links_color":"","ocean_disable_title":"default","ocean_disable_heading":"default","ocean_post_title":"","ocean_post_subheading":"","ocean_post_title_style":"","ocean_post_title_background_color":"","ocean_post_title_background":0,"ocean_post_title_bg_image_position":"","ocean_post_title_bg_image_attachment":"","ocean_post_title_bg_image_repeat":"","ocean_post_title_bg_image_size":"","ocean_post_title_height":0,"ocean_post_title_bg_overlay":0.5,"ocean_post_title_bg_overlay_color":"","ocean_disable_breadcrumbs":"default","ocean_breadcrumbs_color":"","ocean_breadcrumbs_separator_color":"","ocean_breadcrumbs_links_color":"","ocean_breadcrumbs_links_hover_color":"","ocean_display_footer_widgets":"default","ocean_display_footer_bottom":"default","ocean_custom_footer_template":"0"},"product_brand":[],"product_cat":[20],"product_tag":[437,433,435,429,442,434,438,441,430,388,436,373,432,439,440,431],"class_list":{"0":"post-3069","1":"product","2":"type-product","3":"status-publish","4":"has-post-thumbnail","6":"product_cat-tickets","7":"product_tag-affordable-market-tour-pattaya","8":"product_tag-best-pattaya-floating-market-deal","9":"product_tag-cultural-market-tour-pattaya","10":"product_tag-entrance-ticket-with-transfers","11":"product_tag-entry-ticket-to-pattaya-market","12":"product_tag-floating-market-entry-with-boat","13":"product_tag-floating-market-full-package","14":"product_tag-market-visit-with-transfer","15":"product_tag-one-way-rowing-boat-ride","16":"product_tag-pattaya","17":"product_tag-pattaya-boat-ride-package","18":"product_tag-pattaya-floating-market-tickets","19":"product_tag-pattaya-market-experience","20":"product_tag-pattaya-market-highlights","21":"product_tag-rowing-boat-experience-pattaya","22":"product_tag-shared-round-trip-hotel-transfers","24":"entry","25":"has-media","26":"tm-has-options","28":"first","29":"instock","30":"virtual","31":"taxable","32":"purchasable","33":"product-type-simple","34":"has-product-nav","35":"col","36":"span_1_of_3","37":"owp-content-center","38":"owp-thumbs-layout-horizontal","39":"owp-btn-normal","40":"owp-tabs-layout-horizontal"},"yoast_head":"<!-- This site is optimized with the Yoast SEO plugin v27.4 - https:\/\/yoast.com\/product\/yoast-seo-wordpress\/ -->\n<title>Pattaya Floating Market Entry + Boat &amp; Hotel Transfers<\/title>\n<meta name=\"description\" content=\"Enjoy A Seamless Visit To Pattaya Floating Market With Entry, A Boat Ride, And Private Round-Trip Hotel Transfers. Experience Culture And Convenience!\" \/>\n<meta name=\"robots\" content=\"index, follow, max-snippet:-1, max-image-preview:large, max-video-preview:-1\" \/>\n<link rel=\"canonical\" href=\"https:\/\/floatingmarketpattaya.com\/vi\/ve\/pattaya-floating-market-entrance-ticket-one-way-rowing-boat-private-round-trip-hotel-transfers\/\" \/>\n<meta property=\"og:locale\" content=\"vi_VN\" \/>\n<meta property=\"og:type\" content=\"article\" \/>\n<meta property=\"og:title\" content=\"Pattaya Floating Market Entry + Boat &amp; Hotel Transfers\" \/>\n<meta property=\"og:description\" content=\"Enjoy A Seamless Visit To Pattaya Floating Market With Entry, A Boat Ride, And Private Round-Trip Hotel Transfers. Experience Culture And Convenience!\" \/>\n<meta property=\"og:url\" content=\"https:\/\/floatingmarketpattaya.com\/vi\/ve\/pattaya-floating-market-entrance-ticket-one-way-rowing-boat-private-round-trip-hotel-transfers\/\" \/>\n<meta property=\"og:site_name\" content=\"Pattaya Floating Market\" \/>\n<meta property=\"article:modified_time\" content=\"2025-09-27T07:09:42+00:00\" \/>\n<meta name=\"twitter:card\" content=\"summary_large_image\" \/>\n<meta name=\"twitter:label1\" content=\"\u01af\u1edbc t\u00ednh th\u1eddi gian \u0111\u1ecdc\" \/>\n\t<meta name=\"twitter:data1\" content=\"3 ph\u00fat\" \/>\n<script type=\"application\/ld+json\" class=\"yoast-schema-graph\">{\"@context\":\"https:\\\/\\\/schema.org\",\"@graph\":[{\"@type\":\"WebPage\",\"@id\":\"https:\\\/\\\/floatingmarketpattaya.com\\\/tickets\\\/pattaya-floating-market-entrance-ticket-one-way-rowing-boat-private-round-trip-hotel-transfers\\\/\",\"url\":\"https:\\\/\\\/floatingmarketpattaya.com\\\/tickets\\\/pattaya-floating-market-entrance-ticket-one-way-rowing-boat-private-round-trip-hotel-transfers\\\/\",\"name\":\"Pattaya Floating Market Entry + Boat & Hotel Transfers\",\"isPartOf\":{\"@id\":\"https:\\\/\\\/floatingmarketpattaya.com\\\/#website\"},\"primaryImageOfPage\":{\"@id\":\"https:\\\/\\\/floatingmarketpattaya.com\\\/tickets\\\/pattaya-floating-market-entrance-ticket-one-way-rowing-boat-private-round-trip-hotel-transfers\\\/#primaryimage\"},\"image\":{\"@id\":\"https:\\\/\\\/floatingmarketpattaya.com\\\/tickets\\\/pattaya-floating-market-entrance-ticket-one-way-rowing-boat-private-round-trip-hotel-transfers\\\/#primaryimage\"},\"thumbnailUrl\":\"https:\\\/\\\/floatingmarketpattaya.com\\\/wp-content\\\/uploads\\\/2024\\\/10\\\/Pattaya-Floating-Market-1.avif\",\"datePublished\":\"2024-11-02T11:55:00+00:00\",\"dateModified\":\"2025-09-27T07:09:42+00:00\",\"description\":\"Enjoy A Seamless Visit To Pattaya Floating Market With Entry, A Boat Ride, And Private Round-Trip Hotel Transfers. Experience Culture And Convenience!\",\"breadcrumb\":{\"@id\":\"https:\\\/\\\/floatingmarketpattaya.com\\\/tickets\\\/pattaya-floating-market-entrance-ticket-one-way-rowing-boat-private-round-trip-hotel-transfers\\\/#breadcrumb\"},\"inLanguage\":\"vi\",\"potentialAction\":[{\"@type\":\"ReadAction\",\"target\":[\"https:\\\/\\\/floatingmarketpattaya.com\\\/tickets\\\/pattaya-floating-market-entrance-ticket-one-way-rowing-boat-private-round-trip-hotel-transfers\\\/\"]}]},{\"@type\":\"ImageObject\",\"inLanguage\":\"vi\",\"@id\":\"https:\\\/\\\/floatingmarketpattaya.com\\\/tickets\\\/pattaya-floating-market-entrance-ticket-one-way-rowing-boat-private-round-trip-hotel-transfers\\\/#primaryimage\",\"url\":\"https:\\\/\\\/floatingmarketpattaya.com\\\/wp-content\\\/uploads\\\/2024\\\/10\\\/Pattaya-Floating-Market-1.avif\",\"contentUrl\":\"https:\\\/\\\/floatingmarketpattaya.com\\\/wp-content\\\/uploads\\\/2024\\\/10\\\/Pattaya-Floating-Market-1.avif\",\"width\":1356,\"height\":904,\"caption\":\"Pattaya Floating Market\"},{\"@type\":\"BreadcrumbList\",\"@id\":\"https:\\\/\\\/floatingmarketpattaya.com\\\/tickets\\\/pattaya-floating-market-entrance-ticket-one-way-rowing-boat-private-round-trip-hotel-transfers\\\/#breadcrumb\",\"itemListElement\":[{\"@type\":\"ListItem\",\"position\":1,\"name\":\"Home\",\"item\":\"https:\\\/\\\/floatingmarketpattaya.com\\\/\"},{\"@type\":\"ListItem\",\"position\":2,\"name\":\"Tickets\",\"item\":\"https:\\\/\\\/floatingmarketpattaya.com\\\/tickets\\\/\"},{\"@type\":\"ListItem\",\"position\":3,\"name\":\"Pattaya Floating Market Entrance Ticket + One Way Rowing Boat + Private Round-Trip Hotel Transfers\"}]},{\"@type\":\"WebSite\",\"@id\":\"https:\\\/\\\/floatingmarketpattaya.com\\\/#website\",\"url\":\"https:\\\/\\\/floatingmarketpattaya.com\\\/\",\"name\":\"Pattaya Floating Market\",\"description\":\"\",\"publisher\":{\"@id\":\"https:\\\/\\\/floatingmarketpattaya.com\\\/#organization\"},\"potentialAction\":[{\"@type\":\"SearchAction\",\"target\":{\"@type\":\"EntryPoint\",\"urlTemplate\":\"https:\\\/\\\/floatingmarketpattaya.com\\\/?s={search_term_string}\"},\"query-input\":{\"@type\":\"PropertyValueSpecification\",\"valueRequired\":true,\"valueName\":\"search_term_string\"}}],\"inLanguage\":\"vi\"},{\"@type\":\"Organization\",\"@id\":\"https:\\\/\\\/floatingmarketpattaya.com\\\/#organization\",\"name\":\"Pattaya Floating Market\",\"url\":\"https:\\\/\\\/floatingmarketpattaya.com\\\/\",\"logo\":{\"@type\":\"ImageObject\",\"inLanguage\":\"vi\",\"@id\":\"https:\\\/\\\/floatingmarketpattaya.com\\\/#\\\/schema\\\/logo\\\/image\\\/\",\"url\":\"https:\\\/\\\/floatingmarketpattaya.com\\\/wp-content\\\/uploads\\\/2024\\\/08\\\/Pattaya-Floating-Market.png\",\"contentUrl\":\"https:\\\/\\\/floatingmarketpattaya.com\\\/wp-content\\\/uploads\\\/2024\\\/08\\\/Pattaya-Floating-Market.png\",\"width\":350,\"height\":100,\"caption\":\"Pattaya Floating Market\"},\"image\":{\"@id\":\"https:\\\/\\\/floatingmarketpattaya.com\\\/#\\\/schema\\\/logo\\\/image\\\/\"}}]}<\/script>\n<!-- \/ Yoast SEO plugin. -->","yoast_head_json":{"title":"V\u00e9 v\u00e0o Ch\u1ee3 n\u1ed5i Pattaya + Xe \u0111\u01b0a \u0111\u00f3n b\u1eb1ng thuy\u1ec1n v\u00e0 kh\u00e1ch s\u1ea1n","description":"Enjoy A Seamless Visit To Pattaya Floating Market With Entry, A Boat Ride, And Private Round-Trip Hotel Transfers. Experience Culture And Convenience!","robots":{"index":"index","follow":"follow","max-snippet":"max-snippet:-1","max-image-preview":"max-image-preview:large","max-video-preview":"max-video-preview:-1"},"canonical":"https:\/\/floatingmarketpattaya.com\/vi\/ve\/pattaya-floating-market-entrance-ticket-one-way-rowing-boat-private-round-trip-hotel-transfers\/","og_locale":"vi_VN","og_type":"article","og_title":"Pattaya Floating Market Entry + Boat & Hotel Transfers","og_description":"Enjoy A Seamless Visit To Pattaya Floating Market With Entry, A Boat Ride, And Private Round-Trip Hotel Transfers. Experience Culture And Convenience!","og_url":"https:\/\/floatingmarketpattaya.com\/vi\/ve\/pattaya-floating-market-entrance-ticket-one-way-rowing-boat-private-round-trip-hotel-transfers\/","og_site_name":"Pattaya Floating Market","article_modified_time":"2025-09-27T07:09:42+00:00","twitter_card":"summary_large_image","twitter_misc":{"\u01af\u1edbc t\u00ednh th\u1eddi gian \u0111\u1ecdc":"3 ph\u00fat"},"schema":{"@context":"https:\/\/schema.org","@graph":[{"@type":"WebPage","@id":"https:\/\/floatingmarketpattaya.com\/tickets\/pattaya-floating-market-entrance-ticket-one-way-rowing-boat-private-round-trip-hotel-transfers\/","url":"https:\/\/floatingmarketpattaya.com\/tickets\/pattaya-floating-market-entrance-ticket-one-way-rowing-boat-private-round-trip-hotel-transfers\/","name":"V\u00e9 v\u00e0o Ch\u1ee3 n\u1ed5i Pattaya + Xe \u0111\u01b0a \u0111\u00f3n b\u1eb1ng thuy\u1ec1n v\u00e0 kh\u00e1ch s\u1ea1n","isPartOf":{"@id":"https:\/\/floatingmarketpattaya.com\/#website"},"primaryImageOfPage":{"@id":"https:\/\/floatingmarketpattaya.com\/tickets\/pattaya-floating-market-entrance-ticket-one-way-rowing-boat-private-round-trip-hotel-transfers\/#primaryimage"},"image":{"@id":"https:\/\/floatingmarketpattaya.com\/tickets\/pattaya-floating-market-entrance-ticket-one-way-rowing-boat-private-round-trip-hotel-transfers\/#primaryimage"},"thumbnailUrl":"https:\/\/floatingmarketpattaya.com\/wp-content\/uploads\/2024\/10\/Pattaya-Floating-Market-1.avif","datePublished":"2024-11-02T11:55:00+00:00","dateModified":"2025-09-27T07:09:42+00:00","description":"Enjoy A Seamless Visit To Pattaya Floating Market With Entry, A Boat Ride, And Private Round-Trip Hotel Transfers. Experience Culture And Convenience!","breadcrumb":{"@id":"https:\/\/floatingmarketpattaya.com\/tickets\/pattaya-floating-market-entrance-ticket-one-way-rowing-boat-private-round-trip-hotel-transfers\/#breadcrumb"},"inLanguage":"vi","potentialAction":[{"@type":"ReadAction","target":["https:\/\/floatingmarketpattaya.com\/tickets\/pattaya-floating-market-entrance-ticket-one-way-rowing-boat-private-round-trip-hotel-transfers\/"]}]},{"@type":"ImageObject","inLanguage":"vi","@id":"https:\/\/floatingmarketpattaya.com\/tickets\/pattaya-floating-market-entrance-ticket-one-way-rowing-boat-private-round-trip-hotel-transfers\/#primaryimage","url":"https:\/\/floatingmarketpattaya.com\/wp-content\/uploads\/2024\/10\/Pattaya-Floating-Market-1.avif","contentUrl":"https:\/\/floatingmarketpattaya.com\/wp-content\/uploads\/2024\/10\/Pattaya-Floating-Market-1.avif","width":1356,"height":904,"caption":"Pattaya Floating Market"},{"@type":"BreadcrumbList","@id":"https:\/\/floatingmarketpattaya.com\/tickets\/pattaya-floating-market-entrance-ticket-one-way-rowing-boat-private-round-trip-hotel-transfers\/#breadcrumb","itemListElement":[{"@type":"ListItem","position":1,"name":"Home","item":"https:\/\/floatingmarketpattaya.com\/"},{"@type":"ListItem","position":2,"name":"Tickets","item":"https:\/\/floatingmarketpattaya.com\/tickets\/"},{"@type":"ListItem","position":3,"name":"Pattaya Floating Market Entrance Ticket + One Way Rowing Boat + Private Round-Trip Hotel Transfers"}]},{"@type":"WebSite","@id":"https:\/\/floatingmarketpattaya.com\/#website","url":"https:\/\/floatingmarketpattaya.com\/","name":"Ch\u1ee3 n\u1ed5i Pattaya","description":"","publisher":{"@id":"https:\/\/floatingmarketpattaya.com\/#organization"},"potentialAction":[{"@type":"SearchAction","target":{"@type":"EntryPoint","urlTemplate":"https:\/\/floatingmarketpattaya.com\/?s={search_term_string}"},"query-input":{"@type":"PropertyValueSpecification","valueRequired":true,"valueName":"search_term_string"}}],"inLanguage":"vi"},{"@type":"Organization","@id":"https:\/\/floatingmarketpattaya.com\/#organization","name":"Ch\u1ee3 n\u1ed5i Pattaya","url":"https:\/\/floatingmarketpattaya.com\/","logo":{"@type":"ImageObject","inLanguage":"vi","@id":"https:\/\/floatingmarketpattaya.com\/#\/schema\/logo\/image\/","url":"https:\/\/floatingmarketpattaya.com\/wp-content\/uploads\/2024\/08\/Pattaya-Floating-Market.png","contentUrl":"https:\/\/floatingmarketpattaya.com\/wp-content\/uploads\/2024\/08\/Pattaya-Floating-Market.png","width":350,"height":100,"caption":"Pattaya Floating Market"},"image":{"@id":"https:\/\/floatingmarketpattaya.com\/#\/schema\/logo\/image\/"}}]}},"jetpack_sharing_enabled":true,"_links":{"self":[{"href":"https:\/\/floatingmarketpattaya.com\/vi\/wp-json\/wp\/v2\/product\/3069","targetHints":{"allow":["GET"]}}],"collection":[{"href":"https:\/\/floatingmarketpattaya.com\/vi\/wp-json\/wp\/v2\/product"}],"about":[{"href":"https:\/\/floatingmarketpattaya.com\/vi\/wp-json\/wp\/v2\/types\/product"}],"replies":[{"embeddable":true,"href":"https:\/\/floatingmarketpattaya.com\/vi\/wp-json\/wp\/v2\/comments?post=3069"}],"wp:featuredmedia":[{"embeddable":true,"href":"https:\/\/floatingmarketpattaya.com\/vi\/wp-json\/wp\/v2\/media\/3060"}],"wp:attachment":[{"href":"https:\/\/floatingmarketpattaya.com\/vi\/wp-json\/wp\/v2\/media?parent=3069"}],"wp:term":[{"taxonomy":"product_brand","embeddable":true,"href":"https:\/\/floatingmarketpattaya.com\/vi\/wp-json\/wp\/v2\/product_brand?post=3069"},{"taxonomy":"product_cat","embeddable":true,"href":"https:\/\/floatingmarketpattaya.com\/vi\/wp-json\/wp\/v2\/product_cat?post=3069"},{"taxonomy":"product_tag","embeddable":true,"href":"https:\/\/floatingmarketpattaya.com\/vi\/wp-json\/wp\/v2\/product_tag?post=3069"}],"curies":[{"name":"wp","href":"https:\/\/api.w.org\/{rel}","templated":true}]}}