{"id":3064,"date":"2024-11-02T17:10:03","date_gmt":"2024-11-02T11:40:03","guid":{"rendered":"https:\/\/floatingmarketpattaya.com\/?post_type=product&#038;p=3064"},"modified":"2026-03-01T19:15:27","modified_gmt":"2026-03-01T13:45:27","slug":"ve-vao-cho-noi-pattaya-trang-phuc-thai-lan-thuyen-cheo-mot-chieu","status":"publish","type":"product","link":"https:\/\/floatingmarketpattaya.com\/vi\/ve\/ve-vao-cho-noi-pattaya-trang-phuc-thai-lan-thuyen-cheo-mot-chieu\/","title":{"rendered":"V\u00e9 v\u00e0o Ch\u1ee3 n\u1ed5i Pattaya + Trang ph\u1ee5c h\u00f3a trang Th\u00e1i Lan + Thuy\u1ec1n ch\u00e8o m\u1ed9t chi\u1ec1u"},"content":{"rendered":"<h2>V\u1ec1 V\u00e9 v\u00e0o Ch\u1ee3 n\u1ed5i Pattaya + Trang ph\u1ee5c h\u00f3a trang Th\u00e1i Lan + Thuy\u1ec1n ch\u00e8o m\u1ed9t chi\u1ec1u<\/h2>\n<p>Tr\u1ea3i nghi\u1ec7m n\u00e9t quy\u1ebfn r\u0169 \u0111\u00edch th\u1ef1c c\u1ee7a v\u0103n h\u00f3a Th\u00e1i Lan t\u1ea1i <a href=\"https:\/\/floatingmarketpattaya.com\/vi\/\">Ch\u1ee3 n\u1ed5i Pattaya<\/a> v\u1edbi v\u00e9 k\u1ebft h\u1ee3p v\u00e0o c\u1eeda, m\u1eb7c trang ph\u1ee5c truy\u1ec1n th\u1ed1ng c\u1ee7a Th\u00e1i Lan v\u00e0 \u0111i thuy\u1ec1n ch\u00e8o m\u1ed9t chi\u1ec1u ng\u1eafm c\u1ea3nh. Tr\u1ea3i nghi\u1ec7m \u0111\u1ed9c \u0111\u00e1o n\u00e0y mang \u0111\u1ebfn c\u00e1i nh\u00ecn tho\u00e1ng qua v\u1ec1 cu\u1ed9c s\u1ed1ng truy\u1ec1n th\u1ed1ng c\u1ee7a Th\u00e1i Lan, mua s\u1eafm s\u00f4i \u0111\u1ed9ng v\u00e0 nh\u1eefng c\u1ea3nh \u0111\u1eb9p nh\u01b0 tranh v\u1ebd trong khi m\u1eb7c trang ph\u1ee5c truy\u1ec1n th\u1ed1ng, khi\u1ebfn n\u01a1i \u0111\u00e2y tr\u1edf n\u00ean ho\u00e0n h\u1ea3o cho nh\u1eefng b\u1ee9c \u1ea3nh \u0111\u00e1ng nh\u1edb v\u00e0 \u0111\u1eafm m\u00ecnh ho\u00e0n to\u00e0n v\u00e0o n\u1ec1n v\u0103n h\u00f3a.<\/p>\n<h3>Th\u1eddi gian<\/h3>\n<ul>\n<li><strong>Gi\u1edd m\u1edf c\u1eeda<\/strong>: 9:00 s\u00e1ng \u0111\u1ebfn 6:00 chi\u1ec1u h\u00e0ng ng\u00e0y.<\/li>\n<li><strong>Ghi ch\u00fa<\/strong>: Chuy\u1ebfn \u0111i thuy\u1ec1n ch\u00e8o m\u1ea5t kho\u1ea3ng 20 ph\u00fat.<\/li>\n<\/ul>\n<h3>\u0110i\u1ec3m n\u1ed5i b\u1eadt<\/h3>\n<ul>\n<li><strong>Tr\u1ea3i nghi\u1ec7m v\u0103n h\u00f3a<\/strong>:M\u1eb7c trang ph\u1ee5c truy\u1ec1n th\u1ed1ng c\u1ee7a Th\u00e1i Lan \u0111\u1ec3 c\u00f3 tr\u1ea3i nghi\u1ec7m \u0111\u1ed9c \u0111\u00e1o v\u00e0 ch\u1ee5p \u1ea3nh \u0111\u1eb9p.<\/li>\n<li><strong>\u0110i thuy\u1ec1n ng\u1eafm c\u1ea3nh<\/strong>:T\u1eadn h\u01b0\u1edfng chuy\u1ebfn \u0111i thuy\u1ec1n y\u00ean b\u00ecnh k\u00e9o d\u00e0i 20 ph\u00fat tr\u00ean d\u00f2ng n\u01b0\u1edbc quanh co c\u1ee7a ch\u1ee3.<\/li>\n<li><strong>Kh\u00f4ng kh\u00ed ch\u1ee3 \u0111\u00edch th\u1ef1c<\/strong>: Kh\u00e1m ph\u00e1 h\u00e0ng tr\u0103m c\u1eeda h\u00e0ng cung c\u1ea5p h\u00e0ng h\u00f3a, th\u1ef1c ph\u1ea9m v\u00e0 \u0111\u1ed3 th\u1ee7 c\u00f4ng truy\u1ec1n th\u1ed1ng c\u1ee7a Th\u00e1i Lan.<\/li>\n<li><strong>Vui ch\u01a1i th\u00e2n thi\u1ec7n v\u1edbi gia \u0111\u00ecnh<\/strong>: Th\u00edch h\u1ee3p cho du kh\u00e1ch \u1edf m\u1ecdi l\u1ee9a tu\u1ed5i v\u1edbi c\u00e1c ho\u1ea1t \u0111\u1ed9ng chuy\u00ean bi\u1ec7t v\u00e0 danh lam th\u1eafng c\u1ea3nh.<\/li>\n<li><strong>Mua s\u1eafm v\u00e0 \u0103n u\u1ed1ng \u0111\u1ed9c \u0111\u00e1o<\/strong>: Kh\u00e1m ph\u00e1 nh\u1eefng m\u00f3n ngon \u0111\u1ecba ph\u01b0\u01a1ng v\u00e0 h\u00e0ng th\u1ee7 c\u00f4ng m\u1ef9 ngh\u1ec7 \u0111\u1ed9c quy\u1ec1n ch\u1ec9 c\u00f3 t\u1ea1i ch\u1ee3.<\/li>\n<\/ul>\n<h3>Nh\u1eefng g\u00ec bao g\u1ed3m<\/h3>\n<ul>\n<li><strong>V\u00e9 v\u00e0o c\u1eeda Ch\u1ee3 n\u1ed5i Pattaya<\/strong><\/li>\n<li><strong>Tr\u1ea3i nghi\u1ec7m h\u00f3a trang theo phong c\u00e1ch Th\u00e1i Lan<\/strong><\/li>\n<li><strong>\u0110i thuy\u1ec1n ch\u00e8o m\u1ed9t chi\u1ec1u 20 ph\u00fat<\/strong><\/li>\n<\/ul>\n<h3>Bao g\u1ed3m \/ Lo\u1ea1i tr\u1eeb<\/h3>\n<p><strong>Bao g\u1ed3m<\/strong>:<\/p>\n<ul>\n<li>V\u00e0o Ch\u1ee3 n\u1ed5i Pattaya.<\/li>\n<li>Cho thu\u00ea trang ph\u1ee5c truy\u1ec1n th\u1ed1ng c\u1ee7a Th\u00e1i Lan trong su\u1ed1t th\u1eddi gian b\u1ea1n tham quan.<\/li>\n<li>\u0110i thuy\u1ec1n m\u1ed9t chi\u1ec1u (20 ph\u00fat).<\/li>\n<\/ul>\n<p><strong>Lo\u1ea1i tr\u1eeb<\/strong>:<\/p>\n<ul>\n<li>B\u1eefa \u0103n v\u00e0 \u0111\u1ed3 u\u1ed1ng.<\/li>\n<li>C\u00e1c ho\u1ea1t \u0111\u1ed9ng b\u1ed5 sung kh\u00f4ng \u0111\u01b0\u1ee3c \u0111\u1ec1 c\u1eadp.<\/li>\n<li>\u0110\u01b0a \u0111\u00f3n kh\u00e1ch s\u1ea1n (tr\u1eeb khi \u0111\u1eb7t ri\u00eang).<\/li>\n<\/ul>\n<h3>Ch\u00ednh s\u00e1ch tr\u1ebb em<\/h3>\n<ul>\n<li><strong>Tr\u1ebb em d\u01b0\u1edbi 90 cm<\/strong>: V\u00e0o c\u1eeda mi\u1ec5n ph\u00ed (kh\u00f4ng c\u00f3 ch\u1ed7 ng\u1ed3i).<\/li>\n<li><strong>Tr\u1ebb em t\u1eeb 90-120 cm<\/strong>: T\u00ednh theo gi\u00e1 tr\u1ebb em.<\/li>\n<li><strong>Ghi ch\u00fa<\/strong>:Tr\u1ebb em c\u1ea7n c\u00f3 s\u1ef1 gi\u00e1m s\u00e1t c\u1ee7a cha m\u1eb9 trong su\u1ed1t chuy\u1ebfn th\u0103m.<\/li>\n<\/ul>\n<h3>Ch\u00ednh s\u00e1ch ho\u00e0n ti\u1ec1n v\u00e0 h\u1ee7y b\u1ecf<\/h3>\n<ul>\n<li><strong>Kh\u00f4ng ho\u00e0n l\u1ea1i ti\u1ec1n ho\u1eb7c h\u1ee7y b\u1ecf<\/strong> sau khi \u0111\u1eb7t ph\u00f2ng \u0111\u01b0\u1ee3c x\u00e1c nh\u1eadn. Vui l\u00f2ng l\u00ean k\u1ebf ho\u1ea1ch cho chuy\u1ebfn th\u0103m c\u1ee7a b\u1ea1n cho ph\u00f9 h\u1ee3p.<\/li>\n<\/ul>\n<h3>C\u00f2n g\u00ec n\u1eefa?<\/h3>\n<p>Kh\u00e1m ph\u00e1 m\u00f4i tr\u01b0\u1eddng ch\u1ee3 nh\u1eadp vai t\u00f4n vinh truy\u1ec1n th\u1ed1ng Th\u00e1i Lan. Ch\u1ee5p nh\u1eefng b\u1ee9c \u1ea3nh tuy\u1ec7t \u0111\u1eb9p trong trang ph\u1ee5c Th\u00e1i Lan v\u00e0 t\u1eadn h\u01b0\u1edfng quang c\u1ea3nh, \u00e2m thanh v\u00e0 h\u01b0\u01a1ng v\u1ecb s\u1ed1ng \u0111\u1ed9ng c\u1ee7a ch\u1ee3 n\u1ed5i.<\/p>\n<h3>M\u1eb9o n\u1ed9i b\u1ed9<\/h3>\n<ul>\n<li>H\u00e3y \u0111\u1ebfn s\u1edbm \u0111\u1ec3 t\u1eadn h\u01b0\u1edfng th\u1eddi ti\u1ebft m\u00e1t m\u1ebb v\u00e0 \u00edt \u0111\u00e1m \u0111\u00f4ng h\u01a1n.<\/li>\n<li>Mang gi\u00e0y d\u00e9p tho\u1ea3i m\u00e1i v\u00ec b\u1ea1n c\u00f3 th\u1ec3 ph\u1ea3i \u0111i tr\u00ean b\u1ec1 m\u1eb7t kh\u00f4ng b\u1eb1ng ph\u1eb3ng.<\/li>\n<li>Mang theo t\u00fai ch\u1ed1ng th\u1ea5m n\u01b0\u1edbc \u0111\u1ec3 \u0111\u1ef1ng \u0111\u1ed3 \u0111\u1ea1c c\u00f3 gi\u00e1 tr\u1ecb trong su\u1ed1t chuy\u1ebfn \u0111i thuy\u1ec1n.<\/li>\n<\/ul>\n<h3>N\u00ean v\u00e0 kh\u00f4ng n\u00ean<\/h3>\n<p><strong>N\u00ean l\u00e0m<\/strong>:<\/p>\n<ul>\n<li>Th\u1ef1c hi\u1ec7n theo c\u00e1c quy t\u1eafc c\u1ee7a th\u1ecb tr\u01b0\u1eddng \u0111\u1ec3 \u0111\u1ea3m b\u1ea3o an to\u00e0n v\u00e0 tr\u1eadt t\u1ef1.<\/li>\n<li>T\u00f4n tr\u1ecdng phong t\u1ee5c \u0111\u1ecba ph\u01b0\u01a1ng khi m\u1eb7c trang ph\u1ee5c truy\u1ec1n th\u1ed1ng.<\/li>\n<li>\u0110\u1ebfn \u00edt nh\u1ea5t 15 ph\u00fat tr\u01b0\u1edbc gi\u1edd \u0111i thuy\u1ec1n \u0111\u00e3 \u0111\u1ecbnh.<\/li>\n<\/ul>\n<p><strong>Kh\u00f4ng n\u00ean<\/strong>:<\/p>\n<ul>\n<li>Tr\u00e1nh mang theo nh\u1eefng t\u00fai l\u1edbn v\u00ec kh\u00f3 c\u00f3 th\u1ec3 mang l\u00ean thuy\u1ec1n.<\/li>\n<li>Kh\u00f4ng cho c\u00e1 ho\u1eb7c \u0111\u1ed9ng v\u1eadt hoang d\u00e3 \u0103n.<\/li>\n<\/ul>\n<h3>Bi\u1ebft tr\u01b0\u1edbc khi b\u1ea1n \u0111i<\/h3>\n<ul>\n<li>C\u1ea7n ph\u1ea3i \u0111\u1eb7t ch\u1ed7 tr\u01b0\u1edbc (t\u1ed1i thi\u1ec3u 1 ng\u00e0y).<\/li>\n<li>\u0110\u1eb7t ch\u1ed7 trong ng\u00e0y y\u00eau c\u1ea7u ph\u1ea3i \u0111\u1eb7t d\u1ecbch v\u1ee5 taxi kh\u1ee9 h\u1ed3i.<\/li>\n<li>\u0110\u1ebfn s\u1edbm \u0111\u1ec3 t\u1eadn d\u1ee5ng t\u1ed1i \u0111a th\u1eddi gian v\u00e0 tr\u1ea3i nghi\u1ec7m c\u1ee7a b\u1ea1n.<\/li>\n<\/ul>\n<h3>\u0110\u1ecba ch\u1ec9, B\u1ea3n \u0111\u1ed3 &amp; V\u1ecb tr\u00ed<\/h3>\n<p><strong>\u0110\u1ecba ch\u1ec9<\/strong>: 451 304 \u0e2b\u0e21\u0e39\u0e48\u0e17\u0e35\u0e48 12 Sukhumvit Rd, Muang Pattaya, Qu\u1eadn Bang Lamung, Chon Buri 20150, Th\u00e1i Lan<br \/>\n<strong>V\u1ecb tr\u00ed c\u1ee7a Google Maps<\/strong>: <span style=\"color: #ff6600;\"><a style=\"color: #ff6600;\" href=\"https:\/\/maps.app.goo.gl\/X3XYpar7f1vCGoUX6\" target=\"_new\" rel=\"noopener\">T\u00ecm ch\u00fang t\u00f4i tr\u00ean Google Maps<\/a><\/span><\/p>\n<h3>L\u00e0m th\u1ebf n\u00e0o \u0111\u1ec3 \u0111\u1ea1t \u0111\u01b0\u1ee3c<\/h3>\n<ul>\n<li><strong>Giao th\u00f4ng c\u00f4ng c\u1ed9ng<\/strong>: C\u00f3 th\u1ec3 \u0111\u1ebfn \u0111\u00e2y b\u1eb1ng xe tuk-tuk \u0111\u1ecba ph\u01b0\u01a1ng v\u00e0 xe bu\u00fdt c\u00f4ng c\u1ed9ng t\u1eeb trung t\u00e2m Pattaya.<\/li>\n<li><strong>Taxi\/Xe ri\u00eang<\/strong>: C\u00f3 s\u1eb5n v\u00e0 thu\u1eadn ti\u1ec7n; c\u00f3 b\u00e3i \u0111\u1eadu xe.<\/li>\n<li><strong>Ghi ch\u00fa<\/strong>: \u0110\u1eb7t xe taxi qua ch\u00fang t\u00f4i \u0111\u1ec3 \u0111\u01b0\u1ee3c ph\u1ee5c v\u1ee5 ngay trong ng\u00e0y.<\/li>\n<\/ul>\n<h3>Nh\u1eefng c\u00e2u h\u1ecfi th\u01b0\u1eddng g\u1eb7p (FAQ)<\/h3>\n<p><strong>H: T\u00f4i n\u00ean m\u1eb7c g\u00ec khi \u0111\u1ebfn Ch\u1ee3 n\u1ed5i Pattaya?<\/strong><br \/>\nA: Qu\u1ea7n \u00e1o v\u00e0 gi\u00e0y d\u00e9p tho\u1ea3i m\u00e1i. Trang ph\u1ee5c truy\u1ec1n th\u1ed1ng c\u1ee7a Th\u00e1i Lan \u0111\u01b0\u1ee3c cung c\u1ea5p nh\u01b0 m\u1ed9t ph\u1ea7n c\u1ee7a g\u00f3i n\u00e0y cho chuy\u1ebfn th\u0103m c\u1ee7a b\u1ea1n.<\/p>\n<p><strong>H: Chuy\u1ebfn \u0111i thuy\u1ec1n k\u00e9o d\u00e0i bao l\u00e2u?<\/strong><br \/>\nA: Chuy\u1ebfn \u0111i thuy\u1ec1n m\u1ed9t chi\u1ec1u k\u00e9o d\u00e0i kho\u1ea3ng 20 ph\u00fat.<\/p>\n<p><strong>Q: C\u00f3 ch\u1ed7 \u0111\u1eadu xe kh\u00f4ng?<\/strong><br \/>\nA: C\u00f3, c\u00f3 b\u00e3i \u0111\u1eadu xe d\u00e0nh cho du kh\u00e1ch.<\/p>\n<p><strong>H: T\u00f4i c\u00f3 th\u1ec3 mua th\u1ef1c ph\u1ea9m b\u00ean trong ch\u1ee3 kh\u00f4ng?<\/strong><br \/>\nA: C\u00f3, ch\u1ee3 c\u00f3 nhi\u1ec1u qu\u1ea7y h\u00e0ng b\u00e1n c\u00e1c m\u00f3n \u0103n truy\u1ec1n th\u1ed1ng c\u1ee7a Th\u00e1i Lan.<\/p>\n<p><strong>H: Ch\u1ee3 c\u00f3 ph\u00f9 h\u1ee3p v\u1edbi tr\u1ebb em kh\u00f4ng?<\/strong><br \/>\nA: C\u00f3, ch\u1ee3 d\u00e0nh cho gia \u0111\u00ecnh v\u00e0 tr\u1ebb em cao d\u01b0\u1edbi 90 cm \u0111\u01b0\u1ee3c v\u00e0o c\u1eeda mi\u1ec5n ph\u00ed.<\/p>","protected":false},"excerpt":{"rendered":"<table class=\"short-description\">\n<tbody class=\"tabel364\">\n<tr class=\"short-description-tr32r\">\n<th class=\"short-description-th\"><span class=\"description-h23\"><strong class=\"description-strong67\">Ph\u1ea3i \u0111\u1eb7t ch\u1ed7 tr\u01b0\u1edbc 1 ng\u00e0y ho\u1eb7c ph\u1ea3i \u0111\u1eb7t taxi v\u1edbi ch\u00fang t\u00f4i \u0111\u1ec3 \u0111\u1eb7t ch\u1ed7 trong ng\u00e0y.<\/strong><\/span><\/th>\n<\/tr>\n<\/tbody>\n<\/table>","protected":false},"featured_media":3054,"comment_status":"open","ping_status":"closed","template":"","meta":{"ocean_post_layout":"","ocean_both_sidebars_style":"","ocean_both_sidebars_content_width":0,"ocean_both_sidebars_sidebars_width":0,"ocean_sidebar":"0","ocean_second_sidebar":"0","ocean_disable_margins":"enable","ocean_add_body_class":"","ocean_shortcode_before_top_bar":"","ocean_shortcode_after_top_bar":"","ocean_shortcode_before_header":"","ocean_shortcode_after_header":"","ocean_has_shortcode":"","ocean_shortcode_after_title":"","ocean_shortcode_before_footer_widgets":"","ocean_shortcode_after_footer_widgets":"","ocean_shortcode_before_footer_bottom":"","ocean_shortcode_after_footer_bottom":"","ocean_display_top_bar":"default","ocean_display_header":"default","ocean_header_style":"","ocean_center_header_left_menu":"0","ocean_custom_header_template":"0","ocean_custom_logo":0,"ocean_custom_retina_logo":0,"ocean_custom_logo_max_width":0,"ocean_custom_logo_tablet_max_width":0,"ocean_custom_logo_mobile_max_width":0,"ocean_custom_logo_max_height":0,"ocean_custom_logo_tablet_max_height":0,"ocean_custom_logo_mobile_max_height":0,"ocean_header_custom_menu":"0","ocean_menu_typo_font_family":"0","ocean_menu_typo_font_subset":"","ocean_menu_typo_font_size":0,"ocean_menu_typo_font_size_tablet":0,"ocean_menu_typo_font_size_mobile":0,"ocean_menu_typo_font_size_unit":"px","ocean_menu_typo_font_weight":"","ocean_menu_typo_font_weight_tablet":"","ocean_menu_typo_font_weight_mobile":"","ocean_menu_typo_transform":"","ocean_menu_typo_transform_tablet":"","ocean_menu_typo_transform_mobile":"","ocean_menu_typo_line_height":0,"ocean_menu_typo_line_height_tablet":0,"ocean_menu_typo_line_height_mobile":0,"ocean_menu_typo_line_height_unit":"","ocean_menu_typo_spacing":0,"ocean_menu_typo_spacing_tablet":0,"ocean_menu_typo_spacing_mobile":0,"ocean_menu_typo_spacing_unit":"","ocean_menu_link_color":"","ocean_menu_link_color_hover":"","ocean_menu_link_color_active":"","ocean_menu_link_background":"","ocean_menu_link_hover_background":"","ocean_menu_link_active_background":"","ocean_menu_social_links_bg":"","ocean_menu_social_hover_links_bg":"","ocean_menu_social_links_color":"","ocean_menu_social_hover_links_color":"","ocean_disable_title":"default","ocean_disable_heading":"default","ocean_post_title":"","ocean_post_subheading":"","ocean_post_title_style":"","ocean_post_title_background_color":"","ocean_post_title_background":0,"ocean_post_title_bg_image_position":"","ocean_post_title_bg_image_attachment":"","ocean_post_title_bg_image_repeat":"","ocean_post_title_bg_image_size":"","ocean_post_title_height":0,"ocean_post_title_bg_overlay":0.5,"ocean_post_title_bg_overlay_color":"","ocean_disable_breadcrumbs":"default","ocean_breadcrumbs_color":"","ocean_breadcrumbs_separator_color":"","ocean_breadcrumbs_links_color":"","ocean_breadcrumbs_links_hover_color":"","ocean_display_footer_widgets":"default","ocean_display_footer_bottom":"default","ocean_custom_footer_template":"0"},"product_brand":[],"product_cat":[20],"product_tag":[424,420,421,423,428,418,417,396,415,419,427,422,425,416,426],"class_list":{"0":"post-3064","1":"product","2":"type-product","3":"status-publish","4":"has-post-thumbnail","6":"product_cat-tickets","7":"product_tag-best-pattaya-tours","8":"product_tag-cultural-market-experience","9":"product_tag-entry-with-thai-costume","10":"product_tag-floating-market-activities","11":"product_tag-market-day-experience","12":"product_tag-market-entry-ticket","13":"product_tag-one-way-rowing-boat","14":"product_tag-pattaya-boat-ride","15":"product_tag-pattaya-floating-market-ticket","16":"product_tag-pattaya-market-booking","17":"product_tag-pattaya-tourist-attraction","18":"product_tag-rowing-boat-tour","19":"product_tag-thai-costume-adventure","20":"product_tag-thai-dress-experience","21":"product_tag-traditional-market-visit","23":"entry","24":"has-media","25":"tm-has-options","27":"first","28":"instock","29":"virtual","30":"taxable","31":"purchasable","32":"product-type-simple","33":"has-product-nav","34":"col","35":"span_1_of_3","36":"owp-content-center","37":"owp-thumbs-layout-horizontal","38":"owp-btn-normal","39":"owp-tabs-layout-horizontal"},"yoast_head":"<!-- This site is optimized with the Yoast SEO plugin v27.4 - https:\/\/yoast.com\/product\/yoast-seo-wordpress\/ -->\n<title>Book Entry + Thai Dress + Rowing Boat Ticket Today<\/title>\n<meta name=\"description\" content=\"Discover Pattaya Floating Market With Entry, Thai Dress Experience, And A One-Way Rowing Boat Ride. Book Now For A Unique Cultural Adventure!\" \/>\n<meta name=\"robots\" content=\"index, follow, max-snippet:-1, max-image-preview:large, max-video-preview:-1\" \/>\n<link rel=\"canonical\" href=\"https:\/\/floatingmarketpattaya.com\/vi\/ve\/ve-vao-cho-noi-pattaya-trang-phuc-thai-lan-thuyen-cheo-mot-chieu\/\" \/>\n<meta property=\"og:locale\" content=\"vi_VN\" \/>\n<meta property=\"og:type\" content=\"article\" \/>\n<meta property=\"og:title\" content=\"Book Entry + Thai Dress + Rowing Boat Ticket Today\" \/>\n<meta property=\"og:description\" content=\"Discover Pattaya Floating Market With Entry, Thai Dress Experience, And A One-Way Rowing Boat Ride. Book Now For A Unique Cultural Adventure!\" \/>\n<meta property=\"og:url\" content=\"https:\/\/floatingmarketpattaya.com\/vi\/ve\/ve-vao-cho-noi-pattaya-trang-phuc-thai-lan-thuyen-cheo-mot-chieu\/\" \/>\n<meta property=\"og:site_name\" content=\"Pattaya Floating Market\" \/>\n<meta property=\"article:modified_time\" content=\"2026-03-01T13:45:27+00:00\" \/>\n<meta name=\"twitter:card\" content=\"summary_large_image\" \/>\n<meta name=\"twitter:label1\" content=\"\u01af\u1edbc t\u00ednh th\u1eddi gian \u0111\u1ecdc\" \/>\n\t<meta name=\"twitter:data1\" content=\"3 ph\u00fat\" \/>\n<script type=\"application\/ld+json\" class=\"yoast-schema-graph\">{\"@context\":\"https:\\\/\\\/schema.org\",\"@graph\":[{\"@type\":\"WebPage\",\"@id\":\"https:\\\/\\\/floatingmarketpattaya.com\\\/tickets\\\/pattaya-floating-market-entrance-ticket-thai-costume-dress-one-way-rowing-boat\\\/\",\"url\":\"https:\\\/\\\/floatingmarketpattaya.com\\\/tickets\\\/pattaya-floating-market-entrance-ticket-thai-costume-dress-one-way-rowing-boat\\\/\",\"name\":\"Book Entry + Thai Dress + Rowing Boat Ticket Today\",\"isPartOf\":{\"@id\":\"https:\\\/\\\/floatingmarketpattaya.com\\\/#website\"},\"primaryImageOfPage\":{\"@id\":\"https:\\\/\\\/floatingmarketpattaya.com\\\/tickets\\\/pattaya-floating-market-entrance-ticket-thai-costume-dress-one-way-rowing-boat\\\/#primaryimage\"},\"image\":{\"@id\":\"https:\\\/\\\/floatingmarketpattaya.com\\\/tickets\\\/pattaya-floating-market-entrance-ticket-thai-costume-dress-one-way-rowing-boat\\\/#primaryimage\"},\"thumbnailUrl\":\"https:\\\/\\\/floatingmarketpattaya.com\\\/wp-content\\\/uploads\\\/2024\\\/10\\\/Floating-Market-Pattaya-Tickets.avif\",\"datePublished\":\"2024-11-02T11:40:03+00:00\",\"dateModified\":\"2026-03-01T13:45:27+00:00\",\"description\":\"Discover Pattaya Floating Market With Entry, Thai Dress Experience, And A One-Way Rowing Boat Ride. Book Now For A Unique Cultural Adventure!\",\"breadcrumb\":{\"@id\":\"https:\\\/\\\/floatingmarketpattaya.com\\\/tickets\\\/pattaya-floating-market-entrance-ticket-thai-costume-dress-one-way-rowing-boat\\\/#breadcrumb\"},\"inLanguage\":\"vi\",\"potentialAction\":[{\"@type\":\"ReadAction\",\"target\":[\"https:\\\/\\\/floatingmarketpattaya.com\\\/tickets\\\/pattaya-floating-market-entrance-ticket-thai-costume-dress-one-way-rowing-boat\\\/\"]}]},{\"@type\":\"ImageObject\",\"inLanguage\":\"vi\",\"@id\":\"https:\\\/\\\/floatingmarketpattaya.com\\\/tickets\\\/pattaya-floating-market-entrance-ticket-thai-costume-dress-one-way-rowing-boat\\\/#primaryimage\",\"url\":\"https:\\\/\\\/floatingmarketpattaya.com\\\/wp-content\\\/uploads\\\/2024\\\/10\\\/Floating-Market-Pattaya-Tickets.avif\",\"contentUrl\":\"https:\\\/\\\/floatingmarketpattaya.com\\\/wp-content\\\/uploads\\\/2024\\\/10\\\/Floating-Market-Pattaya-Tickets.avif\",\"width\":1000,\"height\":667,\"caption\":\"Floating Market Pattaya Tickets\"},{\"@type\":\"BreadcrumbList\",\"@id\":\"https:\\\/\\\/floatingmarketpattaya.com\\\/tickets\\\/pattaya-floating-market-entrance-ticket-thai-costume-dress-one-way-rowing-boat\\\/#breadcrumb\",\"itemListElement\":[{\"@type\":\"ListItem\",\"position\":1,\"name\":\"Home\",\"item\":\"https:\\\/\\\/floatingmarketpattaya.com\\\/\"},{\"@type\":\"ListItem\",\"position\":2,\"name\":\"Tickets\",\"item\":\"https:\\\/\\\/floatingmarketpattaya.com\\\/tickets\\\/\"},{\"@type\":\"ListItem\",\"position\":3,\"name\":\"Pattaya Floating Market Entrance Ticket + Thai Costume Dress + One Way Rowing Boat\"}]},{\"@type\":\"WebSite\",\"@id\":\"https:\\\/\\\/floatingmarketpattaya.com\\\/#website\",\"url\":\"https:\\\/\\\/floatingmarketpattaya.com\\\/\",\"name\":\"Pattaya Floating Market\",\"description\":\"\",\"publisher\":{\"@id\":\"https:\\\/\\\/floatingmarketpattaya.com\\\/#organization\"},\"potentialAction\":[{\"@type\":\"SearchAction\",\"target\":{\"@type\":\"EntryPoint\",\"urlTemplate\":\"https:\\\/\\\/floatingmarketpattaya.com\\\/?s={search_term_string}\"},\"query-input\":{\"@type\":\"PropertyValueSpecification\",\"valueRequired\":true,\"valueName\":\"search_term_string\"}}],\"inLanguage\":\"vi\"},{\"@type\":\"Organization\",\"@id\":\"https:\\\/\\\/floatingmarketpattaya.com\\\/#organization\",\"name\":\"Pattaya Floating Market\",\"url\":\"https:\\\/\\\/floatingmarketpattaya.com\\\/\",\"logo\":{\"@type\":\"ImageObject\",\"inLanguage\":\"vi\",\"@id\":\"https:\\\/\\\/floatingmarketpattaya.com\\\/#\\\/schema\\\/logo\\\/image\\\/\",\"url\":\"https:\\\/\\\/floatingmarketpattaya.com\\\/wp-content\\\/uploads\\\/2024\\\/08\\\/Pattaya-Floating-Market.png\",\"contentUrl\":\"https:\\\/\\\/floatingmarketpattaya.com\\\/wp-content\\\/uploads\\\/2024\\\/08\\\/Pattaya-Floating-Market.png\",\"width\":350,\"height\":100,\"caption\":\"Pattaya Floating Market\"},\"image\":{\"@id\":\"https:\\\/\\\/floatingmarketpattaya.com\\\/#\\\/schema\\\/logo\\\/image\\\/\"}}]}<\/script>\n<!-- \/ Yoast SEO plugin. -->","yoast_head_json":{"title":"\u0110\u1eb7t v\u00e9 v\u00e0o c\u1eeda + V\u00e1y Th\u00e1i + V\u00e9 \u0111i thuy\u1ec1n ch\u00e8o h\u00f4m nay","description":"Kh\u00e1m ph\u00e1 Ch\u1ee3 n\u1ed5i Pattaya v\u1edbi V\u00e9 v\u00e0o c\u1eeda, Tr\u1ea3i nghi\u1ec7m Trang ph\u1ee5c Th\u00e1i v\u00e0 Chuy\u1ebfn \u0111i thuy\u1ec1n m\u1ed9t chi\u1ec1u. \u0110\u1eb7t ngay \u0111\u1ec3 c\u00f3 m\u1ed9t Cu\u1ed9c phi\u00eau l\u01b0u v\u0103n h\u00f3a \u0111\u1ed9c \u0111\u00e1o!","robots":{"index":"index","follow":"follow","max-snippet":"max-snippet:-1","max-image-preview":"max-image-preview:large","max-video-preview":"max-video-preview:-1"},"canonical":"https:\/\/floatingmarketpattaya.com\/vi\/ve\/ve-vao-cho-noi-pattaya-trang-phuc-thai-lan-thuyen-cheo-mot-chieu\/","og_locale":"vi_VN","og_type":"article","og_title":"Book Entry + Thai Dress + Rowing Boat Ticket Today","og_description":"Discover Pattaya Floating Market With Entry, Thai Dress Experience, And A One-Way Rowing Boat Ride. Book Now For A Unique Cultural Adventure!","og_url":"https:\/\/floatingmarketpattaya.com\/vi\/ve\/ve-vao-cho-noi-pattaya-trang-phuc-thai-lan-thuyen-cheo-mot-chieu\/","og_site_name":"Pattaya Floating Market","article_modified_time":"2026-03-01T13:45:27+00:00","twitter_card":"summary_large_image","twitter_misc":{"\u01af\u1edbc t\u00ednh th\u1eddi gian \u0111\u1ecdc":"3 ph\u00fat"},"schema":{"@context":"https:\/\/schema.org","@graph":[{"@type":"WebPage","@id":"https:\/\/floatingmarketpattaya.com\/tickets\/pattaya-floating-market-entrance-ticket-thai-costume-dress-one-way-rowing-boat\/","url":"https:\/\/floatingmarketpattaya.com\/tickets\/pattaya-floating-market-entrance-ticket-thai-costume-dress-one-way-rowing-boat\/","name":"\u0110\u1eb7t v\u00e9 v\u00e0o c\u1eeda + V\u00e1y Th\u00e1i + V\u00e9 \u0111i thuy\u1ec1n ch\u00e8o h\u00f4m nay","isPartOf":{"@id":"https:\/\/floatingmarketpattaya.com\/#website"},"primaryImageOfPage":{"@id":"https:\/\/floatingmarketpattaya.com\/tickets\/pattaya-floating-market-entrance-ticket-thai-costume-dress-one-way-rowing-boat\/#primaryimage"},"image":{"@id":"https:\/\/floatingmarketpattaya.com\/tickets\/pattaya-floating-market-entrance-ticket-thai-costume-dress-one-way-rowing-boat\/#primaryimage"},"thumbnailUrl":"https:\/\/floatingmarketpattaya.com\/wp-content\/uploads\/2024\/10\/Floating-Market-Pattaya-Tickets.avif","datePublished":"2024-11-02T11:40:03+00:00","dateModified":"2026-03-01T13:45:27+00:00","description":"Kh\u00e1m ph\u00e1 Ch\u1ee3 n\u1ed5i Pattaya v\u1edbi V\u00e9 v\u00e0o c\u1eeda, Tr\u1ea3i nghi\u1ec7m Trang ph\u1ee5c Th\u00e1i v\u00e0 Chuy\u1ebfn \u0111i thuy\u1ec1n m\u1ed9t chi\u1ec1u. \u0110\u1eb7t ngay \u0111\u1ec3 c\u00f3 m\u1ed9t Cu\u1ed9c phi\u00eau l\u01b0u v\u0103n h\u00f3a \u0111\u1ed9c \u0111\u00e1o!","breadcrumb":{"@id":"https:\/\/floatingmarketpattaya.com\/tickets\/pattaya-floating-market-entrance-ticket-thai-costume-dress-one-way-rowing-boat\/#breadcrumb"},"inLanguage":"vi","potentialAction":[{"@type":"ReadAction","target":["https:\/\/floatingmarketpattaya.com\/tickets\/pattaya-floating-market-entrance-ticket-thai-costume-dress-one-way-rowing-boat\/"]}]},{"@type":"ImageObject","inLanguage":"vi","@id":"https:\/\/floatingmarketpattaya.com\/tickets\/pattaya-floating-market-entrance-ticket-thai-costume-dress-one-way-rowing-boat\/#primaryimage","url":"https:\/\/floatingmarketpattaya.com\/wp-content\/uploads\/2024\/10\/Floating-Market-Pattaya-Tickets.avif","contentUrl":"https:\/\/floatingmarketpattaya.com\/wp-content\/uploads\/2024\/10\/Floating-Market-Pattaya-Tickets.avif","width":1000,"height":667,"caption":"Floating Market Pattaya Tickets"},{"@type":"BreadcrumbList","@id":"https:\/\/floatingmarketpattaya.com\/tickets\/pattaya-floating-market-entrance-ticket-thai-costume-dress-one-way-rowing-boat\/#breadcrumb","itemListElement":[{"@type":"ListItem","position":1,"name":"Home","item":"https:\/\/floatingmarketpattaya.com\/"},{"@type":"ListItem","position":2,"name":"Tickets","item":"https:\/\/floatingmarketpattaya.com\/tickets\/"},{"@type":"ListItem","position":3,"name":"Pattaya Floating Market Entrance Ticket + Thai Costume Dress + One Way Rowing Boat"}]},{"@type":"WebSite","@id":"https:\/\/floatingmarketpattaya.com\/#website","url":"https:\/\/floatingmarketpattaya.com\/","name":"Ch\u1ee3 n\u1ed5i Pattaya","description":"","publisher":{"@id":"https:\/\/floatingmarketpattaya.com\/#organization"},"potentialAction":[{"@type":"SearchAction","target":{"@type":"EntryPoint","urlTemplate":"https:\/\/floatingmarketpattaya.com\/?s={search_term_string}"},"query-input":{"@type":"PropertyValueSpecification","valueRequired":true,"valueName":"search_term_string"}}],"inLanguage":"vi"},{"@type":"Organization","@id":"https:\/\/floatingmarketpattaya.com\/#organization","name":"Ch\u1ee3 n\u1ed5i Pattaya","url":"https:\/\/floatingmarketpattaya.com\/","logo":{"@type":"ImageObject","inLanguage":"vi","@id":"https:\/\/floatingmarketpattaya.com\/#\/schema\/logo\/image\/","url":"https:\/\/floatingmarketpattaya.com\/wp-content\/uploads\/2024\/08\/Pattaya-Floating-Market.png","contentUrl":"https:\/\/floatingmarketpattaya.com\/wp-content\/uploads\/2024\/08\/Pattaya-Floating-Market.png","width":350,"height":100,"caption":"Pattaya Floating Market"},"image":{"@id":"https:\/\/floatingmarketpattaya.com\/#\/schema\/logo\/image\/"}}]}},"jetpack_sharing_enabled":true,"_links":{"self":[{"href":"https:\/\/floatingmarketpattaya.com\/vi\/wp-json\/wp\/v2\/product\/3064","targetHints":{"allow":["GET"]}}],"collection":[{"href":"https:\/\/floatingmarketpattaya.com\/vi\/wp-json\/wp\/v2\/product"}],"about":[{"href":"https:\/\/floatingmarketpattaya.com\/vi\/wp-json\/wp\/v2\/types\/product"}],"replies":[{"embeddable":true,"href":"https:\/\/floatingmarketpattaya.com\/vi\/wp-json\/wp\/v2\/comments?post=3064"}],"wp:featuredmedia":[{"embeddable":true,"href":"https:\/\/floatingmarketpattaya.com\/vi\/wp-json\/wp\/v2\/media\/3054"}],"wp:attachment":[{"href":"https:\/\/floatingmarketpattaya.com\/vi\/wp-json\/wp\/v2\/media?parent=3064"}],"wp:term":[{"taxonomy":"product_brand","embeddable":true,"href":"https:\/\/floatingmarketpattaya.com\/vi\/wp-json\/wp\/v2\/product_brand?post=3064"},{"taxonomy":"product_cat","embeddable":true,"href":"https:\/\/floatingmarketpattaya.com\/vi\/wp-json\/wp\/v2\/product_cat?post=3064"},{"taxonomy":"product_tag","embeddable":true,"href":"https:\/\/floatingmarketpattaya.com\/vi\/wp-json\/wp\/v2\/product_tag?post=3064"}],"curies":[{"name":"wp","href":"https:\/\/api.w.org\/{rel}","templated":true}]}}