{"id":3061,"date":"2024-11-01T04:30:12","date_gmt":"2024-10-31T23:00:12","guid":{"rendered":"https:\/\/floatingmarketpattaya.com\/?post_type=product&#038;p=3061"},"modified":"2025-09-26T16:09:50","modified_gmt":"2025-09-26T10:39:50","slug":"ve-vao-cho-noi-pattaya-mot-chieu-di-thuyen-cheo","status":"publish","type":"product","link":"https:\/\/floatingmarketpattaya.com\/vi\/ve\/ve-vao-cho-noi-pattaya-mot-chieu-di-thuyen-cheo\/","title":{"rendered":"V\u00e9 v\u00e0o c\u1eeda Ch\u1ee3 n\u1ed5i Pattaya + Thuy\u1ec1n ch\u00e8o m\u1ed9t chi\u1ec1u"},"content":{"rendered":"<h2>V\u1ec1 V\u00e9 v\u00e0o Ch\u1ee3 n\u1ed5i Pattaya + Thuy\u1ec1n ch\u00e8o m\u1ed9t chi\u1ec1u<\/h2>\n<p>Kh\u00e1m ph\u00e1 Ch\u1ee3 n\u1ed5i Pattaya s\u00f4i \u0111\u1ed9ng, m\u1ed9t tr\u1ea3i nghi\u1ec7m \u0111\u1ed9c \u0111\u00e1o n\u01a1i truy\u1ec1n th\u1ed1ng g\u1eb7p g\u1ee1 phi\u00eau l\u01b0u. V\u00e9 n\u00e0y bao g\u1ed3m v\u00e9 v\u00e0o ch\u1ee3 v\u00e0 chuy\u1ebfn \u0111i thuy\u1ec1n ch\u00e8o m\u1ed9t chi\u1ec1u k\u00e9o d\u00e0i 20 ph\u00fat, mang \u0111\u1ebfn g\u00f3c nh\u00ecn c\u1eadn c\u1ea3nh v\u1ec1 cu\u1ed9c s\u1ed1ng truy\u1ec1n th\u1ed1ng c\u1ee7a ng\u01b0\u1eddi Th\u00e1i d\u1ecdc theo m\u1eb7t n\u01b0\u1edbc. T\u1eeb \u0111\u1ed3 th\u1ee7 c\u00f4ng m\u1ef9 ngh\u1ec7 c\u1ee7a Th\u00e1i Lan \u0111\u1ebfn c\u00e1c m\u00f3n ngon \u0111\u1ecba ph\u01b0\u01a1ng, khu ch\u1ee3 n\u1eafm b\u1eaft \u0111\u01b0\u1ee3c b\u1ea3n ch\u1ea5t c\u1ee7a Th\u00e1i Lan trong m\u1ed9t b\u1ed1i c\u1ea3nh s\u1ed1ng \u0111\u1ed9ng, ch\u00e2n th\u1ef1c.<\/p>\n<h3>Th\u1eddi gian<\/h3>\n<ul>\n<li><strong>Gi\u1edd m\u1edf c\u1eeda c\u1ee7a ch\u1ee3<\/strong>: 9:00 s\u00e1ng \u0111\u1ebfn 6:00 chi\u1ec1u h\u00e0ng ng\u00e0y<\/li>\n<li><strong>Gi\u1edd ch\u00e8o thuy\u1ec1n<\/strong>: C\u00f3 s\u1eb5n trong su\u1ed1t gi\u1edd m\u1edf c\u1eeda c\u1ee7a th\u1ecb tr\u01b0\u1eddng<\/li>\n<\/ul>\n<h3>\u0110i\u1ec3m n\u1ed5i b\u1eadt<\/h3>\n<ul>\n<li><strong>Tr\u1ea3i nghi\u1ec7m ch\u1ee3 Th\u00e1i \u0111\u00edch th\u1ef1c<\/strong>: Kh\u00e1m ph\u00e1 ngh\u1ec1 th\u1ee7 c\u00f4ng, \u1ea9m th\u1ef1c v\u00e0 v\u0103n h\u00f3a \u0111\u1ecba ph\u01b0\u01a1ng.<\/li>\n<li><strong>\u0110i thuy\u1ec1n ch\u00e8o m\u1ed9t chi\u1ec1u<\/strong>:T\u1eadn h\u01b0\u1edfng chuy\u1ebfn \u0111i thuy\u1ec1n ng\u1eafm c\u1ea3nh k\u00e9o d\u00e0i 20 ph\u00fat, kh\u00e1m ph\u00e1 b\u1ea3n ch\u1ea5t c\u1ee7a c\u00e1c ch\u1ee3 n\u1ed5i \u1edf Th\u00e1i Lan.<\/li>\n<li><strong>Tri\u1ec3n l\u00e3m v\u0103n h\u00f3a t\u01b0\u01a1ng t\u00e1c<\/strong>: Giao l\u01b0u v\u1edbi c\u00e1c ngh\u1ec7 nh\u00e2n v\u00e0 kh\u00e1m ph\u00e1 c\u00e1c m\u00e0n tr\u00ecnh di\u1ec5n v\u0103n h\u00f3a.<\/li>\n<li><strong>M\u00f4i tr\u01b0\u1eddng th\u00e2n thi\u1ec7n v\u1edbi gia \u0111\u00ecnh<\/strong>: Ho\u1ea1t \u0111\u1ed9ng v\u00e0 \u1ea9m th\u1ef1c d\u00e0nh cho m\u1ecdi l\u1ee9a tu\u1ed5i.<\/li>\n<li><strong>C\u01a1 h\u1ed9i ch\u1ee5p \u1ea3nh<\/strong>: Ph\u00f4ng n\u1ec1n mang t\u00ednh bi\u1ec3u t\u01b0\u1ee3ng ho\u00e0n h\u1ea3o cho nh\u1eefng b\u1ee9c \u1ea3nh \u0111\u00e1ng nh\u1edb.<\/li>\n<\/ul>\n<h3>Nh\u1eefng g\u00ec bao g\u1ed3m<\/h3>\n<ul>\n<li>V\u00e9 v\u00e0o Ch\u1ee3 n\u1ed5i Pattaya<\/li>\n<li>\u0110i thuy\u1ec1n ch\u00e8o m\u1ed9t chi\u1ec1u 20 ph\u00fat<\/li>\n<\/ul>\n<h3>Bao g\u1ed3m<\/h3>\n<ul>\n<li>V\u00e9 v\u00e0o ch\u1ee3<\/li>\n<li>\u0110i thuy\u1ec1n ch\u00e8o m\u1ed9t chi\u1ec1u trong 20 ph\u00fat<\/li>\n<\/ul>\n<h3>Lo\u1ea1i tr\u1eeb<\/h3>\n<ul>\n<li>D\u1ecbch v\u1ee5 \u0111\u01b0a \u0111\u00f3n kh\u1ee9 h\u1ed3i (c\u00f3 theo y\u00eau c\u1ea7u)<\/li>\n<li>\u0110\u1ed3 \u0103n, \u0111\u1ed3 u\u1ed1ng v\u00e0 \u0111\u1ed3 l\u01b0u ni\u1ec7m b\u00ean trong ch\u1ee3<\/li>\n<\/ul>\n<h3>Ch\u00ednh s\u00e1ch tr\u1ebb em<\/h3>\n<ul>\n<li><strong>Tr\u1ebb em d\u01b0\u1edbi 90 cm<\/strong>: V\u00e0o c\u1eeda mi\u1ec5n ph\u00ed m\u00e0 kh\u00f4ng c\u1ea7n ch\u1ed7 ng\u1ed3i ri\u00eang.<\/li>\n<li><strong>Tr\u1ebb em 90-120 cm<\/strong>: C\u1ea7n ph\u1ea3i c\u00f3 v\u00e9 tr\u1ebb em.<\/li>\n<\/ul>\n<h3>Ch\u00ednh s\u00e1ch ho\u00e0n ti\u1ec1n v\u00e0 h\u1ee7y b\u1ecf<\/h3>\n<ul>\n<li><strong>Kh\u00f4ng ho\u00e0n l\u1ea1i ti\u1ec1n ho\u1eb7c h\u1ee7y b\u1ecf<\/strong>: M\u1ecdi \u0111\u1eb7t ch\u1ed7 \u0111\u1ec1u l\u00e0 cu\u1ed1i c\u00f9ng.<\/li>\n<\/ul>\n<h3>C\u00f2n g\u00ec n\u1eefa?<\/h3>\n<p>Ch\u1ee3 n\u1ed5i Pattaya l\u00e0 c\u00e1ch tuy\u1ec7t v\u1eddi \u0111\u1ec3 tr\u1ea3i nghi\u1ec7m n\u1ec1n v\u0103n h\u00f3a s\u00f4i \u0111\u1ed9ng c\u1ee7a Th\u00e1i Lan. Th\u01b0\u1edfng th\u1ee9c c\u00e1c bu\u1ed5i bi\u1ec3u di\u1ec5n \u0111\u01b0\u1eddng ph\u1ed1, n\u1ebfm th\u1eed c\u00e1c m\u00f3n \u0103n ch\u00ednh th\u1ed1ng v\u00e0 mang v\u1ec1 nh\u00e0 nh\u1eefng m\u00f3n qu\u00e0 l\u01b0u ni\u1ec7m th\u1ee7 c\u00f4ng.<\/p>\n<h3>M\u1eb9o n\u1ed9i b\u1ed9<\/h3>\n<ul>\n<li>\u0110\u1ebfn s\u1edbm \u0111\u1ec3 b\u1edbt \u0111\u00f4ng ng\u01b0\u1eddi v\u00e0 th\u1eddi ti\u1ebft m\u00e1t m\u1ebb h\u01a1n.<\/li>\n<li>Mang gi\u00e0y tho\u1ea3i m\u00e1i \u0111\u1ec3 kh\u00e1m ph\u00e1 ch\u1ee3.<\/li>\n<li>Mang theo ti\u1ec1n m\u1eb7t \u0111\u1ec3 giao d\u1ecbch d\u1ec5 d\u00e0ng h\u01a1n t\u1ea1i c\u00e1c qu\u1ea7y h\u00e0ng.<\/li>\n<\/ul>\n<h3>N\u00ean v\u00e0 kh\u00f4ng n\u00ean l\u00e0m<\/h3>\n<ul>\n<li><strong>L\u00c0M<\/strong>: T\u00f4n tr\u1ecdng phong t\u1ee5c \u0111\u1ecba ph\u01b0\u01a1ng v\u00e0 xin ph\u00e9p tr\u01b0\u1edbc khi ch\u1ee5p \u1ea3nh ngh\u1ec7 nh\u00e2n.<\/li>\n<li><strong>\u0110\u1eebng<\/strong>: Mang theo t\u00fai l\u1edbn v\u00ec ch\u1ee3 c\u00f3 th\u1ec3 r\u1ea5t \u0111\u00f4ng \u0111\u00fac.<\/li>\n<\/ul>\n<h3>Bi\u1ebft tr\u01b0\u1edbc khi b\u1ea1n \u0111i<\/h3>\n<ul>\n<li><strong>\u0110\u1eb7t ch\u1ed7 tr\u01b0\u1edbc<\/strong>: \u0110\u1eb7t tr\u01b0\u1edbc \u00edt nh\u1ea5t 1 ng\u00e0y.<\/li>\n<li><strong>\u0110\u1eb7t ph\u00f2ng trong ng\u00e0y<\/strong>: C\u1ea7n ph\u1ea3i \u0111\u1eb7t xe taxi kh\u1ee9 h\u1ed3i th\u00f4ng qua ch\u00fang t\u00f4i.<\/li>\n<li><strong>Th\u1eddi ti\u1ebft<\/strong>: Ch\u1ee7 y\u1ebfu \u1edf ngo\u00e0i tr\u1eddi; mang theo kem ch\u1ed1ng n\u1eafng v\u00e0 n\u01b0\u1edbc.<\/li>\n<\/ul>\n<h3>\u0110\u1ecba ch\u1ec9<\/h3>\n<ul>\n<li><strong>V\u1ecb tr\u00ed<\/strong>: 451 304 \u0e2b\u0e21\u0e39\u0e48\u0e17\u0e35\u0e48 12 Sukhumvit Rd, Muang Pattaya, Qu\u1eadn Bang Lamung, Chon Buri 20150, Th\u00e1i Lan<\/li>\n<\/ul>\n<h3>B\u1ea3n \u0111\u1ed3 &amp; V\u1ecb tr\u00ed<\/h3>\n<ul>\n<li><strong>B\u1ea3n \u0111\u1ed3 Google<\/strong>: <span style=\"color: #ff6600;\"><a style=\"color: #ff6600;\" href=\"https:\/\/maps.app.goo.gl\/X3XYpar7f1vCGoUX6\" target=\"_new\" rel=\"noopener\">V\u1ecb tr\u00ed Ch\u1ee3 n\u1ed5i Pattaya<\/a><\/span><\/li>\n<\/ul>\n<h3>C\u00e1ch \u0111\u1ebfn Ch\u1ee3 n\u1ed5i Pattaya<\/h3>\n<ul>\n<li><strong>Giao th\u00f4ng c\u00f4ng c\u1ed9ng<\/strong>: C\u00f3 th\u1ec3 \u0111\u1ebfn \u0111\u00e2y b\u1eb1ng xe bu\u00fdt \u0111\u1ecba ph\u01b0\u01a1ng v\u00e0 xe tuk-tuk t\u1eeb Th\u00e0nh ph\u1ed1 Pattaya.<\/li>\n<li><strong>V\u1eadn chuy\u1ec3n ri\u00eang<\/strong>: C\u00f3 th\u1ec3 s\u1eed d\u1ee5ng taxi v\u00e0 Grab t\u1ea1i c\u00e1c kh\u00e1ch s\u1ea1n l\u1edbn.<\/li>\n<li><strong>B\u00e3i \u0111\u1eadu xe<\/strong>: C\u00f3 ch\u1ed7 \u0111\u1eadu xe mi\u1ec5n ph\u00ed t\u1ea1i ch\u1ed7.<\/li>\n<\/ul>\n<h3>Nh\u1eefng c\u00e2u h\u1ecfi th\u01b0\u1eddng g\u1eb7p (FAQ)<\/h3>\n<p><strong>Q: T\u00f4i c\u00f3 th\u1ec3 mua v\u00e9 \u1edf ch\u1ee3 kh\u00f4ng?<\/strong><br \/>\nA: C\u00f3, nh\u01b0ng vi\u1ec7c \u0111\u1eb7t ch\u1ed7 tr\u1ef1c tuy\u1ebfn s\u1ebd \u0111\u1ea3m b\u1ea3o b\u1ea1n \u0111\u01b0\u1ee3c v\u00e0o c\u1eeda v\u00e0 tr\u00e1nh ph\u1ea3i x\u1ebfp h\u00e0ng d\u00e0i.<\/p>\n<p><strong>H: \u0110i thuy\u1ec1n c\u00f3 an to\u00e0n cho tr\u1ebb nh\u1ecf kh\u00f4ng?<\/strong><br \/>\nA: C\u00f3, tr\u00f2 ch\u01a1i \u0111i thuy\u1ec1n r\u1ea5t an to\u00e0n v\u00e0 ph\u00f9 h\u1ee3p v\u1edbi tr\u1ebb em n\u1ebfu c\u00f3 s\u1ef1 gi\u00e1m s\u00e1t c\u1ee7a ng\u01b0\u1eddi l\u1edbn.<\/p>\n<p><strong>H: C\u00f3 c\u00e1c l\u1ef1a ch\u1ecdn \u0111\u1ed3 \u0103n chay kh\u00f4ng?<\/strong><br \/>\nA: C\u00f3, ch\u1ee3 c\u00f3 b\u00e1n nhi\u1ec1u lo\u1ea1i \u0111\u1ed3 \u0103n nh\u1eb9 v\u00e0 b\u1eefa \u0103n chay.<\/p>\n<p><strong>H: T\u00f4i c\u00f3 c\u1ea7n ph\u1ea3i \u0111\u1eb7t ch\u1ed7 tr\u01b0\u1edbc kh\u00f4ng?<\/strong><br \/>\nA: N\u00ean \u0111\u1eb7t tr\u01b0\u1edbc. \u0110\u1eb7t trong ng\u00e0y y\u00eau c\u1ea7u ph\u1ea3i c\u00f3 taxi kh\u1ee9 h\u1ed3i th\u00f4ng qua ch\u00fang t\u00f4i.<\/p>\n<p><strong>H: Trong ch\u1ee3 c\u00f3 khu v\u1ef1c r\u00e2m m\u00e1t ho\u1eb7c ch\u1ed7 ng\u1ed3i kh\u00f4ng?<\/strong><br \/>\nA: C\u00f3, c\u00f3 nh\u1eefng khu v\u1ef1c r\u00e2m m\u00e1t v\u00e0 ch\u1ed7 ng\u1ed3i \u0111\u1ec3 ngh\u1ec9 ng\u01a1i v\u00e0 th\u01b0\u1edfng th\u1ee9c \u0111\u1ed3 \u0103n.<\/p>\n<p><strong>H: C\u00f3 \u0111\u01b0\u1ee3c ph\u00e9p mang theo v\u1eadt nu\u00f4i v\u00e0o Ch\u1ee3 n\u1ed5i Pattaya kh\u00f4ng?<\/strong><br \/>\nA: Kh\u00f4ng, v\u1eadt nu\u00f4i kh\u00f4ng \u0111\u01b0\u1ee3c ph\u00e9p v\u00e0o khu v\u1ef1c ch\u1ee3.<\/p>\n<p>T\u1eadn h\u01b0\u1edfng tr\u1ea3i nghi\u1ec7m kh\u00f3 qu\u00ean t\u1ea1i <a href=\"https:\/\/floatingmarketpattaya.com\/vi\">Ch\u1ee3 n\u1ed5i Pattaya<\/a> V\u1edbi combo v\u00e9 v\u00e0o c\u1eeda v\u00e0 ch\u00e8o thuy\u1ec1n, b\u1ea1n s\u1ebd \u0111\u01b0\u1ee3c \u0111\u1eafm m\u00ecnh v\u00e0o nh\u1eefng k\u1ef3 quan v\u0103n h\u00f3a c\u1ee7a Th\u00e1i Lan.<\/p>","protected":false},"excerpt":{"rendered":"<table class=\"short-description\">\n<tbody class=\"tabel364\">\n<tr class=\"short-description-tr32r\">\n<th class=\"short-description-th\"><span class=\"description-h23\"><strong class=\"description-strong67\">Ph\u1ea3i \u0111\u1eb7t ch\u1ed7 tr\u01b0\u1edbc 1 ng\u00e0y ho\u1eb7c ph\u1ea3i \u0111\u1eb7t taxi v\u1edbi ch\u00fang t\u00f4i \u0111\u1ec3 \u0111\u1eb7t ch\u1ed7 trong ng\u00e0y.<\/strong><\/span><\/th>\n<\/tr>\n<\/tbody>\n<\/table>","protected":false},"featured_media":3053,"comment_status":"open","ping_status":"closed","template":"","meta":{"ocean_post_layout":"","ocean_both_sidebars_style":"","ocean_both_sidebars_content_width":0,"ocean_both_sidebars_sidebars_width":0,"ocean_sidebar":"0","ocean_second_sidebar":"0","ocean_disable_margins":"enable","ocean_add_body_class":"","ocean_shortcode_before_top_bar":"","ocean_shortcode_after_top_bar":"","ocean_shortcode_before_header":"","ocean_shortcode_after_header":"","ocean_has_shortcode":"","ocean_shortcode_after_title":"","ocean_shortcode_before_footer_widgets":"","ocean_shortcode_after_footer_widgets":"","ocean_shortcode_before_footer_bottom":"","ocean_shortcode_after_footer_bottom":"","ocean_display_top_bar":"default","ocean_display_header":"default","ocean_header_style":"","ocean_center_header_left_menu":"0","ocean_custom_header_template":"0","ocean_custom_logo":0,"ocean_custom_retina_logo":0,"ocean_custom_logo_max_width":0,"ocean_custom_logo_tablet_max_width":0,"ocean_custom_logo_mobile_max_width":0,"ocean_custom_logo_max_height":0,"ocean_custom_logo_tablet_max_height":0,"ocean_custom_logo_mobile_max_height":0,"ocean_header_custom_menu":"0","ocean_menu_typo_font_family":"0","ocean_menu_typo_font_subset":"","ocean_menu_typo_font_size":0,"ocean_menu_typo_font_size_tablet":0,"ocean_menu_typo_font_size_mobile":0,"ocean_menu_typo_font_size_unit":"px","ocean_menu_typo_font_weight":"","ocean_menu_typo_font_weight_tablet":"","ocean_menu_typo_font_weight_mobile":"","ocean_menu_typo_transform":"","ocean_menu_typo_transform_tablet":"","ocean_menu_typo_transform_mobile":"","ocean_menu_typo_line_height":0,"ocean_menu_typo_line_height_tablet":0,"ocean_menu_typo_line_height_mobile":0,"ocean_menu_typo_line_height_unit":"","ocean_menu_typo_spacing":0,"ocean_menu_typo_spacing_tablet":0,"ocean_menu_typo_spacing_mobile":0,"ocean_menu_typo_spacing_unit":"","ocean_menu_link_color":"","ocean_menu_link_color_hover":"","ocean_menu_link_color_active":"","ocean_menu_link_background":"","ocean_menu_link_hover_background":"","ocean_menu_link_active_background":"","ocean_menu_social_links_bg":"","ocean_menu_social_hover_links_bg":"","ocean_menu_social_links_color":"","ocean_menu_social_hover_links_color":"","ocean_disable_title":"default","ocean_disable_heading":"default","ocean_post_title":"","ocean_post_subheading":"","ocean_post_title_style":"","ocean_post_title_background_color":"","ocean_post_title_background":0,"ocean_post_title_bg_image_position":"","ocean_post_title_bg_image_attachment":"","ocean_post_title_bg_image_repeat":"","ocean_post_title_bg_image_size":"","ocean_post_title_height":0,"ocean_post_title_bg_overlay":0.5,"ocean_post_title_bg_overlay_color":"","ocean_disable_breadcrumbs":"default","ocean_breadcrumbs_color":"","ocean_breadcrumbs_separator_color":"","ocean_breadcrumbs_links_color":"","ocean_breadcrumbs_links_hover_color":"","ocean_display_footer_widgets":"default","ocean_display_footer_bottom":"default","ocean_custom_footer_template":"0"},"product_brand":[],"product_cat":[20],"product_tag":[398,400,389,393,388,396,391,379,395,373,399,390,374,397,392,394],"class_list":{"0":"post-3061","1":"product","2":"type-product","3":"status-publish","4":"has-post-thumbnail","6":"product_cat-tickets","7":"product_tag-family-activities-pattaya","8":"product_tag-floating-market-admission","9":"product_tag-floating-market-entry","10":"product_tag-floating-market-tours-pattaya","11":"product_tag-pattaya","12":"product_tag-pattaya-boat-ride","13":"product_tag-pattaya-cultural-experience","14":"product_tag-pattaya-floating-market-deals","15":"product_tag-pattaya-floating-market-online-booking","16":"product_tag-pattaya-floating-market-tickets","17":"product_tag-pattaya-market-attraction","18":"product_tag-pattaya-market-boat-ride","19":"product_tag-pattaya-market-entry","20":"product_tag-rowing-boat-pattaya","21":"product_tag-thai-market-tickets","22":"product_tag-thai-market-tickets-booking","24":"entry","25":"has-media","26":"tm-has-options","28":"first","29":"instock","30":"virtual","31":"taxable","32":"purchasable","33":"product-type-simple","34":"has-product-nav","35":"col","36":"span_1_of_3","37":"owp-content-center","38":"owp-thumbs-layout-horizontal","39":"owp-btn-normal","40":"owp-tabs-layout-horizontal"},"yoast_head":"<!-- This site is optimized with the Yoast SEO plugin v27.3 - https:\/\/yoast.com\/product\/yoast-seo-wordpress\/ -->\n<title>Book Your Pattaya Floating Market Entry With Boat Ride Today<\/title>\n<meta name=\"description\" content=\"Discover Pattaya Floating Market! Secure Your Entry + One-Way Rowing Boat Ride. Enjoy Thai Culture, Shopping And Scenic Views. Book Now!\" \/>\n<meta name=\"robots\" content=\"index, follow, max-snippet:-1, max-image-preview:large, max-video-preview:-1\" \/>\n<link rel=\"canonical\" href=\"https:\/\/floatingmarketpattaya.com\/vi\/ve\/ve-vao-cho-noi-pattaya-mot-chieu-di-thuyen-cheo\/\" \/>\n<meta property=\"og:locale\" content=\"vi_VN\" \/>\n<meta property=\"og:type\" content=\"article\" \/>\n<meta property=\"og:title\" content=\"Book Your Pattaya Floating Market Entry With Boat Ride Today\" \/>\n<meta property=\"og:description\" content=\"Discover Pattaya Floating Market! Secure Your Entry + One-Way Rowing Boat Ride. Enjoy Thai Culture, Shopping And Scenic Views. Book Now!\" \/>\n<meta property=\"og:url\" content=\"https:\/\/floatingmarketpattaya.com\/vi\/ve\/ve-vao-cho-noi-pattaya-mot-chieu-di-thuyen-cheo\/\" \/>\n<meta property=\"og:site_name\" content=\"Pattaya Floating Market\" \/>\n<meta property=\"article:modified_time\" content=\"2025-09-26T10:39:50+00:00\" \/>\n<meta name=\"twitter:card\" content=\"summary_large_image\" \/>\n<meta name=\"twitter:label1\" content=\"\u01af\u1edbc t\u00ednh th\u1eddi gian \u0111\u1ecdc\" \/>\n\t<meta name=\"twitter:data1\" content=\"3 ph\u00fat\" \/>\n<script type=\"application\/ld+json\" class=\"yoast-schema-graph\">{\"@context\":\"https:\\\/\\\/schema.org\",\"@graph\":[{\"@type\":\"WebPage\",\"@id\":\"https:\\\/\\\/floatingmarketpattaya.com\\\/tickets\\\/pattaya-floating-market-entrance-ticket-one-way-rowing-boat\\\/\",\"url\":\"https:\\\/\\\/floatingmarketpattaya.com\\\/tickets\\\/pattaya-floating-market-entrance-ticket-one-way-rowing-boat\\\/\",\"name\":\"Book Your Pattaya Floating Market Entry With Boat Ride Today\",\"isPartOf\":{\"@id\":\"https:\\\/\\\/floatingmarketpattaya.com\\\/#website\"},\"primaryImageOfPage\":{\"@id\":\"https:\\\/\\\/floatingmarketpattaya.com\\\/tickets\\\/pattaya-floating-market-entrance-ticket-one-way-rowing-boat\\\/#primaryimage\"},\"image\":{\"@id\":\"https:\\\/\\\/floatingmarketpattaya.com\\\/tickets\\\/pattaya-floating-market-entrance-ticket-one-way-rowing-boat\\\/#primaryimage\"},\"thumbnailUrl\":\"https:\\\/\\\/floatingmarketpattaya.com\\\/wp-content\\\/uploads\\\/2024\\\/10\\\/Floating-Market-Pattaya-Ticket.avif\",\"datePublished\":\"2024-10-31T23:00:12+00:00\",\"dateModified\":\"2025-09-26T10:39:50+00:00\",\"description\":\"Discover Pattaya Floating Market! Secure Your Entry + One-Way Rowing Boat Ride. Enjoy Thai Culture, Shopping And Scenic Views. Book Now!\",\"breadcrumb\":{\"@id\":\"https:\\\/\\\/floatingmarketpattaya.com\\\/tickets\\\/pattaya-floating-market-entrance-ticket-one-way-rowing-boat\\\/#breadcrumb\"},\"inLanguage\":\"vi\",\"potentialAction\":[{\"@type\":\"ReadAction\",\"target\":[\"https:\\\/\\\/floatingmarketpattaya.com\\\/tickets\\\/pattaya-floating-market-entrance-ticket-one-way-rowing-boat\\\/\"]}]},{\"@type\":\"ImageObject\",\"inLanguage\":\"vi\",\"@id\":\"https:\\\/\\\/floatingmarketpattaya.com\\\/tickets\\\/pattaya-floating-market-entrance-ticket-one-way-rowing-boat\\\/#primaryimage\",\"url\":\"https:\\\/\\\/floatingmarketpattaya.com\\\/wp-content\\\/uploads\\\/2024\\\/10\\\/Floating-Market-Pattaya-Ticket.avif\",\"contentUrl\":\"https:\\\/\\\/floatingmarketpattaya.com\\\/wp-content\\\/uploads\\\/2024\\\/10\\\/Floating-Market-Pattaya-Ticket.avif\",\"width\":1200,\"height\":790,\"caption\":\"Floating Market Pattaya Ticket\"},{\"@type\":\"BreadcrumbList\",\"@id\":\"https:\\\/\\\/floatingmarketpattaya.com\\\/tickets\\\/pattaya-floating-market-entrance-ticket-one-way-rowing-boat\\\/#breadcrumb\",\"itemListElement\":[{\"@type\":\"ListItem\",\"position\":1,\"name\":\"Home\",\"item\":\"https:\\\/\\\/floatingmarketpattaya.com\\\/\"},{\"@type\":\"ListItem\",\"position\":2,\"name\":\"Tickets\",\"item\":\"https:\\\/\\\/floatingmarketpattaya.com\\\/tickets\\\/\"},{\"@type\":\"ListItem\",\"position\":3,\"name\":\"Pattaya Floating Market Entrance Ticket + One Way Rowing Boat\"}]},{\"@type\":\"WebSite\",\"@id\":\"https:\\\/\\\/floatingmarketpattaya.com\\\/#website\",\"url\":\"https:\\\/\\\/floatingmarketpattaya.com\\\/\",\"name\":\"Pattaya Floating Market\",\"description\":\"\",\"publisher\":{\"@id\":\"https:\\\/\\\/floatingmarketpattaya.com\\\/#organization\"},\"potentialAction\":[{\"@type\":\"SearchAction\",\"target\":{\"@type\":\"EntryPoint\",\"urlTemplate\":\"https:\\\/\\\/floatingmarketpattaya.com\\\/?s={search_term_string}\"},\"query-input\":{\"@type\":\"PropertyValueSpecification\",\"valueRequired\":true,\"valueName\":\"search_term_string\"}}],\"inLanguage\":\"vi\"},{\"@type\":\"Organization\",\"@id\":\"https:\\\/\\\/floatingmarketpattaya.com\\\/#organization\",\"name\":\"Pattaya Floating Market\",\"url\":\"https:\\\/\\\/floatingmarketpattaya.com\\\/\",\"logo\":{\"@type\":\"ImageObject\",\"inLanguage\":\"vi\",\"@id\":\"https:\\\/\\\/floatingmarketpattaya.com\\\/#\\\/schema\\\/logo\\\/image\\\/\",\"url\":\"https:\\\/\\\/floatingmarketpattaya.com\\\/wp-content\\\/uploads\\\/2024\\\/08\\\/Pattaya-Floating-Market.png\",\"contentUrl\":\"https:\\\/\\\/floatingmarketpattaya.com\\\/wp-content\\\/uploads\\\/2024\\\/08\\\/Pattaya-Floating-Market.png\",\"width\":350,\"height\":100,\"caption\":\"Pattaya Floating Market\"},\"image\":{\"@id\":\"https:\\\/\\\/floatingmarketpattaya.com\\\/#\\\/schema\\\/logo\\\/image\\\/\"}}]}<\/script>\n<!-- \/ Yoast SEO plugin. -->","yoast_head_json":{"title":"\u0110\u1eb7t v\u00e9 v\u00e0o Ch\u1ee3 n\u1ed5i Pattaya c\u00f9ng chuy\u1ebfn \u0111i thuy\u1ec1n ngay h\u00f4m nay","description":"Kh\u00e1m ph\u00e1 Ch\u1ee3 n\u1ed5i Pattaya! \u0110\u1ea3m b\u1ea3o v\u00e9 v\u00e0o c\u1eeda + \u0110i thuy\u1ec1n m\u1ed9t chi\u1ec1u. Th\u01b0\u1edfng th\u1ee9c v\u0103n h\u00f3a Th\u00e1i Lan, mua s\u1eafm v\u00e0 ng\u1eafm c\u1ea3nh. \u0110\u1eb7t ngay!","robots":{"index":"index","follow":"follow","max-snippet":"max-snippet:-1","max-image-preview":"max-image-preview:large","max-video-preview":"max-video-preview:-1"},"canonical":"https:\/\/floatingmarketpattaya.com\/vi\/ve\/ve-vao-cho-noi-pattaya-mot-chieu-di-thuyen-cheo\/","og_locale":"vi_VN","og_type":"article","og_title":"Book Your Pattaya Floating Market Entry With Boat Ride Today","og_description":"Discover Pattaya Floating Market! Secure Your Entry + One-Way Rowing Boat Ride. Enjoy Thai Culture, Shopping And Scenic Views. Book Now!","og_url":"https:\/\/floatingmarketpattaya.com\/vi\/ve\/ve-vao-cho-noi-pattaya-mot-chieu-di-thuyen-cheo\/","og_site_name":"Pattaya Floating Market","article_modified_time":"2025-09-26T10:39:50+00:00","twitter_card":"summary_large_image","twitter_misc":{"\u01af\u1edbc t\u00ednh th\u1eddi gian \u0111\u1ecdc":"3 ph\u00fat"},"schema":{"@context":"https:\/\/schema.org","@graph":[{"@type":"WebPage","@id":"https:\/\/floatingmarketpattaya.com\/tickets\/pattaya-floating-market-entrance-ticket-one-way-rowing-boat\/","url":"https:\/\/floatingmarketpattaya.com\/tickets\/pattaya-floating-market-entrance-ticket-one-way-rowing-boat\/","name":"\u0110\u1eb7t v\u00e9 v\u00e0o Ch\u1ee3 n\u1ed5i Pattaya c\u00f9ng chuy\u1ebfn \u0111i thuy\u1ec1n ngay h\u00f4m nay","isPartOf":{"@id":"https:\/\/floatingmarketpattaya.com\/#website"},"primaryImageOfPage":{"@id":"https:\/\/floatingmarketpattaya.com\/tickets\/pattaya-floating-market-entrance-ticket-one-way-rowing-boat\/#primaryimage"},"image":{"@id":"https:\/\/floatingmarketpattaya.com\/tickets\/pattaya-floating-market-entrance-ticket-one-way-rowing-boat\/#primaryimage"},"thumbnailUrl":"https:\/\/floatingmarketpattaya.com\/wp-content\/uploads\/2024\/10\/Floating-Market-Pattaya-Ticket.avif","datePublished":"2024-10-31T23:00:12+00:00","dateModified":"2025-09-26T10:39:50+00:00","description":"Kh\u00e1m ph\u00e1 Ch\u1ee3 n\u1ed5i Pattaya! \u0110\u1ea3m b\u1ea3o v\u00e9 v\u00e0o c\u1eeda + \u0110i thuy\u1ec1n m\u1ed9t chi\u1ec1u. Th\u01b0\u1edfng th\u1ee9c v\u0103n h\u00f3a Th\u00e1i Lan, mua s\u1eafm v\u00e0 ng\u1eafm c\u1ea3nh. \u0110\u1eb7t ngay!","breadcrumb":{"@id":"https:\/\/floatingmarketpattaya.com\/tickets\/pattaya-floating-market-entrance-ticket-one-way-rowing-boat\/#breadcrumb"},"inLanguage":"vi","potentialAction":[{"@type":"ReadAction","target":["https:\/\/floatingmarketpattaya.com\/tickets\/pattaya-floating-market-entrance-ticket-one-way-rowing-boat\/"]}]},{"@type":"ImageObject","inLanguage":"vi","@id":"https:\/\/floatingmarketpattaya.com\/tickets\/pattaya-floating-market-entrance-ticket-one-way-rowing-boat\/#primaryimage","url":"https:\/\/floatingmarketpattaya.com\/wp-content\/uploads\/2024\/10\/Floating-Market-Pattaya-Ticket.avif","contentUrl":"https:\/\/floatingmarketpattaya.com\/wp-content\/uploads\/2024\/10\/Floating-Market-Pattaya-Ticket.avif","width":1200,"height":790,"caption":"Floating Market Pattaya Ticket"},{"@type":"BreadcrumbList","@id":"https:\/\/floatingmarketpattaya.com\/tickets\/pattaya-floating-market-entrance-ticket-one-way-rowing-boat\/#breadcrumb","itemListElement":[{"@type":"ListItem","position":1,"name":"Home","item":"https:\/\/floatingmarketpattaya.com\/"},{"@type":"ListItem","position":2,"name":"Tickets","item":"https:\/\/floatingmarketpattaya.com\/tickets\/"},{"@type":"ListItem","position":3,"name":"Pattaya Floating Market Entrance Ticket + One Way Rowing Boat"}]},{"@type":"WebSite","@id":"https:\/\/floatingmarketpattaya.com\/#website","url":"https:\/\/floatingmarketpattaya.com\/","name":"Ch\u1ee3 n\u1ed5i Pattaya","description":"","publisher":{"@id":"https:\/\/floatingmarketpattaya.com\/#organization"},"potentialAction":[{"@type":"SearchAction","target":{"@type":"EntryPoint","urlTemplate":"https:\/\/floatingmarketpattaya.com\/?s={search_term_string}"},"query-input":{"@type":"PropertyValueSpecification","valueRequired":true,"valueName":"search_term_string"}}],"inLanguage":"vi"},{"@type":"Organization","@id":"https:\/\/floatingmarketpattaya.com\/#organization","name":"Ch\u1ee3 n\u1ed5i Pattaya","url":"https:\/\/floatingmarketpattaya.com\/","logo":{"@type":"ImageObject","inLanguage":"vi","@id":"https:\/\/floatingmarketpattaya.com\/#\/schema\/logo\/image\/","url":"https:\/\/floatingmarketpattaya.com\/wp-content\/uploads\/2024\/08\/Pattaya-Floating-Market.png","contentUrl":"https:\/\/floatingmarketpattaya.com\/wp-content\/uploads\/2024\/08\/Pattaya-Floating-Market.png","width":350,"height":100,"caption":"Pattaya Floating Market"},"image":{"@id":"https:\/\/floatingmarketpattaya.com\/#\/schema\/logo\/image\/"}}]}},"jetpack_sharing_enabled":true,"_links":{"self":[{"href":"https:\/\/floatingmarketpattaya.com\/vi\/wp-json\/wp\/v2\/product\/3061","targetHints":{"allow":["GET"]}}],"collection":[{"href":"https:\/\/floatingmarketpattaya.com\/vi\/wp-json\/wp\/v2\/product"}],"about":[{"href":"https:\/\/floatingmarketpattaya.com\/vi\/wp-json\/wp\/v2\/types\/product"}],"replies":[{"embeddable":true,"href":"https:\/\/floatingmarketpattaya.com\/vi\/wp-json\/wp\/v2\/comments?post=3061"}],"wp:featuredmedia":[{"embeddable":true,"href":"https:\/\/floatingmarketpattaya.com\/vi\/wp-json\/wp\/v2\/media\/3053"}],"wp:attachment":[{"href":"https:\/\/floatingmarketpattaya.com\/vi\/wp-json\/wp\/v2\/media?parent=3061"}],"wp:term":[{"taxonomy":"product_brand","embeddable":true,"href":"https:\/\/floatingmarketpattaya.com\/vi\/wp-json\/wp\/v2\/product_brand?post=3061"},{"taxonomy":"product_cat","embeddable":true,"href":"https:\/\/floatingmarketpattaya.com\/vi\/wp-json\/wp\/v2\/product_cat?post=3061"},{"taxonomy":"product_tag","embeddable":true,"href":"https:\/\/floatingmarketpattaya.com\/vi\/wp-json\/wp\/v2\/product_tag?post=3061"}],"curies":[{"name":"wp","href":"https:\/\/api.w.org\/{rel}","templated":true}]}}