{"id":617,"date":"2024-09-04T16:21:40","date_gmt":"2024-09-04T10:51:40","guid":{"rendered":"https:\/\/floatingmarketpattaya.com\/?page_id=617"},"modified":"2025-03-13T08:15:12","modified_gmt":"2025-03-13T02:45:12","slug":"chi-tiet-cong-ty","status":"publish","type":"page","link":"https:\/\/floatingmarketpattaya.com\/vi\/chi-tiet-cong-ty\/","title":{"rendered":"Chi ti\u1ebft c\u00f4ng ty"},"content":{"rendered":"<div data-elementor-type=\"wp-page\" data-elementor-id=\"617\" class=\"elementor elementor-617\" data-elementor-post-type=\"page\">\n\t\t\t\t\t\t<section data-particle_enable=\"false\" data-particle-mobile-disabled=\"false\" class=\"elementor-section elementor-top-section elementor-element elementor-element-f3e94ce elementor-section-boxed elementor-section-height-default elementor-section-height-default\" data-id=\"f3e94ce\" data-element_type=\"section\" data-e-type=\"section\">\n\t\t\t\t\t\t<div class=\"elementor-container elementor-column-gap-default\">\n\t\t\t\t\t<div class=\"elementor-column elementor-col-100 elementor-top-column elementor-element elementor-element-39bb9e9\" data-id=\"39bb9e9\" data-element_type=\"column\" data-e-type=\"column\">\n\t\t\t<div class=\"elementor-widget-wrap elementor-element-populated\">\n\t\t\t\t\t\t<div class=\"elementor-element elementor-element-7c4897a elementor-widget elementor-widget-text-editor\" data-id=\"7c4897a\" data-element_type=\"widget\" data-e-type=\"widget\" data-widget_type=\"text-editor.default\">\n\t\t\t\t<div class=\"elementor-widget-container\">\n\t\t\t\t\t\t\t\t\t<h2 style=\"text-align: center;\"><span style=\"color: #000000;\"><strong>Chi ti\u1ebft c\u00f4ng ty<\/strong><\/span><\/h2><p><span style=\"color: #000000;\">Ch\u00e0o m\u1eebng \u0111\u1ebfn v\u1edbi <a href=\"https:\/\/floatingmarketpattaya.com\/vi\/\">Ch\u1ee3 n\u1ed5i Pattaya<\/a>, n\u1ec1n t\u1ea3ng d\u00e0nh cho b\u1ea1n \u0111\u1ec3 kh\u00e1m ph\u00e1 v\u00e0 \u0111\u1eb7t v\u00e9 \u0111\u1ebfn m\u1ed9t trong nh\u1eefng \u0111i\u1ec3m tham quan v\u0103n h\u00f3a mang t\u00ednh bi\u1ec3u t\u01b0\u1ee3ng nh\u1ea5t c\u1ee7a Th\u00e1i Lan. \u0110\u01b0\u1ee3c qu\u1ea3n l\u00fd b\u1edfi Triplyn Holidays, ch\u00fang t\u00f4i \u0111\u1ea3m b\u1ea3o tr\u1ea3i nghi\u1ec7m \u0111\u1eb7t ph\u00f2ng li\u1ec1n m\u1ea1ch v\u1edbi c\u00e1c \u01b0u \u0111\u00e3i \u0111\u1ed9c quy\u1ec1n v\u00e0 d\u1ecbch v\u1ee5 v\u00f4 song. Cam k\u1ebft c\u1ee7a ch\u00fang t\u00f4i l\u00e0 t\u1ea1o ra nh\u1eefng chuy\u1ebfn th\u0103m \u0111\u00e1ng nh\u1edb v\u00e0 b\u1ed5 \u00edch cho t\u1ea5t c\u1ea3 kh\u00e1ch h\u00e0ng c\u1ee7a m\u00ecnh.<\/span><\/p><h3><span style=\"color: #000000;\"><strong>Gi\u1edbi thi\u1ec7u v\u1ec1 ch\u00fang t\u00f4i<\/strong><\/span><\/h3><p><span style=\"color: #000000;\">Triplyn Holidays l\u00e0 c\u00f4ng ty d\u1eabn \u0111\u1ea7u \u0111\u00e1ng tin c\u1eady trong ng\u00e0nh du l\u1ecbch, cung c\u1ea5p c\u00e1c gi\u1ea3i ph\u00e1p du l\u1ecbch h\u00e0ng \u0111\u1ea7u tr\u00ean to\u00e0n th\u1ebf gi\u1edbi. T\u1ea1i Ch\u1ee3 n\u1ed5i Pattaya, ch\u00fang t\u00f4i chuy\u00ean cung c\u1ea5p c\u00e1c d\u1ecbch v\u1ee5 \u0111\u1eb7t v\u00e9 \u0111\u1ed9c quy\u1ec1n \u0111\u1ea3m b\u1ea3o s\u1ef1 ti\u1ec7n l\u1ee3i v\u00e0 gi\u00e1 tr\u1ecb. S\u1ee9 m\u1ec7nh c\u1ee7a ch\u00fang t\u00f4i l\u00e0 bi\u1ebfn chuy\u1ebfn th\u0103m ch\u1ee3 n\u1ed5i c\u1ee7a b\u1ea1n th\u00e0nh m\u1ed9t tr\u1ea3i nghi\u1ec7m \u0111\u1eb7c bi\u1ec7t, l\u00e0m n\u1ed5i b\u1eadt truy\u1ec1n th\u1ed1ng phong ph\u00fa v\u00e0 n\u1ec1n v\u0103n h\u00f3a s\u00f4i \u0111\u1ed9ng c\u1ee7a Th\u00e1i Lan.<\/span><\/p><h3><span style=\"color: #000000;\"><strong>Th\u00f4ng tin c\u00f4ng ty<\/strong><\/span><\/h3><p><span style=\"color: #000000;\"><strong>T\u00ean c\u00f4ng ty<\/strong>: K\u1ef3 ngh\u1ec9 Triplyn<\/span><br \/><span style=\"color: #000000;\"><strong>Trang web<\/strong>: <a style=\"color: #000000;\" href=\"https:\/\/floatingmarketpattaya.com\/vi\/\" target=\"_new\" rel=\"noopener\">Ch\u1ee3 n\u1ed5i Pattaya<\/a><\/span><br \/><span style=\"color: #000000;\"><strong>\u0110\u1ecba ch\u1ec9 \u0111\u00e3 \u0111\u0103ng k\u00fd<\/strong>: A-54, Khu c\u00f4ng nghi\u1ec7p Keshopur, Vikaspuri, New Delhi 110018, \u1ea4n \u0110\u1ed9<\/span><br \/><span style=\"color: #000000;\"><strong>E-mail<\/strong>: <a style=\"color: #000000;\" href=\"mailto:contact@floatingmarketpattaya.com\" rel=\"noopener\">contact@floatingmarketpattaya.com<\/a><\/span><\/p><p><span style=\"color: #000000;\">S\u1ef1 t\u1eadp trung v\u00e0o t\u00ednh minh b\u1ea1ch v\u00e0 s\u1ef1 h\u00e0i l\u00f2ng c\u1ee7a kh\u00e1ch h\u00e0ng gi\u00fap ch\u00fang t\u00f4i mang \u0111\u1ebfn nh\u1eefng kho\u1ea3nh kh\u1eafc kh\u00f3 qu\u00ean cho m\u1ecdi du kh\u00e1ch.<\/span><\/p><p><span style=\"color: #000000;\">\u0110\u1ed9i ng\u0169 h\u1ed7 tr\u1ee3 c\u1ee7a ch\u00fang t\u00f4i lu\u00f4n t\u1eadn t\u00e2m \u0111\u1ea3m b\u1ea3o ph\u1ea3n h\u1ed3i nhanh ch\u00f3ng v\u00e0 hi\u1ec7u qu\u1ea3 \u0111\u1ec3 n\u00e2ng cao tr\u1ea3i nghi\u1ec7m c\u1ee7a b\u1ea1n.<\/span><\/p><p><span style=\"color: #000000;\"><strong>T\u1ea1i sao n\u00ean ch\u1ecdn Ch\u1ee3 n\u1ed5i Pattaya?<\/strong><\/span><\/p><ul><li><span style=\"color: #000000;\"><strong>H\u01b0\u1edbng d\u1eabn c\u1ee7a chuy\u00ean gia<\/strong>:V\u1edbi nhi\u1ec1u n\u0103m kinh nghi\u1ec7m, Triplyn Holidays mang \u0111\u1ebfn tr\u1ea3i nghi\u1ec7m d\u1ecbch v\u1ee5 v\u00f4 song.<\/span><\/li><li><span style=\"color: #000000;\"><strong>H\u1ed7 tr\u1ee3 kh\u00e1ch h\u00e0ng<\/strong>: H\u1ed7 tr\u1ee3 th\u00e2n thi\u1ec7n v\u00e0 t\u1eadn t\u00e2m cho chuy\u1ebfn th\u0103m kh\u00e1m tho\u1ea3i m\u00e1i.<\/span><\/li><li><span style=\"color: #000000;\"><strong>\u01afu \u0111\u00e3i \u0111\u1ed9c quy\u1ec1n<\/strong>: Gi\u00e1 c\u1ea3 c\u1ea1nh tranh v\u00e0 ch\u01b0\u01a1ng tr\u00ecnh khuy\u1ebfn m\u00e3i \u0111\u1eb7c bi\u1ec7t cho v\u00e9 v\u00e0o c\u1eeda v\u00e0 tr\u1ea3i nghi\u1ec7m.<\/span><\/li><\/ul><p><span style=\"color: #000000;\"><strong>\u0110\u1eb7t v\u00e9 ngay h\u00f4m nay!<\/strong><\/span><\/p><p><span style=\"color: #000000;\">Tr\u1ea3i nghi\u1ec7m s\u1ef1 quy\u1ebfn r\u0169 c\u1ee7a Ch\u1ee3 n\u1ed5i Pattaya m\u1ed9t c\u00e1ch d\u1ec5 d\u00e0ng. Gh\u00e9 th\u0103m <a style=\"color: #000000;\" href=\"https:\/\/floatingmarketpattaya.com\/vi\/\" target=\"_new\" rel=\"noopener\">Trang V\u00e9 Ch\u1ee3 N\u1ed5i Pattaya<\/a> \u0111\u1ec3 t\u00ecm \u01b0u \u0111\u00e3i t\u1ed1t nh\u1ea5t v\u00e0 \u0111\u1eb7t ch\u1ed7. T\u1eadn h\u01b0\u1edfng m\u1ed9t ng\u00e0y kh\u00e1m ph\u00e1 v\u0103n h\u00f3a v\u00e0 c\u00e1c ho\u1ea1t \u0111\u1ed9ng th\u00fa v\u1ecb t\u1ea1o n\u00ean nh\u1eefng k\u1ef7 ni\u1ec7m \u0111\u00e1ng tr\u00e2n tr\u1ecdng.<\/span><\/p><p><span style=\"color: #000000;\"><em><a href=\"https:\/\/floatingmarketpattaya.com\/vi\/\">Nh\u1ea5p v\u00e0o \u0111\u00e2y \u0111\u1ec3 \u0111\u1ea3m b\u1ea3o v\u00e9 c\u1ee7a b\u1ea1n<\/a> v\u00e0 t\u1eadn h\u01b0\u1edfng chuy\u1ebfn h\u00e0nh tr\u00ecnh kh\u00e1m ph\u00e1 nh\u1eefng k\u1ef3 quan v\u0103n h\u00f3a v\u00e0 ch\u1ee3 tr\u1eddi c\u1ee7a Th\u00e1i Lan!<\/em><\/span><\/p>\t\t\t\t\t\t\t\t<\/div>\n\t\t\t\t<\/div>\n\t\t\t\t\t<\/div>\n\t\t<\/div>\n\t\t\t\t\t<\/div>\n\t\t<\/section>\n\t\t\t\t<\/div>","protected":false},"excerpt":{"rendered":"<p>Company Details Welcome to Pattaya Floating Market, your go-to platform for exploring and booking tickets to one of Thailand\u2019s most iconic cultural attractions. Managed by Triplyn Holidays, we ensure a seamless booking experience with exclusive offers and unparalleled service. Our commitment is to create memorable and enriching visits for all our guests. About Us Triplyn [&hellip;]<\/p>\n","protected":false},"author":1,"featured_media":0,"parent":0,"menu_order":0,"comment_status":"closed","ping_status":"closed","template":"","meta":{"ocean_post_layout":"","ocean_both_sidebars_style":"","ocean_both_sidebars_content_width":0,"ocean_both_sidebars_sidebars_width":0,"ocean_sidebar":"","ocean_second_sidebar":"","ocean_disable_margins":"enable","ocean_add_body_class":"","ocean_shortcode_before_top_bar":"","ocean_shortcode_after_top_bar":"","ocean_shortcode_before_header":"","ocean_shortcode_after_header":"","ocean_has_shortcode":"","ocean_shortcode_after_title":"","ocean_shortcode_before_footer_widgets":"","ocean_shortcode_after_footer_widgets":"","ocean_shortcode_before_footer_bottom":"","ocean_shortcode_after_footer_bottom":"","ocean_display_top_bar":"default","ocean_display_header":"default","ocean_header_style":"","ocean_center_header_left_menu":"","ocean_custom_header_template":"","ocean_custom_logo":0,"ocean_custom_retina_logo":0,"ocean_custom_logo_max_width":0,"ocean_custom_logo_tablet_max_width":0,"ocean_custom_logo_mobile_max_width":0,"ocean_custom_logo_max_height":0,"ocean_custom_logo_tablet_max_height":0,"ocean_custom_logo_mobile_max_height":0,"ocean_header_custom_menu":"","ocean_menu_typo_font_family":"","ocean_menu_typo_font_subset":"","ocean_menu_typo_font_size":0,"ocean_menu_typo_font_size_tablet":0,"ocean_menu_typo_font_size_mobile":0,"ocean_menu_typo_font_size_unit":"px","ocean_menu_typo_font_weight":"","ocean_menu_typo_font_weight_tablet":"","ocean_menu_typo_font_weight_mobile":"","ocean_menu_typo_transform":"","ocean_menu_typo_transform_tablet":"","ocean_menu_typo_transform_mobile":"","ocean_menu_typo_line_height":0,"ocean_menu_typo_line_height_tablet":0,"ocean_menu_typo_line_height_mobile":0,"ocean_menu_typo_line_height_unit":"","ocean_menu_typo_spacing":0,"ocean_menu_typo_spacing_tablet":0,"ocean_menu_typo_spacing_mobile":0,"ocean_menu_typo_spacing_unit":"","ocean_menu_link_color":"","ocean_menu_link_color_hover":"","ocean_menu_link_color_active":"","ocean_menu_link_background":"","ocean_menu_link_hover_background":"","ocean_menu_link_active_background":"","ocean_menu_social_links_bg":"","ocean_menu_social_hover_links_bg":"","ocean_menu_social_links_color":"","ocean_menu_social_hover_links_color":"","ocean_disable_title":"default","ocean_disable_heading":"default","ocean_post_title":"","ocean_post_subheading":"","ocean_post_title_style":"","ocean_post_title_background_color":"","ocean_post_title_background":0,"ocean_post_title_bg_image_position":"","ocean_post_title_bg_image_attachment":"","ocean_post_title_bg_image_repeat":"","ocean_post_title_bg_image_size":"","ocean_post_title_height":0,"ocean_post_title_bg_overlay":0.5,"ocean_post_title_bg_overlay_color":"","ocean_disable_breadcrumbs":"default","ocean_breadcrumbs_color":"","ocean_breadcrumbs_separator_color":"","ocean_breadcrumbs_links_color":"","ocean_breadcrumbs_links_hover_color":"","ocean_display_footer_widgets":"default","ocean_display_footer_bottom":"default","ocean_custom_footer_template":"","footnotes":""},"class_list":["post-617","page","type-page","status-publish","hentry","entry","owp-thumbs-layout-horizontal","owp-btn-normal","owp-tabs-layout-horizontal","has-no-thumbnails","has-product-nav"],"yoast_head":"<!-- This site is optimized with the Yoast SEO plugin v27.4 - https:\/\/yoast.com\/product\/yoast-seo-wordpress\/ -->\n<title>Company Details | Pattaya Floating Market Info - Triplyn Holidays<\/title>\n<meta name=\"description\" content=\"Discover Detailed Company Information For Pattaya Floating Market. Contact, Address &amp; Booking Details. Experience Authentic Thai Culture.\" \/>\n<meta name=\"robots\" content=\"noindex, follow\" \/>\n<meta property=\"og:locale\" content=\"vi_VN\" \/>\n<meta property=\"og:type\" content=\"article\" \/>\n<meta property=\"og:title\" content=\"Company Details | Pattaya Floating Market Info - Triplyn Holidays\" \/>\n<meta property=\"og:description\" content=\"Discover Detailed Company Information For Pattaya Floating Market. Contact, Address &amp; Booking Details. Experience Authentic Thai Culture.\" \/>\n<meta property=\"og:url\" content=\"https:\/\/floatingmarketpattaya.com\/vi\/chi-tiet-cong-ty\/\" \/>\n<meta property=\"og:site_name\" content=\"Pattaya Floating Market\" \/>\n<meta property=\"article:modified_time\" content=\"2025-03-13T02:45:12+00:00\" \/>\n<meta name=\"twitter:card\" content=\"summary_large_image\" \/>\n<meta name=\"twitter:label1\" content=\"\u01af\u1edbc t\u00ednh th\u1eddi gian \u0111\u1ecdc\" \/>\n\t<meta name=\"twitter:data1\" content=\"2 ph\u00fat\" \/>\n<script type=\"application\/ld+json\" class=\"yoast-schema-graph\">{\"@context\":\"https:\\\/\\\/schema.org\",\"@graph\":[{\"@type\":\"WebPage\",\"@id\":\"https:\\\/\\\/floatingmarketpattaya.com\\\/company-details\\\/\",\"url\":\"https:\\\/\\\/floatingmarketpattaya.com\\\/company-details\\\/\",\"name\":\"Company Details | Pattaya Floating Market Info - Triplyn Holidays\",\"isPartOf\":{\"@id\":\"https:\\\/\\\/floatingmarketpattaya.com\\\/#website\"},\"datePublished\":\"2024-09-04T10:51:40+00:00\",\"dateModified\":\"2025-03-13T02:45:12+00:00\",\"description\":\"Discover Detailed Company Information For Pattaya Floating Market. Contact, Address & Booking Details. Experience Authentic Thai Culture.\",\"breadcrumb\":{\"@id\":\"https:\\\/\\\/floatingmarketpattaya.com\\\/company-details\\\/#breadcrumb\"},\"inLanguage\":\"vi\",\"potentialAction\":[{\"@type\":\"ReadAction\",\"target\":[\"https:\\\/\\\/floatingmarketpattaya.com\\\/company-details\\\/\"]}]},{\"@type\":\"BreadcrumbList\",\"@id\":\"https:\\\/\\\/floatingmarketpattaya.com\\\/company-details\\\/#breadcrumb\",\"itemListElement\":[{\"@type\":\"ListItem\",\"position\":1,\"name\":\"Home\",\"item\":\"https:\\\/\\\/floatingmarketpattaya.com\\\/\"},{\"@type\":\"ListItem\",\"position\":2,\"name\":\"Company Details\"}]},{\"@type\":\"WebSite\",\"@id\":\"https:\\\/\\\/floatingmarketpattaya.com\\\/#website\",\"url\":\"https:\\\/\\\/floatingmarketpattaya.com\\\/\",\"name\":\"Pattaya Floating Market\",\"description\":\"\",\"publisher\":{\"@id\":\"https:\\\/\\\/floatingmarketpattaya.com\\\/#organization\"},\"potentialAction\":[{\"@type\":\"SearchAction\",\"target\":{\"@type\":\"EntryPoint\",\"urlTemplate\":\"https:\\\/\\\/floatingmarketpattaya.com\\\/?s={search_term_string}\"},\"query-input\":{\"@type\":\"PropertyValueSpecification\",\"valueRequired\":true,\"valueName\":\"search_term_string\"}}],\"inLanguage\":\"vi\"},{\"@type\":\"Organization\",\"@id\":\"https:\\\/\\\/floatingmarketpattaya.com\\\/#organization\",\"name\":\"Pattaya Floating Market\",\"url\":\"https:\\\/\\\/floatingmarketpattaya.com\\\/\",\"logo\":{\"@type\":\"ImageObject\",\"inLanguage\":\"vi\",\"@id\":\"https:\\\/\\\/floatingmarketpattaya.com\\\/#\\\/schema\\\/logo\\\/image\\\/\",\"url\":\"https:\\\/\\\/floatingmarketpattaya.com\\\/wp-content\\\/uploads\\\/2024\\\/08\\\/Pattaya-Floating-Market.png\",\"contentUrl\":\"https:\\\/\\\/floatingmarketpattaya.com\\\/wp-content\\\/uploads\\\/2024\\\/08\\\/Pattaya-Floating-Market.png\",\"width\":350,\"height\":100,\"caption\":\"Pattaya Floating Market\"},\"image\":{\"@id\":\"https:\\\/\\\/floatingmarketpattaya.com\\\/#\\\/schema\\\/logo\\\/image\\\/\"}}]}<\/script>\n<!-- \/ Yoast SEO plugin. -->","yoast_head_json":{"title":"Chi ti\u1ebft c\u00f4ng ty | Th\u00f4ng tin ch\u1ee3 n\u1ed5i Pattaya - Triplyn Holidays","description":"Kh\u00e1m ph\u00e1 th\u00f4ng tin chi ti\u1ebft v\u1ec1 c\u00f4ng ty cho Ch\u1ee3 n\u1ed5i Pattaya. Li\u00ean h\u1ec7, \u0111\u1ecba ch\u1ec9 v\u00e0 chi ti\u1ebft \u0111\u1eb7t ch\u1ed7. Tr\u1ea3i nghi\u1ec7m v\u0103n h\u00f3a Th\u00e1i \u0111\u00edch th\u1ef1c.","robots":{"index":"noindex","follow":"follow"},"og_locale":"vi_VN","og_type":"article","og_title":"Company Details | Pattaya Floating Market Info - Triplyn Holidays","og_description":"Discover Detailed Company Information For Pattaya Floating Market. Contact, Address & Booking Details. Experience Authentic Thai Culture.","og_url":"https:\/\/floatingmarketpattaya.com\/vi\/chi-tiet-cong-ty\/","og_site_name":"Pattaya Floating Market","article_modified_time":"2025-03-13T02:45:12+00:00","twitter_card":"summary_large_image","twitter_misc":{"\u01af\u1edbc t\u00ednh th\u1eddi gian \u0111\u1ecdc":"2 ph\u00fat"},"schema":{"@context":"https:\/\/schema.org","@graph":[{"@type":"WebPage","@id":"https:\/\/floatingmarketpattaya.com\/company-details\/","url":"https:\/\/floatingmarketpattaya.com\/company-details\/","name":"Chi ti\u1ebft c\u00f4ng ty | Th\u00f4ng tin ch\u1ee3 n\u1ed5i Pattaya - Triplyn Holidays","isPartOf":{"@id":"https:\/\/floatingmarketpattaya.com\/#website"},"datePublished":"2024-09-04T10:51:40+00:00","dateModified":"2025-03-13T02:45:12+00:00","description":"Kh\u00e1m ph\u00e1 th\u00f4ng tin chi ti\u1ebft v\u1ec1 c\u00f4ng ty cho Ch\u1ee3 n\u1ed5i Pattaya. Li\u00ean h\u1ec7, \u0111\u1ecba ch\u1ec9 v\u00e0 chi ti\u1ebft \u0111\u1eb7t ch\u1ed7. Tr\u1ea3i nghi\u1ec7m v\u0103n h\u00f3a Th\u00e1i \u0111\u00edch th\u1ef1c.","breadcrumb":{"@id":"https:\/\/floatingmarketpattaya.com\/company-details\/#breadcrumb"},"inLanguage":"vi","potentialAction":[{"@type":"ReadAction","target":["https:\/\/floatingmarketpattaya.com\/company-details\/"]}]},{"@type":"BreadcrumbList","@id":"https:\/\/floatingmarketpattaya.com\/company-details\/#breadcrumb","itemListElement":[{"@type":"ListItem","position":1,"name":"Home","item":"https:\/\/floatingmarketpattaya.com\/"},{"@type":"ListItem","position":2,"name":"Company Details"}]},{"@type":"WebSite","@id":"https:\/\/floatingmarketpattaya.com\/#website","url":"https:\/\/floatingmarketpattaya.com\/","name":"Ch\u1ee3 n\u1ed5i Pattaya","description":"","publisher":{"@id":"https:\/\/floatingmarketpattaya.com\/#organization"},"potentialAction":[{"@type":"SearchAction","target":{"@type":"EntryPoint","urlTemplate":"https:\/\/floatingmarketpattaya.com\/?s={search_term_string}"},"query-input":{"@type":"PropertyValueSpecification","valueRequired":true,"valueName":"search_term_string"}}],"inLanguage":"vi"},{"@type":"Organization","@id":"https:\/\/floatingmarketpattaya.com\/#organization","name":"Ch\u1ee3 n\u1ed5i Pattaya","url":"https:\/\/floatingmarketpattaya.com\/","logo":{"@type":"ImageObject","inLanguage":"vi","@id":"https:\/\/floatingmarketpattaya.com\/#\/schema\/logo\/image\/","url":"https:\/\/floatingmarketpattaya.com\/wp-content\/uploads\/2024\/08\/Pattaya-Floating-Market.png","contentUrl":"https:\/\/floatingmarketpattaya.com\/wp-content\/uploads\/2024\/08\/Pattaya-Floating-Market.png","width":350,"height":100,"caption":"Pattaya Floating Market"},"image":{"@id":"https:\/\/floatingmarketpattaya.com\/#\/schema\/logo\/image\/"}}]}},"jetpack_sharing_enabled":true,"_links":{"self":[{"href":"https:\/\/floatingmarketpattaya.com\/vi\/wp-json\/wp\/v2\/pages\/617","targetHints":{"allow":["GET"]}}],"collection":[{"href":"https:\/\/floatingmarketpattaya.com\/vi\/wp-json\/wp\/v2\/pages"}],"about":[{"href":"https:\/\/floatingmarketpattaya.com\/vi\/wp-json\/wp\/v2\/types\/page"}],"author":[{"embeddable":true,"href":"https:\/\/floatingmarketpattaya.com\/vi\/wp-json\/wp\/v2\/users\/1"}],"replies":[{"embeddable":true,"href":"https:\/\/floatingmarketpattaya.com\/vi\/wp-json\/wp\/v2\/comments?post=617"}],"version-history":[{"count":20,"href":"https:\/\/floatingmarketpattaya.com\/vi\/wp-json\/wp\/v2\/pages\/617\/revisions"}],"predecessor-version":[{"id":3275,"href":"https:\/\/floatingmarketpattaya.com\/vi\/wp-json\/wp\/v2\/pages\/617\/revisions\/3275"}],"wp:attachment":[{"href":"https:\/\/floatingmarketpattaya.com\/vi\/wp-json\/wp\/v2\/media?parent=617"}],"curies":[{"name":"wp","href":"https:\/\/api.w.org\/{rel}","templated":true}]}}