{"id":3,"date":"2024-08-27T12:39:40","date_gmt":"2024-08-27T12:39:40","guid":{"rendered":"https:\/\/floatingmarketpattaya.com\/?page_id=3"},"modified":"2024-11-02T18:00:23","modified_gmt":"2024-11-02T12:30:23","slug":"chinh-sach-bao-mat","status":"publish","type":"page","link":"https:\/\/floatingmarketpattaya.com\/vi\/chinh-sach-bao-mat\/","title":{"rendered":"Ch\u00ednh s\u00e1ch b\u1ea3o m\u1eadt"},"content":{"rendered":"<div data-elementor-type=\"wp-page\" data-elementor-id=\"3\" class=\"elementor elementor-3\" data-elementor-post-type=\"page\">\n\t\t\t\t\t\t<section data-particle_enable=\"false\" data-particle-mobile-disabled=\"false\" class=\"elementor-section elementor-top-section elementor-element elementor-element-dc0f9af elementor-section-boxed elementor-section-height-default elementor-section-height-default\" data-id=\"dc0f9af\" data-element_type=\"section\" data-e-type=\"section\">\n\t\t\t\t\t\t<div class=\"elementor-container elementor-column-gap-default\">\n\t\t\t\t\t<div class=\"elementor-column elementor-col-100 elementor-top-column elementor-element elementor-element-4ce1bb3\" data-id=\"4ce1bb3\" data-element_type=\"column\" data-e-type=\"column\">\n\t\t\t<div class=\"elementor-widget-wrap elementor-element-populated\">\n\t\t\t\t\t\t<div class=\"elementor-element elementor-element-feae045 elementor-widget elementor-widget-text-editor\" data-id=\"feae045\" data-element_type=\"widget\" data-e-type=\"widget\" data-widget_type=\"text-editor.default\">\n\t\t\t\t<div class=\"elementor-widget-container\">\n\t\t\t\t\t\t\t\t\t<h2 style=\"text-align: center;\"><span style=\"color: #000000;\"><strong>Ch\u00ednh s\u00e1ch b\u1ea3o m\u1eadt cho Ch\u1ee3 n\u1ed5i Pattaya<\/strong><\/span><\/h2><p><span style=\"color: #000000;\">T\u1ea1i <a href=\"https:\/\/floatingmarketpattaya.com\/vi\/\">Ch\u1ee3 n\u1ed5i Pattaya<\/a>, \u0111\u01b0\u1ee3c \u0111i\u1ec1u h\u00e0nh b\u1edfi Triplyn Holidays, ch\u00fang t\u00f4i \u01b0u ti\u00ean quy\u1ec1n ri\u00eang t\u01b0 v\u00e0 b\u1ea3o m\u1eadt c\u1ee7a kh\u00e1ch truy c\u1eadp v\u00e0 kh\u00e1ch h\u00e0ng c\u1ee7a ch\u00fang t\u00f4i. Ch\u00ednh s\u00e1ch b\u1ea3o m\u1eadt n\u00e0y n\u00eau r\u00f5 c\u00e1ch ch\u00fang t\u00f4i thu th\u1eadp, s\u1eed d\u1ee5ng v\u00e0 b\u1ea3o v\u1ec7 th\u00f4ng tin c\u00e1 nh\u00e2n c\u1ee7a b\u1ea1n khi b\u1ea1n t\u01b0\u01a1ng t\u00e1c v\u1edbi trang web c\u1ee7a ch\u00fang t\u00f4i, <a style=\"color: #000000;\" href=\"https:\/\/floatingmarketpattaya.com\/vi\/\" target=\"_new\" rel=\"noopener\">https:\/\/floatingmarketpattaya.com<\/a>.<\/span><\/p><h3><span style=\"color: #000000;\">1. Th\u00f4ng tin ch\u00fang t\u00f4i thu th\u1eadp<\/span><\/h3><p><span style=\"color: #000000;\">Ch\u00fang t\u00f4i thu th\u1eadp c\u00e1c lo\u1ea1i d\u1eef li\u1ec7u sau \u0111\u00e2y \u0111\u1ec3 n\u00e2ng cao tr\u1ea3i nghi\u1ec7m c\u1ee7a b\u1ea1n v\u00e0 cung c\u1ea5p d\u1ecbch v\u1ee5 li\u1ec1n m\u1ea1ch:<\/span><\/p><ul><li><span style=\"color: #000000;\"><strong>Chi ti\u1ebft c\u00e1 nh\u00e2n<\/strong>: T\u00ean, th\u00f4ng tin li\u00ean l\u1ea1c v\u00e0 email trong qu\u00e1 tr\u00ecnh \u0111\u1eb7t v\u00e9 ho\u1eb7c y\u00eau c\u1ea7u th\u00f4ng tin.<\/span><\/li><li><span style=\"color: #000000;\"><strong>D\u1eef li\u1ec7u thanh to\u00e1n<\/strong>: \u0110\u01b0\u1ee3c x\u1eed l\u00fd an to\u00e0n th\u00f4ng qua h\u1ec7 th\u1ed1ng c\u1ee7a b\u00ean th\u1ee9 ba.<\/span><\/li><li><span style=\"color: #000000;\"><strong>Th\u00f4ng tin s\u1eed d\u1ee5ng trang web<\/strong>: \u0110\u1ecba ch\u1ec9 IP, lo\u1ea1i tr\u00ecnh duy\u1ec7t v\u00e0 cookie \u0111\u1ec3 ph\u00e2n t\u00edch l\u01b0u l\u01b0\u1ee3ng truy c\u1eadp trang web v\u00e0 t\u1ed1i \u01b0u h\u00f3a tr\u1ea3i nghi\u1ec7m c\u1ee7a ng\u01b0\u1eddi d\u00f9ng.<\/span><\/li><\/ul><h3><span style=\"color: #000000;\">2. Ch\u00fang t\u00f4i s\u1eed d\u1ee5ng th\u00f4ng tin c\u1ee7a b\u1ea1n nh\u01b0 th\u1ebf n\u00e0o<\/span><\/h3><p><span style=\"color: #000000;\">Ch\u00fang t\u00f4i s\u1eed d\u1ee5ng d\u1eef li\u1ec7u c\u1ee7a b\u1ea1n cho:<\/span><\/p><ul><li><span style=\"color: #000000;\">X\u1eed l\u00fd \u0111\u1eb7t ch\u1ed7 v\u00e0 \u0111\u1ea3m b\u1ea3o cung c\u1ea5p d\u1ecbch v\u1ee5.<\/span><\/li><li><span style=\"color: #000000;\">G\u1eedi x\u00e1c nh\u1eadn v\u00e0 c\u1eadp nh\u1eadt cho vi\u1ec7c \u0111\u1eb7t ch\u1ed7.<\/span><\/li><li><span style=\"color: #000000;\">Cung c\u1ea5p h\u1ed7 tr\u1ee3 kh\u00e1ch h\u00e0ng v\u00e0 tr\u1ea3 l\u1eddi c\u00e1c c\u00e2u h\u1ecfi.<\/span><\/li><li><span style=\"color: #000000;\">N\u00e2ng cao ch\u1ee9c n\u0103ng c\u1ee7a trang web v\u00e0 tr\u1ea3i nghi\u1ec7m c\u1ee7a ng\u01b0\u1eddi d\u00f9ng.<\/span><\/li><li><span style=\"color: #000000;\">Chia s\u1ebb th\u00f4ng tin c\u1eadp nh\u1eadt, khuy\u1ebfn m\u00e3i v\u00e0 b\u1ea3n tin (c\u00f3 s\u1ef1 \u0111\u1ed3ng \u00fd).<\/span><\/li><\/ul><h3><span style=\"color: #000000;\">3. B\u1ea3o m\u1eadt d\u1eef li\u1ec7u<\/span><\/h3><p><span style=\"color: #000000;\">S\u1ef1 an to\u00e0n c\u1ee7a d\u1eef li\u1ec7u c\u1ee7a b\u1ea1n l\u00e0 \u01b0u ti\u00ean h\u00e0ng \u0111\u1ea7u c\u1ee7a ch\u00fang t\u00f4i. Ch\u00fang t\u00f4i s\u1eed d\u1ee5ng m\u00e3 h\u00f3a SSL v\u00e0 c\u00e1c bi\u1ec7n ph\u00e1p b\u1ea3o m\u1eadt n\u1ed9i b\u1ed9 \u0111\u1ec3 b\u1ea3o v\u1ec7 ch\u1ed1ng l\u1ea1i truy c\u1eadp tr\u00e1i ph\u00e9p.<\/span><\/p><h3><span style=\"color: #000000;\">4. Chia s\u1ebb th\u00f4ng tin<\/span><\/h3><p><span style=\"color: #000000;\">Ch\u00fang t\u00f4i kh\u00f4ng b\u00e1n d\u1eef li\u1ec7u c\u00e1 nh\u00e2n. Th\u00f4ng tin c\u00f3 th\u1ec3 \u0111\u01b0\u1ee3c chia s\u1ebb v\u1edbi c\u00e1c \u0111\u1ed1i t\u00e1c \u0111\u00e1ng tin c\u1eady nh\u01b0 b\u1ed9 x\u1eed l\u00fd thanh to\u00e1n, \u0111\u1ea3m b\u1ea3o t\u00ednh b\u1ea3o m\u1eadt d\u1eef li\u1ec7u.<\/span><\/p><h3><span style=\"color: #000000;\">5. Quy\u1ec1n c\u1ee7a b\u1ea1n<\/span><\/h3><p><span style=\"color: #000000;\">B\u1ea1n c\u00f3 quy\u1ec1n:<\/span><\/p><ul><li><span style=\"color: #000000;\"><strong>Truy c\u1eadp<\/strong>: Xem d\u1eef li\u1ec7u ch\u00fang t\u00f4i \u0111\u00e3 thu th\u1eadp.<\/span><\/li><li><span style=\"color: #000000;\"><strong>S\u1eeda l\u1ed7i<\/strong>: Y\u00eau c\u1ea7u c\u1eadp nh\u1eadt d\u1eef li\u1ec7u kh\u00f4ng ch\u00ednh x\u00e1c.<\/span><\/li><li><span style=\"color: #000000;\"><strong>X\u00f3a b\u1ecf<\/strong>: Y\u00eau c\u1ea7u x\u00f3a d\u1eef li\u1ec7u khi kh\u00f4ng c\u00f2n c\u1ea7n thi\u1ebft.<\/span><\/li><li><span style=\"color: #000000;\"><strong>T\u1eeb ch\u1ed1i<\/strong>: H\u1ee7y \u0111\u0103ng k\u00fd nh\u1eadn email ti\u1ebfp th\u1ecb b\u1ea5t c\u1ee9 l\u00fac n\u00e0o b\u1eb1ng c\u00e1ch li\u00ean h\u1ec7 v\u1edbi ch\u00fang t\u00f4i t\u1ea1i <strong><a style=\"color: #000000;\" href=\"mailto:contact@floatingmarketpattaya.com\" rel=\"noopener\">contact@floatingmarketpattaya.com<\/a><\/strong>.<\/span><\/li><\/ul><h3><span style=\"color: #000000;\">6. Cookie<\/span><\/h3><p><span style=\"color: #000000;\">Ch\u00fang t\u00f4i s\u1eed d\u1ee5ng cookie \u0111\u1ec3 c\u00f3 tr\u1ea3i nghi\u1ec7m duy\u1ec7t web \u0111\u01b0\u1ee3c t\u00f9y ch\u1ec9nh. T\u00f9y ch\u1ecdn cookie c\u00f3 th\u1ec3 \u0111\u01b0\u1ee3c \u0111i\u1ec1u ch\u1ec9nh th\u00f4ng qua c\u00e0i \u0111\u1eb7t tr\u00ecnh duy\u1ec7t.<\/span><\/p><h3><span style=\"color: #000000;\">7. Li\u00ean k\u1ebft c\u1ee7a b\u00ean th\u1ee9 ba<\/span><\/h3><p><span style=\"color: #000000;\">Ch\u00fang t\u00f4i c\u00f3 th\u1ec3 li\u00ean k\u1ebft \u0111\u1ebfn c\u00e1c trang web b\u00ean ngo\u00e0i. Ch\u00fang t\u00f4i khuy\u00ean b\u1ea1n n\u00ean ki\u1ec3m tra ch\u00ednh s\u00e1ch b\u1ea3o m\u1eadt c\u1ee7a h\u1ecd v\u00ec ch\u00fang t\u00f4i kh\u00f4ng ch\u1ecbu tr\u00e1ch nhi\u1ec7m v\u1ec1 c\u00e1c ho\u1ea1t \u0111\u1ed9ng c\u1ee7a h\u1ecd.<\/span><\/p><h3><span style=\"color: #000000;\">8. C\u1eadp nh\u1eadt ch\u00ednh s\u00e1ch<\/span><\/h3><p><span style=\"color: #000000;\">Ch\u00ednh s\u00e1ch n\u00e0y c\u00f3 th\u1ec3 \u0111\u01b0\u1ee3c c\u1eadp nh\u1eadt \u0111\u1ecbnh k\u1ef3. Nh\u1eefng thay \u0111\u1ed5i s\u1ebd \u0111\u01b0\u1ee3c \u0111\u0103ng tr\u00ean trang web c\u1ee7a ch\u00fang t\u00f4i v\u00e0 ch\u00fang t\u00f4i khuy\u1ebfn kh\u00edch b\u1ea1n xem x\u00e9t th\u01b0\u1eddng xuy\u00ean.<\/span><\/p><h3><span style=\"color: #000000;\">9. Th\u00f4ng tin li\u00ean l\u1ea1c<\/span><\/h3><p><span style=\"color: #000000;\"><strong>T\u00ean c\u00f4ng ty<\/strong>: K\u1ef3 ngh\u1ec9 Triplyn<\/span><br \/><span style=\"color: #000000;\"><strong>\u0110\u1ecba ch\u1ec9<\/strong>: A-54, Khu c\u00f4ng nghi\u1ec7p Keshopur, Vikaspuri, New Delhi 110018, \u1ea4n \u0110\u1ed9<\/span><br \/><span style=\"color: #000000;\"><strong>E-mail<\/strong>: <strong><a style=\"color: #000000;\" href=\"mailto:contact@floatingmarketpattaya.com\" rel=\"noopener\">contact@floatingmarketpattaya.com<\/a><\/strong><\/span><\/p><h3><span style=\"color: #000000;\">10. S\u1ef1 \u0111\u1ed3ng \u00fd v\u00e0 tu\u00e2n th\u1ee7 ph\u00e1p lu\u1eadt<\/span><\/h3><p><span style=\"color: #000000;\">B\u1eb1ng c\u00e1ch s\u1eed d\u1ee5ng trang web c\u1ee7a ch\u00fang t\u00f4i, b\u1ea1n \u0111\u1ed3ng \u00fd v\u1edbi ch\u00ednh s\u00e1ch n\u00e0y. Ch\u00fang t\u00f4i tu\u00e2n th\u1ee7 lu\u1eadt b\u1ea3o v\u1ec7 d\u1eef li\u1ec7u nh\u01b0 GDPR \u0111\u1ec3 b\u1ea3o v\u1ec7 quy\u1ec1n c\u1ee7a b\u1ea1n.<\/span><\/p><h3><span style=\"color: #000000;\">11. Quy\u1ec1n ri\u00eang t\u01b0 c\u1ee7a tr\u1ebb em<\/span><\/h3><p><span style=\"color: #000000;\">Ch\u00fang t\u00f4i kh\u00f4ng c\u1ed1 \u00fd thu th\u1eadp d\u1eef li\u1ec7u t\u1eeb tr\u1ebb em d\u01b0\u1edbi 13 tu\u1ed5i. N\u1ebfu ph\u00e1t hi\u1ec7n d\u1eef li\u1ec7u \u0111\u00f3, ch\u00fang t\u00f4i s\u1ebd x\u00f3a ngay sau khi nh\u1eadn \u0111\u01b0\u1ee3c th\u00f4ng b\u00e1o.<\/span><\/p><h3><span style=\"color: #000000;\">12. L\u01b0u gi\u1eef d\u1eef li\u1ec7u<\/span><\/h3><p><span style=\"color: #000000;\">D\u1eef li\u1ec7u ch\u1ec9 \u0111\u01b0\u1ee3c l\u01b0u gi\u1eef khi c\u1ea7n thi\u1ebft cho vi\u1ec7c cung c\u1ea5p d\u1ecbch v\u1ee5. Khi c\u00f3 y\u00eau c\u1ea7u x\u00f3a, d\u1eef li\u1ec7u s\u1ebd \u0111\u01b0\u1ee3c x\u00f3a m\u1ed9t c\u00e1ch an to\u00e0n.<\/span><\/p><p><span style=\"color: #000000;\">Triplyn Holidays \u0111\u1ea3m b\u1ea3o d\u1eef li\u1ec7u c\u1ee7a b\u1ea1n \u0111\u01b0\u1ee3c qu\u1ea3n l\u00fd h\u1ebft s\u1ee9c c\u1ea9n th\u1eadn trong su\u1ed1t qu\u00e1 tr\u00ecnh t\u01b0\u01a1ng t\u00e1c v\u1edbi Ch\u1ee3 n\u1ed5i Pattaya.<\/span><\/p>\t\t\t\t\t\t\t\t<\/div>\n\t\t\t\t<\/div>\n\t\t\t\t\t<\/div>\n\t\t<\/div>\n\t\t\t\t\t<\/div>\n\t\t<\/section>\n\t\t\t\t<\/div>","protected":false},"excerpt":{"rendered":"<p>Privacy Policy for Pattaya Floating Market At Pattaya Floating Market, operated by Triplyn Holidays, we prioritize the privacy and security of our visitors and customers. This Privacy Policy outlines how we collect, use, and protect your personal information when you interact with our website, https:\/\/floatingmarketpattaya.com. 1. Information We Collect We gather the following types of [&hellip;]<\/p>\n","protected":false},"author":1,"featured_media":0,"parent":0,"menu_order":0,"comment_status":"closed","ping_status":"open","template":"","meta":{"ocean_post_layout":"","ocean_both_sidebars_style":"","ocean_both_sidebars_content_width":0,"ocean_both_sidebars_sidebars_width":0,"ocean_sidebar":"","ocean_second_sidebar":"","ocean_disable_margins":"enable","ocean_add_body_class":"","ocean_shortcode_before_top_bar":"","ocean_shortcode_after_top_bar":"","ocean_shortcode_before_header":"","ocean_shortcode_after_header":"","ocean_has_shortcode":"","ocean_shortcode_after_title":"","ocean_shortcode_before_footer_widgets":"","ocean_shortcode_after_footer_widgets":"","ocean_shortcode_before_footer_bottom":"","ocean_shortcode_after_footer_bottom":"","ocean_display_top_bar":"default","ocean_display_header":"default","ocean_header_style":"","ocean_center_header_left_menu":"","ocean_custom_header_template":"","ocean_custom_logo":0,"ocean_custom_retina_logo":0,"ocean_custom_logo_max_width":0,"ocean_custom_logo_tablet_max_width":0,"ocean_custom_logo_mobile_max_width":0,"ocean_custom_logo_max_height":0,"ocean_custom_logo_tablet_max_height":0,"ocean_custom_logo_mobile_max_height":0,"ocean_header_custom_menu":"","ocean_menu_typo_font_family":"","ocean_menu_typo_font_subset":"","ocean_menu_typo_font_size":0,"ocean_menu_typo_font_size_tablet":0,"ocean_menu_typo_font_size_mobile":0,"ocean_menu_typo_font_size_unit":"px","ocean_menu_typo_font_weight":"","ocean_menu_typo_font_weight_tablet":"","ocean_menu_typo_font_weight_mobile":"","ocean_menu_typo_transform":"","ocean_menu_typo_transform_tablet":"","ocean_menu_typo_transform_mobile":"","ocean_menu_typo_line_height":0,"ocean_menu_typo_line_height_tablet":0,"ocean_menu_typo_line_height_mobile":0,"ocean_menu_typo_line_height_unit":"","ocean_menu_typo_spacing":0,"ocean_menu_typo_spacing_tablet":0,"ocean_menu_typo_spacing_mobile":0,"ocean_menu_typo_spacing_unit":"","ocean_menu_link_color":"","ocean_menu_link_color_hover":"","ocean_menu_link_color_active":"","ocean_menu_link_background":"","ocean_menu_link_hover_background":"","ocean_menu_link_active_background":"","ocean_menu_social_links_bg":"","ocean_menu_social_hover_links_bg":"","ocean_menu_social_links_color":"","ocean_menu_social_hover_links_color":"","ocean_disable_title":"default","ocean_disable_heading":"default","ocean_post_title":"","ocean_post_subheading":"","ocean_post_title_style":"","ocean_post_title_background_color":"","ocean_post_title_background":0,"ocean_post_title_bg_image_position":"","ocean_post_title_bg_image_attachment":"","ocean_post_title_bg_image_repeat":"","ocean_post_title_bg_image_size":"","ocean_post_title_height":0,"ocean_post_title_bg_overlay":0.5,"ocean_post_title_bg_overlay_color":"","ocean_disable_breadcrumbs":"default","ocean_breadcrumbs_color":"","ocean_breadcrumbs_separator_color":"","ocean_breadcrumbs_links_color":"","ocean_breadcrumbs_links_hover_color":"","ocean_display_footer_widgets":"default","ocean_display_footer_bottom":"default","ocean_custom_footer_template":"","footnotes":""},"class_list":["post-3","page","type-page","status-publish","hentry","entry","owp-thumbs-layout-horizontal","owp-btn-normal","owp-tabs-layout-horizontal","has-no-thumbnails","has-product-nav"],"yoast_head":"<!-- This site is optimized with the Yoast SEO plugin v27.4 - https:\/\/yoast.com\/product\/yoast-seo-wordpress\/ -->\n<title>Privacy Policy | Pattaya Floating Market<\/title>\n<meta name=\"description\" content=\"Read Our Privacy Policy To Learn How Pattaya Floating Market Protects Your Data. Your Trust Matters To Us For A Safe, Secure Booking.\" \/>\n<meta name=\"robots\" content=\"noindex, follow\" \/>\n<meta property=\"og:locale\" content=\"vi_VN\" \/>\n<meta property=\"og:type\" content=\"article\" \/>\n<meta property=\"og:title\" content=\"Privacy Policy | Pattaya Floating Market\" \/>\n<meta property=\"og:description\" content=\"Read Our Privacy Policy To Learn How Pattaya Floating Market Protects Your Data. Your Trust Matters To Us For A Safe, Secure Booking.\" \/>\n<meta property=\"og:url\" content=\"https:\/\/floatingmarketpattaya.com\/vi\/chinh-sach-bao-mat\/\" \/>\n<meta property=\"og:site_name\" content=\"Pattaya Floating Market\" \/>\n<meta property=\"article:modified_time\" content=\"2024-11-02T12:30:23+00:00\" \/>\n<meta name=\"twitter:card\" content=\"summary_large_image\" \/>\n<meta name=\"twitter:label1\" content=\"\u01af\u1edbc t\u00ednh th\u1eddi gian \u0111\u1ecdc\" \/>\n\t<meta name=\"twitter:data1\" content=\"2 ph\u00fat\" \/>\n<script type=\"application\/ld+json\" class=\"yoast-schema-graph\">{\"@context\":\"https:\\\/\\\/schema.org\",\"@graph\":[{\"@type\":\"WebPage\",\"@id\":\"https:\\\/\\\/floatingmarketpattaya.com\\\/privacy-policy\\\/\",\"url\":\"https:\\\/\\\/floatingmarketpattaya.com\\\/privacy-policy\\\/\",\"name\":\"Privacy Policy | Pattaya Floating Market\",\"isPartOf\":{\"@id\":\"https:\\\/\\\/floatingmarketpattaya.com\\\/#website\"},\"datePublished\":\"2024-08-27T12:39:40+00:00\",\"dateModified\":\"2024-11-02T12:30:23+00:00\",\"description\":\"Read Our Privacy Policy To Learn How Pattaya Floating Market Protects Your Data. Your Trust Matters To Us For A Safe, Secure Booking.\",\"breadcrumb\":{\"@id\":\"https:\\\/\\\/floatingmarketpattaya.com\\\/privacy-policy\\\/#breadcrumb\"},\"inLanguage\":\"vi\",\"potentialAction\":[{\"@type\":\"ReadAction\",\"target\":[\"https:\\\/\\\/floatingmarketpattaya.com\\\/privacy-policy\\\/\"]}]},{\"@type\":\"BreadcrumbList\",\"@id\":\"https:\\\/\\\/floatingmarketpattaya.com\\\/privacy-policy\\\/#breadcrumb\",\"itemListElement\":[{\"@type\":\"ListItem\",\"position\":1,\"name\":\"Home\",\"item\":\"https:\\\/\\\/floatingmarketpattaya.com\\\/\"},{\"@type\":\"ListItem\",\"position\":2,\"name\":\"Privacy Policy\"}]},{\"@type\":\"WebSite\",\"@id\":\"https:\\\/\\\/floatingmarketpattaya.com\\\/#website\",\"url\":\"https:\\\/\\\/floatingmarketpattaya.com\\\/\",\"name\":\"Pattaya Floating Market\",\"description\":\"\",\"publisher\":{\"@id\":\"https:\\\/\\\/floatingmarketpattaya.com\\\/#organization\"},\"potentialAction\":[{\"@type\":\"SearchAction\",\"target\":{\"@type\":\"EntryPoint\",\"urlTemplate\":\"https:\\\/\\\/floatingmarketpattaya.com\\\/?s={search_term_string}\"},\"query-input\":{\"@type\":\"PropertyValueSpecification\",\"valueRequired\":true,\"valueName\":\"search_term_string\"}}],\"inLanguage\":\"vi\"},{\"@type\":\"Organization\",\"@id\":\"https:\\\/\\\/floatingmarketpattaya.com\\\/#organization\",\"name\":\"Pattaya Floating Market\",\"url\":\"https:\\\/\\\/floatingmarketpattaya.com\\\/\",\"logo\":{\"@type\":\"ImageObject\",\"inLanguage\":\"vi\",\"@id\":\"https:\\\/\\\/floatingmarketpattaya.com\\\/#\\\/schema\\\/logo\\\/image\\\/\",\"url\":\"https:\\\/\\\/floatingmarketpattaya.com\\\/wp-content\\\/uploads\\\/2024\\\/08\\\/Pattaya-Floating-Market.png\",\"contentUrl\":\"https:\\\/\\\/floatingmarketpattaya.com\\\/wp-content\\\/uploads\\\/2024\\\/08\\\/Pattaya-Floating-Market.png\",\"width\":350,\"height\":100,\"caption\":\"Pattaya Floating Market\"},\"image\":{\"@id\":\"https:\\\/\\\/floatingmarketpattaya.com\\\/#\\\/schema\\\/logo\\\/image\\\/\"}}]}<\/script>\n<!-- \/ Yoast SEO plugin. -->","yoast_head_json":{"title":"Ch\u00ednh s\u00e1ch b\u1ea3o m\u1eadt | Ch\u1ee3 n\u1ed5i Pattaya","description":"\u0110\u1ecdc Ch\u00ednh s\u00e1ch b\u1ea3o m\u1eadt c\u1ee7a ch\u00fang t\u00f4i \u0111\u1ec3 bi\u1ebft c\u00e1ch Ch\u1ee3 n\u1ed5i Pattaya b\u1ea3o v\u1ec7 d\u1eef li\u1ec7u c\u1ee7a b\u1ea1n. S\u1ef1 tin t\u01b0\u1edfng c\u1ee7a b\u1ea1n r\u1ea5t quan tr\u1ecdng \u0111\u1ed1i v\u1edbi ch\u00fang t\u00f4i \u0111\u1ec3 c\u00f3 m\u1ed9t chuy\u1ebfn \u0111\u1eb7t ph\u00f2ng an to\u00e0n v\u00e0 b\u1ea3o m\u1eadt.","robots":{"index":"noindex","follow":"follow"},"og_locale":"vi_VN","og_type":"article","og_title":"Privacy Policy | Pattaya Floating Market","og_description":"Read Our Privacy Policy To Learn How Pattaya Floating Market Protects Your Data. Your Trust Matters To Us For A Safe, Secure Booking.","og_url":"https:\/\/floatingmarketpattaya.com\/vi\/chinh-sach-bao-mat\/","og_site_name":"Pattaya Floating Market","article_modified_time":"2024-11-02T12:30:23+00:00","twitter_card":"summary_large_image","twitter_misc":{"\u01af\u1edbc t\u00ednh th\u1eddi gian \u0111\u1ecdc":"2 ph\u00fat"},"schema":{"@context":"https:\/\/schema.org","@graph":[{"@type":"WebPage","@id":"https:\/\/floatingmarketpattaya.com\/privacy-policy\/","url":"https:\/\/floatingmarketpattaya.com\/privacy-policy\/","name":"Ch\u00ednh s\u00e1ch b\u1ea3o m\u1eadt | Ch\u1ee3 n\u1ed5i Pattaya","isPartOf":{"@id":"https:\/\/floatingmarketpattaya.com\/#website"},"datePublished":"2024-08-27T12:39:40+00:00","dateModified":"2024-11-02T12:30:23+00:00","description":"\u0110\u1ecdc Ch\u00ednh s\u00e1ch b\u1ea3o m\u1eadt c\u1ee7a ch\u00fang t\u00f4i \u0111\u1ec3 bi\u1ebft c\u00e1ch Ch\u1ee3 n\u1ed5i Pattaya b\u1ea3o v\u1ec7 d\u1eef li\u1ec7u c\u1ee7a b\u1ea1n. S\u1ef1 tin t\u01b0\u1edfng c\u1ee7a b\u1ea1n r\u1ea5t quan tr\u1ecdng \u0111\u1ed1i v\u1edbi ch\u00fang t\u00f4i \u0111\u1ec3 c\u00f3 m\u1ed9t chuy\u1ebfn \u0111\u1eb7t ph\u00f2ng an to\u00e0n v\u00e0 b\u1ea3o m\u1eadt.","breadcrumb":{"@id":"https:\/\/floatingmarketpattaya.com\/privacy-policy\/#breadcrumb"},"inLanguage":"vi","potentialAction":[{"@type":"ReadAction","target":["https:\/\/floatingmarketpattaya.com\/privacy-policy\/"]}]},{"@type":"BreadcrumbList","@id":"https:\/\/floatingmarketpattaya.com\/privacy-policy\/#breadcrumb","itemListElement":[{"@type":"ListItem","position":1,"name":"Home","item":"https:\/\/floatingmarketpattaya.com\/"},{"@type":"ListItem","position":2,"name":"Privacy Policy"}]},{"@type":"WebSite","@id":"https:\/\/floatingmarketpattaya.com\/#website","url":"https:\/\/floatingmarketpattaya.com\/","name":"Ch\u1ee3 n\u1ed5i Pattaya","description":"","publisher":{"@id":"https:\/\/floatingmarketpattaya.com\/#organization"},"potentialAction":[{"@type":"SearchAction","target":{"@type":"EntryPoint","urlTemplate":"https:\/\/floatingmarketpattaya.com\/?s={search_term_string}"},"query-input":{"@type":"PropertyValueSpecification","valueRequired":true,"valueName":"search_term_string"}}],"inLanguage":"vi"},{"@type":"Organization","@id":"https:\/\/floatingmarketpattaya.com\/#organization","name":"Ch\u1ee3 n\u1ed5i Pattaya","url":"https:\/\/floatingmarketpattaya.com\/","logo":{"@type":"ImageObject","inLanguage":"vi","@id":"https:\/\/floatingmarketpattaya.com\/#\/schema\/logo\/image\/","url":"https:\/\/floatingmarketpattaya.com\/wp-content\/uploads\/2024\/08\/Pattaya-Floating-Market.png","contentUrl":"https:\/\/floatingmarketpattaya.com\/wp-content\/uploads\/2024\/08\/Pattaya-Floating-Market.png","width":350,"height":100,"caption":"Pattaya Floating Market"},"image":{"@id":"https:\/\/floatingmarketpattaya.com\/#\/schema\/logo\/image\/"}}]}},"jetpack_sharing_enabled":true,"_links":{"self":[{"href":"https:\/\/floatingmarketpattaya.com\/vi\/wp-json\/wp\/v2\/pages\/3","targetHints":{"allow":["GET"]}}],"collection":[{"href":"https:\/\/floatingmarketpattaya.com\/vi\/wp-json\/wp\/v2\/pages"}],"about":[{"href":"https:\/\/floatingmarketpattaya.com\/vi\/wp-json\/wp\/v2\/types\/page"}],"author":[{"embeddable":true,"href":"https:\/\/floatingmarketpattaya.com\/vi\/wp-json\/wp\/v2\/users\/1"}],"replies":[{"embeddable":true,"href":"https:\/\/floatingmarketpattaya.com\/vi\/wp-json\/wp\/v2\/comments?post=3"}],"version-history":[{"count":24,"href":"https:\/\/floatingmarketpattaya.com\/vi\/wp-json\/wp\/v2\/pages\/3\/revisions"}],"predecessor-version":[{"id":3095,"href":"https:\/\/floatingmarketpattaya.com\/vi\/wp-json\/wp\/v2\/pages\/3\/revisions\/3095"}],"wp:attachment":[{"href":"https:\/\/floatingmarketpattaya.com\/vi\/wp-json\/wp\/v2\/media?parent=3"}],"curies":[{"name":"wp","href":"https:\/\/api.w.org\/{rel}","templated":true}]}}