{"id":2602,"date":"2024-10-17T07:09:30","date_gmt":"2024-10-17T01:39:30","guid":{"rendered":"https:\/\/floatingmarketpattaya.com\/?page_id=2602"},"modified":"2024-11-02T17:47:24","modified_gmt":"2024-11-02T12:17:24","slug":"chinh-sach-hoan-tien-huy-bo","status":"publish","type":"page","link":"https:\/\/floatingmarketpattaya.com\/vi\/chinh-sach-hoan-tien-huy-bo\/","title":{"rendered":"Ch\u00ednh s\u00e1ch h\u1ee7y v\u00e0 ho\u00e0n ti\u1ec1n"},"content":{"rendered":"<div data-elementor-type=\"wp-page\" data-elementor-id=\"2602\" class=\"elementor elementor-2602\" data-elementor-post-type=\"page\">\n\t\t\t\t\t\t<section data-particle_enable=\"false\" data-particle-mobile-disabled=\"false\" class=\"elementor-section elementor-top-section elementor-element elementor-element-dd1cff4 elementor-section-boxed elementor-section-height-default elementor-section-height-default\" data-id=\"dd1cff4\" data-element_type=\"section\" data-e-type=\"section\">\n\t\t\t\t\t\t<div class=\"elementor-container elementor-column-gap-default\">\n\t\t\t\t\t<div class=\"elementor-column elementor-col-100 elementor-top-column elementor-element elementor-element-66f8870\" data-id=\"66f8870\" data-element_type=\"column\" data-e-type=\"column\">\n\t\t\t<div class=\"elementor-widget-wrap elementor-element-populated\">\n\t\t\t\t\t\t<div class=\"elementor-element elementor-element-8bde37f elementor-widget elementor-widget-text-editor\" data-id=\"8bde37f\" data-element_type=\"widget\" data-e-type=\"widget\" data-widget_type=\"text-editor.default\">\n\t\t\t\t<div class=\"elementor-widget-container\">\n\t\t\t\t\t\t\t\t\t<h2 style=\"text-align: center;\"><span style=\"color: #000000;\"><strong>Ch\u00ednh s\u00e1ch h\u1ee7y v\u00e0 ho\u00e0n ti\u1ec1n \u2013 Ch\u1ee3 n\u1ed5i Pattaya<\/strong><\/span><\/h2><p><span style=\"color: #000000;\">T\u1ea1i Ch\u1ee3 n\u1ed5i Pattaya, ch\u00fang t\u00f4i cam k\u1ebft cung c\u1ea5p tr\u1ea3i nghi\u1ec7m \u0111\u1eb7t v\u00e9 li\u1ec1n m\u1ea1ch v\u00e0 minh b\u1ea1ch. Ch\u00ednh s\u00e1ch n\u00e0y cung c\u1ea5p h\u01b0\u1edbng d\u1eabn r\u00f5 r\u00e0ng v\u1ec1 vi\u1ec7c h\u1ee7y v\u00e0 ho\u00e0n ti\u1ec1n cho c\u00e1c \u0111\u1eb7t ch\u1ed7 \u0111\u01b0\u1ee3c th\u1ef1c hi\u1ec7n th\u00f4ng qua trang web ch\u00ednh th\u1ee9c c\u1ee7a ch\u00fang t\u00f4i, <a style=\"color: #000000;\" href=\"https:\/\/floatingmarketpattaya.com\/vi\/\" target=\"_new\" rel=\"noopener\">https:\/\/floatingmarketpattaya.com<\/a>.<\/span><\/p><h3><span style=\"color: #000000;\">1. Ch\u00ednh s\u00e1ch h\u1ee7y b\u1ecf chung<\/span><\/h3><ul><li><span style=\"color: #000000;\"><strong>Th\u00f4ng b\u00e1o tr\u01b0\u1edbc<\/strong>: Ph\u1ea3i h\u1ee7y \u00edt nh\u1ea5t 48 gi\u1edd tr\u01b0\u1edbc khi \u0111\u1ebfn th\u0103m \u0111\u1ec3 \u0111\u1ee7 \u0111i\u1ec1u ki\u1ec7n \u0111\u01b0\u1ee3c ho\u00e0n l\u1ea1i ti\u1ec1n.<\/span><\/li><li><span style=\"color: #000000;\"><strong>Y\u00eau c\u1ea7u h\u1ee7y b\u1ecf<\/strong>: \u0110\u1ec3 y\u00eau c\u1ea7u h\u1ee7y, vui l\u00f2ng g\u1eedi email <a style=\"color: #000000;\" href=\"mailto:contact@floatingmarketpattaya.com\" rel=\"noopener\">contact@floatingmarketpattaya.com<\/a> v\u1edbi \u0111\u1ea7y \u0111\u1ee7 th\u00f4ng tin \u0111\u1eb7t ch\u1ed7 c\u1ee7a b\u1ea1n, bao g\u1ed3m t\u00ean, m\u00e3 \u0111\u1eb7t ch\u1ed7 v\u00e0 l\u00fd do h\u1ee7y.<\/span><\/li><li><span style=\"color: #000000;\"><strong>H\u1ee7y b\u1ecf mu\u1ed9n<\/strong>: Vi\u1ec7c h\u1ee7y trong v\u00f2ng 48 gi\u1edd tr\u01b0\u1edbc ng\u00e0y tham quan s\u1ebd kh\u00f4ng \u0111\u01b0\u1ee3c ho\u00e0n l\u1ea1i ti\u1ec1n, tr\u1eeb tr\u01b0\u1eddng h\u1ee3p kh\u1ea9n c\u1ea5p theo quy\u1ebft \u0111\u1ecbnh c\u1ee7a Ch\u1ee3 n\u1ed5i Pattaya.<\/span><\/li><\/ul><h3><span style=\"color: #000000;\">2. V\u00e9 kh\u00f4ng \u0111\u01b0\u1ee3c ho\u00e0n l\u1ea1i<\/span><\/h3><ul><li><span style=\"color: #000000;\"><strong>V\u00e9 khuy\u1ebfn m\u1ea1i<\/strong>: M\u1ed9t s\u1ed1 v\u00e9, bao g\u1ed3m c\u1ea3 v\u00e9 c\u00f3 ch\u01b0\u01a1ng tr\u00ecnh khuy\u1ebfn m\u00e3i ho\u1eb7c gi\u1ea3m gi\u00e1 \u0111\u1eb7c bi\u1ec7t, c\u00f3 th\u1ec3 kh\u00f4ng \u0111\u01b0\u1ee3c ho\u00e0n l\u1ea1i. \u0110i\u1ec1u n\u00e0y s\u1ebd \u0111\u01b0\u1ee3c ch\u1ec9 \u0111\u1ecbnh trong qu\u00e1 tr\u00ecnh \u0111\u1eb7t v\u00e9, v\u00ec v\u1eady vui l\u00f2ng xem l\u1ea1i t\u1ea5t c\u1ea3 c\u00e1c \u0111i\u1ec1u kho\u1ea3n c\u1ee7a v\u00e9 tr\u01b0\u1edbc khi mua.<\/span><\/li><\/ul><h3><span style=\"color: #000000;\">3. Ch\u00ednh s\u00e1ch ho\u00e0n ti\u1ec1n<\/span><\/h3><ul><li><span style=\"color: #000000;\"><strong>\u0110i\u1ec1u ki\u1ec7n \u0111\u1ee7<\/strong>:Ch\u00fang t\u00f4i s\u1ebd ho\u00e0n l\u1ea1i ti\u1ec1n n\u1ebfu h\u1ee7y \u0111\u01a1n h\u00e0ng trong v\u00f2ng 48 gi\u1edd k\u1ec3 t\u1eeb th\u1eddi \u0111i\u1ec3m th\u00f4ng b\u00e1o.<\/span><\/li><li><span style=\"color: #000000;\"><strong>Th\u1eddi gian x\u1eed l\u00fd<\/strong>: Vi\u1ec7c ho\u00e0n ti\u1ec1n s\u1ebd \u0111\u01b0\u1ee3c x\u1eed l\u00fd trong v\u00f2ng 7-14 ng\u00e0y l\u00e0m vi\u1ec7c sau khi x\u00e1c nh\u1eadn.<\/span><\/li><li><span style=\"color: #000000;\"><strong>Ph\u01b0\u01a1ng ph\u00e1p ho\u00e0n ti\u1ec1n<\/strong>: Ti\u1ec1n s\u1ebd \u0111\u01b0\u1ee3c ho\u00e0n l\u1ea1i theo ph\u01b0\u01a1ng th\u1ee9c thanh to\u00e1n ban \u0111\u1ea7u \u0111\u00e3 s\u1eed d\u1ee5ng khi \u0111\u1eb7t ph\u00f2ng.<\/span><\/li><\/ul><h3><span style=\"color: #000000;\">4. Kh\u00f4ng \u0111\u1ebfn v\u00e0 H\u1ee7y trong ng\u00e0y<\/span><\/h3><ul><li><span style=\"color: #000000;\"><strong>Ch\u00ednh s\u00e1ch<\/strong>: Kh\u00f4ng ho\u00e0n l\u1ea1i ti\u1ec1n cho tr\u01b0\u1eddng h\u1ee3p kh\u00f4ng \u0111\u1ebfn ho\u1eb7c h\u1ee7y chuy\u1ebfn v\u00e0o ng\u00e0y tham quan theo l\u1ecbch tr\u00ecnh.<\/span><\/li><\/ul><h3><span style=\"color: #000000;\">5. Ch\u00ednh s\u00e1ch s\u1eafp x\u1ebfp l\u1ea1i l\u1ecbch tr\u00ecnh<\/span><\/h3><ul><li><span style=\"color: #000000;\"><strong>L\u00ean l\u1ecbch l\u1ea1i<\/strong>: Y\u00eau c\u1ea7u \u0111\u1ed5i l\u1ecbch ph\u1ea3i \u0111\u01b0\u1ee3c g\u1eedi tr\u01b0\u1edbc \u00edt nh\u1ea5t 48 gi\u1edd v\u00e0 t\u00f9y thu\u1ed9c v\u00e0o t\u00ecnh tr\u1ea1ng c\u00f2n ch\u1ed7. C\u00e1c \u0111\u1eb7t ph\u00f2ng \u0111\u1ed5i l\u1ecbch s\u1ebd tu\u00e2n theo ch\u00ednh s\u00e1ch h\u1ee7y gi\u1ed1ng nh\u01b0 ban \u0111\u1ea7u.<\/span><\/li><\/ul><h3><span style=\"color: #000000;\">6. H\u1ee7y b\u1ecf b\u1edfi Ch\u1ee3 n\u1ed5i Pattaya<\/span><\/h3><p><span style=\"color: #000000;\">Trong tr\u01b0\u1eddng h\u1ee3p kh\u00f4ng mong mu\u1ed1n Ch\u1ee3 n\u1ed5i Pattaya ph\u1ea3i h\u1ee7y \u0111\u1eb7t ch\u1ed7 c\u1ee7a b\u1ea1n, b\u1ea1n s\u1ebd c\u00f3 t\u00f9y ch\u1ecdn:<\/span><\/p><ul><li><span style=\"color: #000000;\"><strong>L\u00ean l\u1ecbch l\u1ea1i<\/strong> chuy\u1ebfn th\u0103m c\u1ee7a b\u1ea1n m\u00e0 kh\u00f4ng m\u1ea5t th\u00eam chi ph\u00ed.<\/span><\/li><li><span style=\"color: #000000;\">Nh\u1eadn \u0111\u01b0\u1ee3c m\u1ed9t <strong>ho\u00e0n l\u1ea1i to\u00e0n b\u1ed9 ti\u1ec1n<\/strong>, bao g\u1ed3m m\u1ecdi kho\u1ea3n ph\u00ed li\u00ean quan.<\/span><\/li><\/ul><h3><span style=\"color: #000000;\">7. \u0110\u1eb7t ch\u1ed7 c\u1ee7a b\u00ean th\u1ee9 ba<\/span><\/h3><ul><li><span style=\"color: #000000;\"><strong>Nh\u00e0 cung c\u1ea5p b\u00ean ngo\u00e0i<\/strong>: \u0110\u1ed1i v\u1edbi c\u00e1c \u0111\u1eb7t ph\u00f2ng \u0111\u01b0\u1ee3c th\u1ef1c hi\u1ec7n th\u00f4ng qua c\u00e1c \u0111\u1ed1i t\u00e1c b\u00ean th\u1ee9 ba, ch\u00ednh s\u00e1ch h\u1ee7y v\u00e0 ho\u00e0n ti\u1ec1n c\u1ee5 th\u1ec3 c\u1ee7a h\u1ecd s\u1ebd \u0111\u01b0\u1ee3c \u00e1p d\u1ee5ng. Ch\u1ee3 n\u1ed5i Pattaya kh\u00f4ng ch\u1ecbu tr\u00e1ch nhi\u1ec7m cho c\u00e1c l\u1ea7n h\u1ee7y ho\u1eb7c ho\u00e0n ti\u1ec1n \u0111\u01b0\u1ee3c qu\u1ea3n l\u00fd th\u00f4ng qua c\u00e1c nh\u00e0 cung c\u1ea5p b\u00ean ngo\u00e0i.<\/span><\/li><\/ul><h3><span style=\"color: #000000;\">8. Nh\u1eefng c\u00e2n nh\u1eafc \u0111\u1eb7c bi\u1ec7t<\/span><\/h3><ul><li><span style=\"color: #000000;\"><strong>\u0110\u1eb7t ch\u1ed7 theo nh\u00f3m &amp; S\u1ef1 ki\u1ec7n<\/strong>: C\u00e1c ch\u00ednh s\u00e1ch t\u00f9y ch\u1ec9nh c\u00f3 th\u1ec3 \u00e1p d\u1ee5ng cho c\u00e1c chuy\u1ebfn th\u0103m nh\u00f3m ho\u1eb7c s\u1ef1 ki\u1ec7n ri\u00eang t\u01b0. Tham kh\u1ea3o c\u00e1c \u0111i\u1ec1u kho\u1ea3n \u0111\u01b0\u1ee3c cung c\u1ea5p trong qu\u00e1 tr\u00ecnh \u0111\u1eb7t ph\u00f2ng ho\u1eb7c li\u00ean h\u1ec7 v\u1edbi ch\u00fang t\u00f4i \u0111\u1ec3 \u0111\u01b0\u1ee3c h\u1ed7 tr\u1ee3.<\/span><\/li><\/ul><h3><span style=\"color: #000000;\">9. Th\u00f4ng tin li\u00ean l\u1ea1c<\/span><\/h3><p><span style=\"color: #000000;\">\u0110\u1ec3 bi\u1ebft th\u00eam th\u00f4ng tin chi ti\u1ebft ho\u1eb7c h\u1ed7 tr\u1ee3 v\u1ec1 vi\u1ec7c h\u1ee7y v\u00e0 ho\u00e0n ti\u1ec1n, h\u00e3y li\u00ean h\u1ec7 v\u1edbi ch\u00fang t\u00f4i theo \u0111\u1ecba ch\u1ec9:<\/span><\/p><ul><li><span style=\"color: #000000;\"><strong>E-mail<\/strong>: <a style=\"color: #000000;\" href=\"mailto:contact@floatingmarketpattaya.com\" rel=\"noopener\">contact@floatingmarketpattaya.com<\/a><\/span><\/li><li><span style=\"color: #000000;\"><strong>Tr\u00f2 chuy\u1ec7n tr\u1ef1c ti\u1ebfp<\/strong>: C\u00f3 s\u1eb5n tr\u00ean c\u1ee7a ch\u00fang t\u00f4i <a style=\"color: #000000;\" href=\"https:\/\/floatingmarketpattaya.com\/vi\/\" target=\"_new\" rel=\"noopener\">trang web<\/a><\/span><\/li><\/ul><p><span style=\"color: #000000;\">Ch\u00fang t\u00f4i c\u1ed1 g\u1eafng tr\u1ea3 l\u1eddi m\u1ecdi th\u1eafc m\u1eafc trong v\u00f2ng 24 gi\u1edd.<\/span><\/p><h3><span style=\"color: #000000;\">10. Thay \u0111\u1ed5i ch\u00ednh s\u00e1ch<\/span><\/h3><p><span style=\"color: #000000;\"><a href=\"https:\/\/floatingmarketpattaya.com\/vi\/\">Ch\u1ee3 n\u1ed5i Pattaya<\/a> c\u00f3 quy\u1ec1n s\u1eeda \u0111\u1ed5i ch\u00ednh s\u00e1ch n\u00e0y b\u1ea5t c\u1ee9 l\u00fac n\u00e0o. C\u00e1c b\u1ea3n c\u1eadp nh\u1eadt s\u1ebd \u0111\u01b0\u1ee3c \u0111\u0103ng tr\u00ean <a style=\"color: #000000;\" href=\"https:\/\/floatingmarketpattaya.com\/vi\/\" target=\"_new\" rel=\"noopener\">trang web c\u1ee7a ch\u00fang t\u00f4i<\/a>v\u00e0 b\u1ea1n c\u00f3 tr\u00e1ch nhi\u1ec7m xem x\u00e9t ch\u00ednh s\u00e1ch n\u00e0y \u0111\u1ecbnh k\u1ef3.<\/span><\/p><p><span style=\"color: #000000;\">Khi \u0111\u1eb7t ph\u00f2ng t\u1ea1i Ch\u1ee3 n\u1ed5i Pattaya, b\u1ea1n th\u1eeba nh\u1eadn v\u00e0 \u0111\u1ed3ng \u00fd v\u1edbi Ch\u00ednh s\u00e1ch h\u1ee7y v\u00e0 ho\u00e0n ti\u1ec1n n\u00e0y.<\/span><\/p>\t\t\t\t\t\t\t\t<\/div>\n\t\t\t\t<\/div>\n\t\t\t\t\t<\/div>\n\t\t<\/div>\n\t\t\t\t\t<\/div>\n\t\t<\/section>\n\t\t\t\t<\/div>","protected":false},"excerpt":{"rendered":"<p>Cancellation &amp; Refund Policy \u2013 Pattaya Floating Market At Pattaya Floating Market, we are committed to offering a seamless and transparent ticket booking experience. This policy provides clear guidelines for cancellations and refunds for bookings made through our official website, https:\/\/floatingmarketpattaya.com. 1. General Cancellation Policy Advance Notice: Cancellations must be made at least 48 hours [&hellip;]<\/p>\n","protected":false},"author":1,"featured_media":0,"parent":0,"menu_order":0,"comment_status":"closed","ping_status":"closed","template":"","meta":{"ocean_post_layout":"","ocean_both_sidebars_style":"","ocean_both_sidebars_content_width":0,"ocean_both_sidebars_sidebars_width":0,"ocean_sidebar":"","ocean_second_sidebar":"","ocean_disable_margins":"enable","ocean_add_body_class":"","ocean_shortcode_before_top_bar":"","ocean_shortcode_after_top_bar":"","ocean_shortcode_before_header":"","ocean_shortcode_after_header":"","ocean_has_shortcode":"","ocean_shortcode_after_title":"","ocean_shortcode_before_footer_widgets":"","ocean_shortcode_after_footer_widgets":"","ocean_shortcode_before_footer_bottom":"","ocean_shortcode_after_footer_bottom":"","ocean_display_top_bar":"default","ocean_display_header":"default","ocean_header_style":"","ocean_center_header_left_menu":"","ocean_custom_header_template":"","ocean_custom_logo":0,"ocean_custom_retina_logo":0,"ocean_custom_logo_max_width":0,"ocean_custom_logo_tablet_max_width":0,"ocean_custom_logo_mobile_max_width":0,"ocean_custom_logo_max_height":0,"ocean_custom_logo_tablet_max_height":0,"ocean_custom_logo_mobile_max_height":0,"ocean_header_custom_menu":"","ocean_menu_typo_font_family":"","ocean_menu_typo_font_subset":"","ocean_menu_typo_font_size":0,"ocean_menu_typo_font_size_tablet":0,"ocean_menu_typo_font_size_mobile":0,"ocean_menu_typo_font_size_unit":"px","ocean_menu_typo_font_weight":"","ocean_menu_typo_font_weight_tablet":"","ocean_menu_typo_font_weight_mobile":"","ocean_menu_typo_transform":"","ocean_menu_typo_transform_tablet":"","ocean_menu_typo_transform_mobile":"","ocean_menu_typo_line_height":0,"ocean_menu_typo_line_height_tablet":0,"ocean_menu_typo_line_height_mobile":0,"ocean_menu_typo_line_height_unit":"","ocean_menu_typo_spacing":0,"ocean_menu_typo_spacing_tablet":0,"ocean_menu_typo_spacing_mobile":0,"ocean_menu_typo_spacing_unit":"","ocean_menu_link_color":"","ocean_menu_link_color_hover":"","ocean_menu_link_color_active":"","ocean_menu_link_background":"","ocean_menu_link_hover_background":"","ocean_menu_link_active_background":"","ocean_menu_social_links_bg":"","ocean_menu_social_hover_links_bg":"","ocean_menu_social_links_color":"","ocean_menu_social_hover_links_color":"","ocean_disable_title":"default","ocean_disable_heading":"default","ocean_post_title":"","ocean_post_subheading":"","ocean_post_title_style":"","ocean_post_title_background_color":"","ocean_post_title_background":0,"ocean_post_title_bg_image_position":"","ocean_post_title_bg_image_attachment":"","ocean_post_title_bg_image_repeat":"","ocean_post_title_bg_image_size":"","ocean_post_title_height":0,"ocean_post_title_bg_overlay":0.5,"ocean_post_title_bg_overlay_color":"","ocean_disable_breadcrumbs":"default","ocean_breadcrumbs_color":"","ocean_breadcrumbs_separator_color":"","ocean_breadcrumbs_links_color":"","ocean_breadcrumbs_links_hover_color":"","ocean_display_footer_widgets":"default","ocean_display_footer_bottom":"default","ocean_custom_footer_template":"","footnotes":""},"class_list":["post-2602","page","type-page","status-publish","hentry","entry","owp-thumbs-layout-horizontal","owp-btn-normal","owp-tabs-layout-horizontal","has-no-thumbnails","has-product-nav"],"yoast_head":"<!-- This site is optimized with the Yoast SEO plugin v27.5 - https:\/\/yoast.com\/product\/yoast-seo-wordpress\/ -->\n<title>Cancellation &amp; Refund Policy | Pattaya Floating Market<\/title>\n<meta name=\"description\" content=\"Review Our Clear Cancellation &amp; Refund Policy For Pattaya Floating Market Tickets. Book Confidently With Transparent Guidelines.\" \/>\n<meta name=\"robots\" content=\"noindex, follow\" \/>\n<meta property=\"og:locale\" content=\"vi_VN\" \/>\n<meta property=\"og:type\" content=\"article\" \/>\n<meta property=\"og:title\" content=\"Cancellation &amp; Refund Policy | Pattaya Floating Market\" \/>\n<meta property=\"og:description\" content=\"Review Our Clear Cancellation &amp; Refund Policy For Pattaya Floating Market Tickets. Book Confidently With Transparent Guidelines.\" \/>\n<meta property=\"og:url\" content=\"https:\/\/floatingmarketpattaya.com\/vi\/chinh-sach-hoan-tien-huy-bo\/\" \/>\n<meta property=\"og:site_name\" content=\"Pattaya Floating Market\" \/>\n<meta property=\"article:modified_time\" content=\"2024-11-02T12:17:24+00:00\" \/>\n<meta name=\"twitter:card\" content=\"summary_large_image\" \/>\n<meta name=\"twitter:label1\" content=\"\u01af\u1edbc t\u00ednh th\u1eddi gian \u0111\u1ecdc\" \/>\n\t<meta name=\"twitter:data1\" content=\"2 ph\u00fat\" \/>\n<script type=\"application\/ld+json\" class=\"yoast-schema-graph\">{\"@context\":\"https:\\\/\\\/schema.org\",\"@graph\":[{\"@type\":\"WebPage\",\"@id\":\"https:\\\/\\\/floatingmarketpattaya.com\\\/cancellation-refund-policy\\\/\",\"url\":\"https:\\\/\\\/floatingmarketpattaya.com\\\/cancellation-refund-policy\\\/\",\"name\":\"Cancellation & Refund Policy | Pattaya Floating Market\",\"isPartOf\":{\"@id\":\"https:\\\/\\\/floatingmarketpattaya.com\\\/#website\"},\"datePublished\":\"2024-10-17T01:39:30+00:00\",\"dateModified\":\"2024-11-02T12:17:24+00:00\",\"description\":\"Review Our Clear Cancellation & Refund Policy For Pattaya Floating Market Tickets. Book Confidently With Transparent Guidelines.\",\"breadcrumb\":{\"@id\":\"https:\\\/\\\/floatingmarketpattaya.com\\\/cancellation-refund-policy\\\/#breadcrumb\"},\"inLanguage\":\"vi\",\"potentialAction\":[{\"@type\":\"ReadAction\",\"target\":[\"https:\\\/\\\/floatingmarketpattaya.com\\\/cancellation-refund-policy\\\/\"]}]},{\"@type\":\"BreadcrumbList\",\"@id\":\"https:\\\/\\\/floatingmarketpattaya.com\\\/cancellation-refund-policy\\\/#breadcrumb\",\"itemListElement\":[{\"@type\":\"ListItem\",\"position\":1,\"name\":\"Home\",\"item\":\"https:\\\/\\\/floatingmarketpattaya.com\\\/\"},{\"@type\":\"ListItem\",\"position\":2,\"name\":\"Cancellation &amp; Refund Policy\"}]},{\"@type\":\"WebSite\",\"@id\":\"https:\\\/\\\/floatingmarketpattaya.com\\\/#website\",\"url\":\"https:\\\/\\\/floatingmarketpattaya.com\\\/\",\"name\":\"Pattaya Floating Market\",\"description\":\"\",\"publisher\":{\"@id\":\"https:\\\/\\\/floatingmarketpattaya.com\\\/#organization\"},\"potentialAction\":[{\"@type\":\"SearchAction\",\"target\":{\"@type\":\"EntryPoint\",\"urlTemplate\":\"https:\\\/\\\/floatingmarketpattaya.com\\\/?s={search_term_string}\"},\"query-input\":{\"@type\":\"PropertyValueSpecification\",\"valueRequired\":true,\"valueName\":\"search_term_string\"}}],\"inLanguage\":\"vi\"},{\"@type\":\"Organization\",\"@id\":\"https:\\\/\\\/floatingmarketpattaya.com\\\/#organization\",\"name\":\"Pattaya Floating Market\",\"url\":\"https:\\\/\\\/floatingmarketpattaya.com\\\/\",\"logo\":{\"@type\":\"ImageObject\",\"inLanguage\":\"vi\",\"@id\":\"https:\\\/\\\/floatingmarketpattaya.com\\\/#\\\/schema\\\/logo\\\/image\\\/\",\"url\":\"https:\\\/\\\/floatingmarketpattaya.com\\\/wp-content\\\/uploads\\\/2024\\\/08\\\/Pattaya-Floating-Market.png\",\"contentUrl\":\"https:\\\/\\\/floatingmarketpattaya.com\\\/wp-content\\\/uploads\\\/2024\\\/08\\\/Pattaya-Floating-Market.png\",\"width\":350,\"height\":100,\"caption\":\"Pattaya Floating Market\"},\"image\":{\"@id\":\"https:\\\/\\\/floatingmarketpattaya.com\\\/#\\\/schema\\\/logo\\\/image\\\/\"}}]}<\/script>\n<!-- \/ Yoast SEO plugin. -->","yoast_head_json":{"title":"Ch\u00ednh s\u00e1ch h\u1ee7y v\u00e0 ho\u00e0n ti\u1ec1n | Ch\u1ee3 n\u1ed5i Pattaya","description":"Xem l\u1ea1i Ch\u00ednh s\u00e1ch h\u1ee7y v\u00e0 ho\u00e0n ti\u1ec1n r\u00f5 r\u00e0ng c\u1ee7a ch\u00fang t\u00f4i d\u00e0nh cho v\u00e9 Ch\u1ee3 n\u1ed5i Pattaya. \u0110\u1eb7t v\u00e9 m\u1ed9t c\u00e1ch t\u1ef1 tin v\u1edbi c\u00e1c nguy\u00ean t\u1eafc minh b\u1ea1ch.","robots":{"index":"noindex","follow":"follow"},"og_locale":"vi_VN","og_type":"article","og_title":"Cancellation & Refund Policy | Pattaya Floating Market","og_description":"Review Our Clear Cancellation & Refund Policy For Pattaya Floating Market Tickets. Book Confidently With Transparent Guidelines.","og_url":"https:\/\/floatingmarketpattaya.com\/vi\/chinh-sach-hoan-tien-huy-bo\/","og_site_name":"Pattaya Floating Market","article_modified_time":"2024-11-02T12:17:24+00:00","twitter_card":"summary_large_image","twitter_misc":{"\u01af\u1edbc t\u00ednh th\u1eddi gian \u0111\u1ecdc":"2 ph\u00fat"},"schema":{"@context":"https:\/\/schema.org","@graph":[{"@type":"WebPage","@id":"https:\/\/floatingmarketpattaya.com\/cancellation-refund-policy\/","url":"https:\/\/floatingmarketpattaya.com\/cancellation-refund-policy\/","name":"Ch\u00ednh s\u00e1ch h\u1ee7y v\u00e0 ho\u00e0n ti\u1ec1n | Ch\u1ee3 n\u1ed5i Pattaya","isPartOf":{"@id":"https:\/\/floatingmarketpattaya.com\/#website"},"datePublished":"2024-10-17T01:39:30+00:00","dateModified":"2024-11-02T12:17:24+00:00","description":"Xem l\u1ea1i Ch\u00ednh s\u00e1ch h\u1ee7y v\u00e0 ho\u00e0n ti\u1ec1n r\u00f5 r\u00e0ng c\u1ee7a ch\u00fang t\u00f4i d\u00e0nh cho v\u00e9 Ch\u1ee3 n\u1ed5i Pattaya. \u0110\u1eb7t v\u00e9 m\u1ed9t c\u00e1ch t\u1ef1 tin v\u1edbi c\u00e1c nguy\u00ean t\u1eafc minh b\u1ea1ch.","breadcrumb":{"@id":"https:\/\/floatingmarketpattaya.com\/cancellation-refund-policy\/#breadcrumb"},"inLanguage":"vi","potentialAction":[{"@type":"ReadAction","target":["https:\/\/floatingmarketpattaya.com\/cancellation-refund-policy\/"]}]},{"@type":"BreadcrumbList","@id":"https:\/\/floatingmarketpattaya.com\/cancellation-refund-policy\/#breadcrumb","itemListElement":[{"@type":"ListItem","position":1,"name":"Home","item":"https:\/\/floatingmarketpattaya.com\/"},{"@type":"ListItem","position":2,"name":"Cancellation &amp; Refund Policy"}]},{"@type":"WebSite","@id":"https:\/\/floatingmarketpattaya.com\/#website","url":"https:\/\/floatingmarketpattaya.com\/","name":"Ch\u1ee3 n\u1ed5i Pattaya","description":"","publisher":{"@id":"https:\/\/floatingmarketpattaya.com\/#organization"},"potentialAction":[{"@type":"SearchAction","target":{"@type":"EntryPoint","urlTemplate":"https:\/\/floatingmarketpattaya.com\/?s={search_term_string}"},"query-input":{"@type":"PropertyValueSpecification","valueRequired":true,"valueName":"search_term_string"}}],"inLanguage":"vi"},{"@type":"Organization","@id":"https:\/\/floatingmarketpattaya.com\/#organization","name":"Ch\u1ee3 n\u1ed5i Pattaya","url":"https:\/\/floatingmarketpattaya.com\/","logo":{"@type":"ImageObject","inLanguage":"vi","@id":"https:\/\/floatingmarketpattaya.com\/#\/schema\/logo\/image\/","url":"https:\/\/floatingmarketpattaya.com\/wp-content\/uploads\/2024\/08\/Pattaya-Floating-Market.png","contentUrl":"https:\/\/floatingmarketpattaya.com\/wp-content\/uploads\/2024\/08\/Pattaya-Floating-Market.png","width":350,"height":100,"caption":"Pattaya Floating Market"},"image":{"@id":"https:\/\/floatingmarketpattaya.com\/#\/schema\/logo\/image\/"}}]}},"jetpack_sharing_enabled":true,"_links":{"self":[{"href":"https:\/\/floatingmarketpattaya.com\/vi\/wp-json\/wp\/v2\/pages\/2602","targetHints":{"allow":["GET"]}}],"collection":[{"href":"https:\/\/floatingmarketpattaya.com\/vi\/wp-json\/wp\/v2\/pages"}],"about":[{"href":"https:\/\/floatingmarketpattaya.com\/vi\/wp-json\/wp\/v2\/types\/page"}],"author":[{"embeddable":true,"href":"https:\/\/floatingmarketpattaya.com\/vi\/wp-json\/wp\/v2\/users\/1"}],"replies":[{"embeddable":true,"href":"https:\/\/floatingmarketpattaya.com\/vi\/wp-json\/wp\/v2\/comments?post=2602"}],"version-history":[{"count":10,"href":"https:\/\/floatingmarketpattaya.com\/vi\/wp-json\/wp\/v2\/pages\/2602\/revisions"}],"predecessor-version":[{"id":3082,"href":"https:\/\/floatingmarketpattaya.com\/vi\/wp-json\/wp\/v2\/pages\/2602\/revisions\/3082"}],"wp:attachment":[{"href":"https:\/\/floatingmarketpattaya.com\/vi\/wp-json\/wp\/v2\/media?parent=2602"}],"curies":[{"name":"wp","href":"https:\/\/api.w.org\/{rel}","templated":true}]}}