{"id":619,"date":"2024-09-04T16:25:37","date_gmt":"2024-09-04T10:55:37","guid":{"rendered":"https:\/\/floatingmarketpattaya.com\/?page_id=619"},"modified":"2024-11-02T18:04:02","modified_gmt":"2024-11-02T12:34:02","slug":"termos-de-uso","status":"publish","type":"page","link":"https:\/\/floatingmarketpattaya.com\/pt\/termos-de-uso\/","title":{"rendered":"Termos de uso"},"content":{"rendered":"<div data-elementor-type=\"wp-page\" data-elementor-id=\"619\" class=\"elementor elementor-619\" data-elementor-post-type=\"page\">\n\t\t\t\t\t\t<section data-particle_enable=\"false\" data-particle-mobile-disabled=\"false\" class=\"elementor-section elementor-top-section elementor-element elementor-element-3a299ee elementor-section-boxed elementor-section-height-default elementor-section-height-default\" data-id=\"3a299ee\" data-element_type=\"section\" data-e-type=\"section\">\n\t\t\t\t\t\t<div class=\"elementor-container elementor-column-gap-default\">\n\t\t\t\t\t<div class=\"elementor-column elementor-col-100 elementor-top-column elementor-element elementor-element-f1119a4\" data-id=\"f1119a4\" data-element_type=\"column\" data-e-type=\"column\">\n\t\t\t<div class=\"elementor-widget-wrap elementor-element-populated\">\n\t\t\t\t\t\t<div class=\"elementor-element elementor-element-2ec04fa elementor-widget elementor-widget-text-editor\" data-id=\"2ec04fa\" data-element_type=\"widget\" data-e-type=\"widget\" data-widget_type=\"text-editor.default\">\n\t\t\t\t<div class=\"elementor-widget-container\">\n\t\t\t\t\t\t\t\t\t<h2 style=\"text-align: center;\"><span style=\"color: #000000;\"><strong>Termos de Uso<\/strong><\/span><\/h2><p><span style=\"color: #000000;\">Bem-vindo ao Pattaya Floating Market, operado pela Triplyn Holidays. Ao acessar e usar nosso site, <a style=\"color: #000000;\" href=\"https:\/\/floatingmarketpattaya.com\/pt\/\" target=\"_new\" rel=\"noopener\">https:\/\/floatingmarketpattaya.com<\/a>, voc\u00ea concorda em cumprir com os seguintes termos e condi\u00e7\u00f5es. Por favor, leia estes termos cuidadosamente antes de usar nosso site.<\/span><\/p><h3><span style=\"color: #000000;\">1. Termos Gerais<\/span><\/h3><p><span style=\"color: #000000;\">Todos os servi\u00e7os, conte\u00fado e produtos fornecidos neste site s\u00e3o gerenciados pela Triplyn Holidays. Ao usar este site, voc\u00ea concorda em cumprir todos os termos, condi\u00e7\u00f5es e pol\u00edticas aqui declarados. Se voc\u00ea n\u00e3o concordar, interrompa o uso.<\/span><\/p><h3><span style=\"color: #000000;\">2. Propriedade Intelectual<\/span><\/h3><p><span style=\"color: #000000;\">Todo o conte\u00fado deste site, incluindo texto, imagens, logotipos e outros materiais, \u00e9 protegido por leis de direitos autorais e marcas registradas. Qualquer reprodu\u00e7\u00e3o, modifica\u00e7\u00e3o ou distribui\u00e7\u00e3o deste conte\u00fado sem o consentimento pr\u00e9vio por escrito da Triplyn Holidays \u00e9 proibida.<\/span><\/p><h3><span style=\"color: #000000;\">3. Uso do site<\/span><\/h3><p><span style=\"color: #000000;\">Ao acessar nosso site, voc\u00ea concorda em:<\/span><\/p><ul><li><span style=\"color: #000000;\">Evite se envolver em atividades ilegais.<\/span><\/li><li><span style=\"color: #000000;\">N\u00e3o interferir na funcionalidade do site.<\/span><\/li><li><span style=\"color: #000000;\">Evite tentar acesso n\u00e3o autorizado a \u00e1reas restritas.<\/span><\/li><li><span style=\"color: #000000;\">Evite distribuir softwares ou v\u00edrus nocivos.<\/span><\/li><\/ul><h3><span style=\"color: #000000;\">4. Contas de usu\u00e1rio<\/span><\/h3><p><span style=\"color: #000000;\">Criar uma conta pode ser necess\u00e1rio para reservar ingressos ou acessar certos recursos. Voc\u00ea \u00e9 respons\u00e1vel por manter a seguran\u00e7a da sua conta e por qualquer atividade que ocorra sob suas credenciais. Contato <a style=\"color: #000000;\" href=\"mailto:contact@floatingmarketpattaya.com\" rel=\"noopener\">contact@floatingmarketpattaya.com<\/a> para obter assist\u00eancia sobre acesso n\u00e3o autorizado.<\/span><\/p><h3><span style=\"color: #000000;\">5. Termos de reserva<\/span><\/h3><ul><li><span style=\"color: #000000;\">Todas as reservas est\u00e3o sujeitas \u00e0 disponibilidade.<\/span><\/li><li><span style=\"color: #000000;\">Os pre\u00e7os est\u00e3o sujeitos a altera\u00e7\u00f5es sem aviso pr\u00e9vio.<\/span><\/li><li><span style=\"color: #000000;\">Informa\u00e7\u00f5es precisas sobre a reserva devem ser fornecidas.<\/span><\/li><li><span style=\"color: #000000;\">Reservamo-nos o direito de modificar ou cancelar reservas devido a circunst\u00e2ncias imprevistas.<\/span><\/li><\/ul><h3><span style=\"color: #000000;\">6. Pagamento<\/span><\/h3><p><span style=\"color: #000000;\">Os pagamentos devem ser conclu\u00eddos por meio de gateways seguros em nosso site. Ao fazer um pagamento, voc\u00ea confirma a precis\u00e3o dos seus detalhes de pagamento e autoriza\u00e7\u00e3o para uso.<\/span><\/p><h3><span style=\"color: #000000;\">7. Reembolsos e cancelamentos<\/span><\/h3><ul><li><span style=\"color: #000000;\">Reembolsos e cancelamentos est\u00e3o sujeitos \u00e0 nossa pol\u00edtica espec\u00edfica.<\/span><\/li><li><span style=\"color: #000000;\">Os reembolsos aprovados s\u00e3o processados pelo m\u00e9todo de pagamento original.<\/span><\/li><\/ul><p><span style=\"color: #000000;\">Consulte nosso <a style=\"color: #000000;\" href=\"https:\/\/floatingmarketpattaya.com\/pt\/politica-de-reembolso-de-cancelamento\/\" target=\"_blank\" rel=\"noopener\">Pol\u00edtica de cancelamento e reembolso<\/a> para informa\u00e7\u00f5es detalhadas.<\/span><\/p><h3><span style=\"color: #000000;\">8. Limita\u00e7\u00e3o de responsabilidade<\/span><\/h3><p><span style=\"color: #000000;\">A Triplyn Holidays n\u00e3o \u00e9 respons\u00e1vel por:<\/span><\/p><ul><li><span style=\"color: #000000;\">Imprecis\u00f5es ou omiss\u00f5es de conte\u00fado.<\/span><\/li><li><span style=\"color: #000000;\">Problemas t\u00e9cnicos ou de terceiros causando atrasos ou falhas.<\/span><\/li><li><span style=\"color: #000000;\">Perda de dados, lucro ou reputa\u00e7\u00e3o vinculada ao uso do site.<\/span><\/li><\/ul><p><span style=\"color: #000000;\">O uso deste site \u00e9 por sua conta e risco.<\/span><\/p><h3><span style=\"color: #000000;\">9. Links de terceiros<\/span><\/h3><p><span style=\"color: #000000;\">Nosso site pode incluir links para sites externos para sua conveni\u00eancia. N\u00e3o endossamos nem assumimos responsabilidade pelo conte\u00fado ou pr\u00e1ticas desses sites.<\/span><\/p><h3><span style=\"color: #000000;\">10. Pol\u00edtica de Privacidade<\/span><\/h3><p><span style=\"color: #000000;\">Ao utilizar nosso site, voc\u00ea consente com a coleta e uso de seus dados pessoais conforme descrito em nosso <a style=\"color: #000000;\" href=\"https:\/\/floatingmarketpattaya.com\/pt\/politica-de-privacidade\/\" target=\"_blank\" rel=\"noopener\">pol\u00edtica de Privacidade<\/a>.<\/span><\/p><h3><span style=\"color: #000000;\">11. Altera\u00e7\u00f5es nos Termos de Uso<\/span><\/h3><p><span style=\"color: #000000;\">Podemos atualizar estes termos a qualquer momento. As altera\u00e7\u00f5es ser\u00e3o publicadas nesta p\u00e1gina. O uso cont\u00ednuo do site indica sua aceita\u00e7\u00e3o dessas atualiza\u00e7\u00f5es.<\/span><\/p><h3><span style=\"color: #000000;\">12. Lei aplic\u00e1vel<\/span><\/h3><p><span style=\"color: #000000;\">Estes termos s\u00e3o regidos pelas leis da Tail\u00e2ndia. Quaisquer disputas ser\u00e3o tratadas em tribunais tailandeses.<\/span><\/p><h3><span style=\"color: #000000;\">13. Contate-nos<\/span><\/h3><p><span style=\"color: #000000;\">Para perguntas sobre esses termos, entre em contato com:<\/span><\/p><p><span style=\"color: #000000;\"><strong>nome da empresa<\/strong>: F\u00e9rias Triplyn<\/span><br \/><span style=\"color: #000000;\"><strong>Endere\u00e7o<\/strong>: A-54, \u00c1rea Industrial de Keshopur, Vikaspuri, Nova Delhi 110018, \u00cdndia<\/span><br \/><span style=\"color: #000000;\"><strong>E-mail<\/strong>: <a style=\"color: #000000;\" href=\"mailto:contact@floatingmarketpattaya.com\" rel=\"noopener\">contact@floatingmarketpattaya.com<\/a><\/span><\/p><h3><span style=\"color: #000000;\">14. T\u00e9rmino do acesso<\/span><\/h3><p><span style=\"color: #000000;\">Reservamo-nos o direito de suspender ou encerrar o acesso sem aviso pr\u00e9vio por viola\u00e7\u00e3o dos termos.<\/span><\/p><h3><span style=\"color: #000000;\">15. Indeniza\u00e7\u00e3o<\/span><\/h3><p><span style=\"color: #000000;\">Voc\u00ea concorda em indenizar a Triplyn Holidays contra reivindica\u00e7\u00f5es ou danos resultantes do uso do site ou da viola\u00e7\u00e3o destes termos.<\/span><\/p><h3><span style=\"color: #000000;\">16. Acordo Integral<\/span><\/h3><p><span style=\"color: #000000;\">Estes termos, juntamente com os avisos legais, constituem o acordo completo entre voc\u00ea e a Triplyn Holidays.<\/span><\/p><h3><span style=\"color: #000000;\">17. Divisibilidade<\/span><\/h3><p><span style=\"color: #000000;\">Se qualquer parte destes termos for considerada inv\u00e1lida, as disposi\u00e7\u00f5es restantes permanecer\u00e3o em vigor.<\/span><\/p><h3><span style=\"color: #000000;\">18. Ren\u00fancia<\/span><\/h3><p><span style=\"color: #000000;\">A n\u00e3o aplica\u00e7\u00e3o de qualquer disposi\u00e7\u00e3o n\u00e3o constitui uma ren\u00fancia a esse direito.<\/span><\/p><h3><span style=\"color: #000000;\">19. For\u00e7a Maior<\/span><\/h3><p><span style=\"color: #000000;\">A Triplyn Holidays n\u00e3o se responsabiliza por n\u00e3o desempenho devido a eventos incontrol\u00e1veis, como desastres naturais ou greves.<\/span><\/p><p><span style=\"color: #000000;\">Ao usar o <a href=\"https:\/\/floatingmarketpattaya.com\/pt\">Mercado flutuante de Pattaya<\/a> site, voc\u00ea concorda com estes termos para uma experi\u00eancia segura e agrad\u00e1vel.<\/span><\/p>\t\t\t\t\t\t\t\t<\/div>\n\t\t\t\t<\/div>\n\t\t\t\t\t<\/div>\n\t\t<\/div>\n\t\t\t\t\t<\/div>\n\t\t<\/section>\n\t\t\t\t<\/div>","protected":false},"excerpt":{"rendered":"<p>Terms of Usage Welcome to Pattaya Floating Market, operated by Triplyn Holidays. By accessing and using our website, https:\/\/floatingmarketpattaya.com, you agree to comply with the following terms and conditions. Please read these terms carefully before using our site. 1. General Terms All services, content, and products provided on this website are managed by Triplyn Holidays. [&hellip;]<\/p>\n","protected":false},"author":1,"featured_media":0,"parent":0,"menu_order":0,"comment_status":"closed","ping_status":"closed","template":"","meta":{"ocean_post_layout":"","ocean_both_sidebars_style":"","ocean_both_sidebars_content_width":0,"ocean_both_sidebars_sidebars_width":0,"ocean_sidebar":"","ocean_second_sidebar":"","ocean_disable_margins":"enable","ocean_add_body_class":"","ocean_shortcode_before_top_bar":"","ocean_shortcode_after_top_bar":"","ocean_shortcode_before_header":"","ocean_shortcode_after_header":"","ocean_has_shortcode":"","ocean_shortcode_after_title":"","ocean_shortcode_before_footer_widgets":"","ocean_shortcode_after_footer_widgets":"","ocean_shortcode_before_footer_bottom":"","ocean_shortcode_after_footer_bottom":"","ocean_display_top_bar":"default","ocean_display_header":"default","ocean_header_style":"","ocean_center_header_left_menu":"","ocean_custom_header_template":"","ocean_custom_logo":0,"ocean_custom_retina_logo":0,"ocean_custom_logo_max_width":0,"ocean_custom_logo_tablet_max_width":0,"ocean_custom_logo_mobile_max_width":0,"ocean_custom_logo_max_height":0,"ocean_custom_logo_tablet_max_height":0,"ocean_custom_logo_mobile_max_height":0,"ocean_header_custom_menu":"","ocean_menu_typo_font_family":"","ocean_menu_typo_font_subset":"","ocean_menu_typo_font_size":0,"ocean_menu_typo_font_size_tablet":0,"ocean_menu_typo_font_size_mobile":0,"ocean_menu_typo_font_size_unit":"px","ocean_menu_typo_font_weight":"","ocean_menu_typo_font_weight_tablet":"","ocean_menu_typo_font_weight_mobile":"","ocean_menu_typo_transform":"","ocean_menu_typo_transform_tablet":"","ocean_menu_typo_transform_mobile":"","ocean_menu_typo_line_height":0,"ocean_menu_typo_line_height_tablet":0,"ocean_menu_typo_line_height_mobile":0,"ocean_menu_typo_line_height_unit":"","ocean_menu_typo_spacing":0,"ocean_menu_typo_spacing_tablet":0,"ocean_menu_typo_spacing_mobile":0,"ocean_menu_typo_spacing_unit":"","ocean_menu_link_color":"","ocean_menu_link_color_hover":"","ocean_menu_link_color_active":"","ocean_menu_link_background":"","ocean_menu_link_hover_background":"","ocean_menu_link_active_background":"","ocean_menu_social_links_bg":"","ocean_menu_social_hover_links_bg":"","ocean_menu_social_links_color":"","ocean_menu_social_hover_links_color":"","ocean_disable_title":"default","ocean_disable_heading":"default","ocean_post_title":"","ocean_post_subheading":"","ocean_post_title_style":"","ocean_post_title_background_color":"","ocean_post_title_background":0,"ocean_post_title_bg_image_position":"","ocean_post_title_bg_image_attachment":"","ocean_post_title_bg_image_repeat":"","ocean_post_title_bg_image_size":"","ocean_post_title_height":0,"ocean_post_title_bg_overlay":0.5,"ocean_post_title_bg_overlay_color":"","ocean_disable_breadcrumbs":"default","ocean_breadcrumbs_color":"","ocean_breadcrumbs_separator_color":"","ocean_breadcrumbs_links_color":"","ocean_breadcrumbs_links_hover_color":"","ocean_display_footer_widgets":"default","ocean_display_footer_bottom":"default","ocean_custom_footer_template":"","footnotes":""},"class_list":["post-619","page","type-page","status-publish","hentry","entry","owp-thumbs-layout-horizontal","owp-btn-normal","owp-tabs-layout-horizontal","has-no-thumbnails","has-product-nav"],"yoast_head":"<!-- This site is optimized with the Yoast SEO plugin v27.3 - https:\/\/yoast.com\/product\/yoast-seo-wordpress\/ -->\n<title>Terms Of Usage | Pattaya Floating Market Guide<\/title>\n<meta name=\"description\" content=\"Explore Our Terms Of Usage For Pattaya Floating Market. Book Tickets Easily With Our Clear Guidelines And Enjoy An Exceptional Experience.\" \/>\n<meta name=\"robots\" content=\"noindex, follow\" \/>\n<meta property=\"og:locale\" content=\"pt_PT\" \/>\n<meta property=\"og:type\" content=\"article\" \/>\n<meta property=\"og:title\" content=\"Terms Of Usage | Pattaya Floating Market Guide\" \/>\n<meta property=\"og:description\" content=\"Explore Our Terms Of Usage For Pattaya Floating Market. Book Tickets Easily With Our Clear Guidelines And Enjoy An Exceptional Experience.\" \/>\n<meta property=\"og:url\" content=\"https:\/\/floatingmarketpattaya.com\/pt\/termos-de-uso\/\" \/>\n<meta property=\"og:site_name\" content=\"Pattaya Floating Market\" \/>\n<meta property=\"article:modified_time\" content=\"2024-11-02T12:34:02+00:00\" \/>\n<meta name=\"twitter:card\" content=\"summary_large_image\" \/>\n<meta name=\"twitter:label1\" content=\"Tempo estimado de leitura\" \/>\n\t<meta name=\"twitter:data1\" content=\"3 minutos\" \/>\n<script type=\"application\/ld+json\" class=\"yoast-schema-graph\">{\"@context\":\"https:\\\/\\\/schema.org\",\"@graph\":[{\"@type\":\"WebPage\",\"@id\":\"https:\\\/\\\/floatingmarketpattaya.com\\\/terms-of-usage\\\/\",\"url\":\"https:\\\/\\\/floatingmarketpattaya.com\\\/terms-of-usage\\\/\",\"name\":\"Terms Of Usage | Pattaya Floating Market Guide\",\"isPartOf\":{\"@id\":\"https:\\\/\\\/floatingmarketpattaya.com\\\/#website\"},\"datePublished\":\"2024-09-04T10:55:37+00:00\",\"dateModified\":\"2024-11-02T12:34:02+00:00\",\"description\":\"Explore Our Terms Of Usage For Pattaya Floating Market. Book Tickets Easily With Our Clear Guidelines And Enjoy An Exceptional Experience.\",\"breadcrumb\":{\"@id\":\"https:\\\/\\\/floatingmarketpattaya.com\\\/terms-of-usage\\\/#breadcrumb\"},\"inLanguage\":\"pt-PT\",\"potentialAction\":[{\"@type\":\"ReadAction\",\"target\":[\"https:\\\/\\\/floatingmarketpattaya.com\\\/terms-of-usage\\\/\"]}]},{\"@type\":\"BreadcrumbList\",\"@id\":\"https:\\\/\\\/floatingmarketpattaya.com\\\/terms-of-usage\\\/#breadcrumb\",\"itemListElement\":[{\"@type\":\"ListItem\",\"position\":1,\"name\":\"Home\",\"item\":\"https:\\\/\\\/floatingmarketpattaya.com\\\/\"},{\"@type\":\"ListItem\",\"position\":2,\"name\":\"Terms Of Usage\"}]},{\"@type\":\"WebSite\",\"@id\":\"https:\\\/\\\/floatingmarketpattaya.com\\\/#website\",\"url\":\"https:\\\/\\\/floatingmarketpattaya.com\\\/\",\"name\":\"Pattaya Floating Market\",\"description\":\"\",\"publisher\":{\"@id\":\"https:\\\/\\\/floatingmarketpattaya.com\\\/#organization\"},\"potentialAction\":[{\"@type\":\"SearchAction\",\"target\":{\"@type\":\"EntryPoint\",\"urlTemplate\":\"https:\\\/\\\/floatingmarketpattaya.com\\\/?s={search_term_string}\"},\"query-input\":{\"@type\":\"PropertyValueSpecification\",\"valueRequired\":true,\"valueName\":\"search_term_string\"}}],\"inLanguage\":\"pt-PT\"},{\"@type\":\"Organization\",\"@id\":\"https:\\\/\\\/floatingmarketpattaya.com\\\/#organization\",\"name\":\"Pattaya Floating Market\",\"url\":\"https:\\\/\\\/floatingmarketpattaya.com\\\/\",\"logo\":{\"@type\":\"ImageObject\",\"inLanguage\":\"pt-PT\",\"@id\":\"https:\\\/\\\/floatingmarketpattaya.com\\\/#\\\/schema\\\/logo\\\/image\\\/\",\"url\":\"https:\\\/\\\/floatingmarketpattaya.com\\\/wp-content\\\/uploads\\\/2024\\\/08\\\/Pattaya-Floating-Market.png\",\"contentUrl\":\"https:\\\/\\\/floatingmarketpattaya.com\\\/wp-content\\\/uploads\\\/2024\\\/08\\\/Pattaya-Floating-Market.png\",\"width\":350,\"height\":100,\"caption\":\"Pattaya Floating Market\"},\"image\":{\"@id\":\"https:\\\/\\\/floatingmarketpattaya.com\\\/#\\\/schema\\\/logo\\\/image\\\/\"}}]}<\/script>\n<!-- \/ Yoast SEO plugin. -->","yoast_head_json":{"title":"Termos de uso | Guia do mercado flutuante de Pattaya","description":"Explore Nossos Termos de Uso para o Mercado Flutuante de Pattaya. Reserve Ingressos Facilmente Com Nossas Diretrizes Claras e Desfrute de Uma Experi\u00eancia Excepcional.","robots":{"index":"noindex","follow":"follow"},"og_locale":"pt_PT","og_type":"article","og_title":"Terms Of Usage | Pattaya Floating Market Guide","og_description":"Explore Our Terms Of Usage For Pattaya Floating Market. Book Tickets Easily With Our Clear Guidelines And Enjoy An Exceptional Experience.","og_url":"https:\/\/floatingmarketpattaya.com\/pt\/termos-de-uso\/","og_site_name":"Pattaya Floating Market","article_modified_time":"2024-11-02T12:34:02+00:00","twitter_card":"summary_large_image","twitter_misc":{"Tempo estimado de leitura":"3 minutos"},"schema":{"@context":"https:\/\/schema.org","@graph":[{"@type":"WebPage","@id":"https:\/\/floatingmarketpattaya.com\/terms-of-usage\/","url":"https:\/\/floatingmarketpattaya.com\/terms-of-usage\/","name":"Termos de uso | Guia do mercado flutuante de Pattaya","isPartOf":{"@id":"https:\/\/floatingmarketpattaya.com\/#website"},"datePublished":"2024-09-04T10:55:37+00:00","dateModified":"2024-11-02T12:34:02+00:00","description":"Explore Nossos Termos de Uso para o Mercado Flutuante de Pattaya. Reserve Ingressos Facilmente Com Nossas Diretrizes Claras e Desfrute de Uma Experi\u00eancia Excepcional.","breadcrumb":{"@id":"https:\/\/floatingmarketpattaya.com\/terms-of-usage\/#breadcrumb"},"inLanguage":"pt-PT","potentialAction":[{"@type":"ReadAction","target":["https:\/\/floatingmarketpattaya.com\/terms-of-usage\/"]}]},{"@type":"BreadcrumbList","@id":"https:\/\/floatingmarketpattaya.com\/terms-of-usage\/#breadcrumb","itemListElement":[{"@type":"ListItem","position":1,"name":"Home","item":"https:\/\/floatingmarketpattaya.com\/"},{"@type":"ListItem","position":2,"name":"Terms Of Usage"}]},{"@type":"WebSite","@id":"https:\/\/floatingmarketpattaya.com\/#website","url":"https:\/\/floatingmarketpattaya.com\/","name":"Mercado flutuante de Pattaya","description":"","publisher":{"@id":"https:\/\/floatingmarketpattaya.com\/#organization"},"potentialAction":[{"@type":"SearchAction","target":{"@type":"EntryPoint","urlTemplate":"https:\/\/floatingmarketpattaya.com\/?s={search_term_string}"},"query-input":{"@type":"PropertyValueSpecification","valueRequired":true,"valueName":"search_term_string"}}],"inLanguage":"pt-PT"},{"@type":"Organization","@id":"https:\/\/floatingmarketpattaya.com\/#organization","name":"Mercado flutuante de Pattaya","url":"https:\/\/floatingmarketpattaya.com\/","logo":{"@type":"ImageObject","inLanguage":"pt-PT","@id":"https:\/\/floatingmarketpattaya.com\/#\/schema\/logo\/image\/","url":"https:\/\/floatingmarketpattaya.com\/wp-content\/uploads\/2024\/08\/Pattaya-Floating-Market.png","contentUrl":"https:\/\/floatingmarketpattaya.com\/wp-content\/uploads\/2024\/08\/Pattaya-Floating-Market.png","width":350,"height":100,"caption":"Pattaya Floating Market"},"image":{"@id":"https:\/\/floatingmarketpattaya.com\/#\/schema\/logo\/image\/"}}]}},"jetpack_sharing_enabled":true,"_links":{"self":[{"href":"https:\/\/floatingmarketpattaya.com\/pt\/wp-json\/wp\/v2\/pages\/619","targetHints":{"allow":["GET"]}}],"collection":[{"href":"https:\/\/floatingmarketpattaya.com\/pt\/wp-json\/wp\/v2\/pages"}],"about":[{"href":"https:\/\/floatingmarketpattaya.com\/pt\/wp-json\/wp\/v2\/types\/page"}],"author":[{"embeddable":true,"href":"https:\/\/floatingmarketpattaya.com\/pt\/wp-json\/wp\/v2\/users\/1"}],"replies":[{"embeddable":true,"href":"https:\/\/floatingmarketpattaya.com\/pt\/wp-json\/wp\/v2\/comments?post=619"}],"version-history":[{"count":14,"href":"https:\/\/floatingmarketpattaya.com\/pt\/wp-json\/wp\/v2\/pages\/619\/revisions"}],"predecessor-version":[{"id":3098,"href":"https:\/\/floatingmarketpattaya.com\/pt\/wp-json\/wp\/v2\/pages\/619\/revisions\/3098"}],"wp:attachment":[{"href":"https:\/\/floatingmarketpattaya.com\/pt\/wp-json\/wp\/v2\/media?parent=619"}],"curies":[{"name":"wp","href":"https:\/\/api.w.org\/{rel}","templated":true}]}}