{"id":3061,"date":"2024-11-01T04:30:12","date_gmt":"2024-10-31T23:00:12","guid":{"rendered":"https:\/\/floatingmarketpattaya.com\/?post_type=product&#038;p=3061"},"modified":"2025-09-26T16:09:50","modified_gmt":"2025-09-26T10:39:50","slug":"billet-dentree-au-marche-flottant-de-pattaya-en-bateau-a-rames-aller-simple","status":"publish","type":"product","link":"https:\/\/floatingmarketpattaya.com\/fr\/billets\/billet-dentree-au-marche-flottant-de-pattaya-en-bateau-a-rames-aller-simple\/","title":{"rendered":"Billet d&#039;entr\u00e9e au march\u00e9 flottant de Pattaya + bateau \u00e0 rames aller simple"},"content":{"rendered":"<h2>\u00c0 propos du billet d&#039;entr\u00e9e au march\u00e9 flottant de Pattaya + bateau \u00e0 rames aller simple<\/h2>\n<p>D\u00e9couvrez le dynamique march\u00e9 flottant de Pattaya, une exp\u00e9rience unique o\u00f9 tradition et aventure se rencontrent. Ce billet comprend l&#039;entr\u00e9e au march\u00e9 et une promenade en bateau \u00e0 rames de 20 minutes, offrant une vue rapproch\u00e9e de la vie traditionnelle tha\u00eflandaise au fil de l&#039;eau. De l&#039;artisanat tha\u00eflandais aux sp\u00e9cialit\u00e9s r\u00e9gionales, le march\u00e9 capture l&#039;essence de la Tha\u00eflande dans un cadre vivant et authentique.<\/p>\n<h3>Horaires<\/h3>\n<ul>\n<li><strong>Horaires du march\u00e9<\/strong>: De 9h00 \u00e0 18h00 tous les jours<\/li>\n<li><strong>Horaires des bateaux \u00e0 rames<\/strong>:Disponible pendant les heures de march\u00e9<\/li>\n<\/ul>\n<h3>Points forts<\/h3>\n<ul>\n<li><strong>Exp\u00e9rience authentique du march\u00e9 tha\u00eflandais<\/strong>:D\u00e9couvrez l&#039;artisanat, la gastronomie et la culture locale.<\/li>\n<li><strong>Promenade en bateau \u00e0 rames aller simple<\/strong>:Profitez d&#039;une promenade panoramique en bateau de 20 minutes, capturant l&#039;essence des march\u00e9s flottants de Tha\u00eflande.<\/li>\n<li><strong>Expositions culturelles interactives<\/strong>:Interagissez avec des artisans et explorez des expositions culturelles.<\/li>\n<li><strong>Environnement familial<\/strong>:Activit\u00e9s et restauration pour tous les \u00e2ges.<\/li>\n<li><strong>Opportunit\u00e9s de photos<\/strong>:Des d\u00e9cors embl\u00e9matiques parfaits pour des photos m\u00e9morables.<\/li>\n<\/ul>\n<h3>Ce qui est inclus<\/h3>\n<ul>\n<li>Entr\u00e9e au march\u00e9 flottant de Pattaya<\/li>\n<li>Promenade en bateau \u00e0 rames aller simple de 20 minutes<\/li>\n<\/ul>\n<h3>Inclusions<\/h3>\n<ul>\n<li>Billet d&#039;entr\u00e9e au march\u00e9<\/li>\n<li>Promenade en bateau \u00e0 rames de 20 minutes aller simple<\/li>\n<\/ul>\n<h3>Exclusions<\/h3>\n<ul>\n<li>Transferts aller-retour (disponibles sur demande)<\/li>\n<li>Nourriture, boissons et souvenirs \u00e0 l&#039;int\u00e9rieur du march\u00e9<\/li>\n<\/ul>\n<h3>Politique relative \u00e0 l&#039;enfance<\/h3>\n<ul>\n<li><strong>Enfants de moins de 90 cm<\/strong>:Entr\u00e9e gratuite sans si\u00e8ge s\u00e9par\u00e9.<\/li>\n<li><strong>Enfants 90-120 cm<\/strong>:Billet enfant obligatoire.<\/li>\n<\/ul>\n<h3>Politique de remboursement et d&#039;annulation<\/h3>\n<ul>\n<li><strong>Aucun remboursement ni annulation<\/strong>:Toutes les r\u00e9servations sont d\u00e9finitives.<\/li>\n<\/ul>\n<h3>Quoi de plus ?<\/h3>\n<p>Le march\u00e9 flottant de Pattaya est un excellent moyen de d\u00e9couvrir la culture dynamique de la Tha\u00eflande. Profitez des spectacles de rue, d\u00e9gustez des plats authentiques et rapportez chez vous des souvenirs artisanaux.<\/p>\n<h3>Conseils d&#039;initi\u00e9s<\/h3>\n<ul>\n<li>Arrivez t\u00f4t pour moins de monde et des temp\u00e9ratures plus fra\u00eeches.<\/li>\n<li>Portez des chaussures confortables pour explorer le march\u00e9.<\/li>\n<li>Apportez de l&#039;argent liquide pour faciliter les transactions aux stands.<\/li>\n<\/ul>\n<h3>\u00c0 faire et \u00e0 ne pas faire<\/h3>\n<ul>\n<li><strong>Faire<\/strong>:Respectez les coutumes locales et demandez la permission avant de prendre des photos des artisans.<\/li>\n<li><strong>Ne le faites pas<\/strong>:Apportez de grands sacs, car le march\u00e9 peut \u00eatre bond\u00e9.<\/li>\n<\/ul>\n<h3>\u00c0 savoir avant de partir<\/h3>\n<ul>\n<li><strong>R\u00e9servation \u00e0 l&#039;avance<\/strong>:R\u00e9servez au moins 1 jour \u00e0 l&#039;avance.<\/li>\n<li><strong>R\u00e9servation le jour m\u00eame<\/strong>:N\u00e9cessite une r\u00e9servation de taxi aller-retour par notre interm\u00e9diaire.<\/li>\n<li><strong>M\u00e9t\u00e9o<\/strong>: Principalement en ext\u00e9rieur ; apportez de la cr\u00e8me solaire et de l&#039;eau.<\/li>\n<\/ul>\n<h3>Adresse<\/h3>\n<ul>\n<li><strong>Emplacement<\/strong>: 451 304 \u0e2b\u0e21\u0e39\u0e48\u0e17\u0e35\u0e48 12 Sukhumvit Rd, Muang Pattaya, district de Bang Lamung, Chon Buri 20150, Tha\u00eflande<\/li>\n<\/ul>\n<h3>Cartes et localisation<\/h3>\n<ul>\n<li><strong>Google Maps<\/strong>: <span style=\"color: #ff6600;\"><a style=\"color: #ff6600;\" href=\"https:\/\/maps.app.goo.gl\/X3XYpar7f1vCGoUX6\" target=\"_new\" rel=\"noopener\">Emplacement du march\u00e9 flottant de Pattaya<\/a><\/span><\/li>\n<\/ul>\n<h3>Comment se rendre au march\u00e9 flottant de Pattaya<\/h3>\n<ul>\n<li><strong>Transports en commun<\/strong>:Accessible par les bus locaux et les tuk-tuks depuis la ville de Pattaya.<\/li>\n<li><strong>Transport priv\u00e9<\/strong>:Des taxis et des Grab sont disponibles dans les principaux h\u00f4tels.<\/li>\n<li><strong>Parking<\/strong>:Stationnement gratuit disponible sur place.<\/li>\n<\/ul>\n<h3>Questions fr\u00e9quemment pos\u00e9es (FAQ)<\/h3>\n<p><strong>Q : Puis-je acheter des billets au march\u00e9 ?<\/strong><br \/>\nR : Oui, mais r\u00e9server en ligne garantit votre entr\u00e9e et \u00e9vite les longues files d&#039;attente.<\/p>\n<p><strong>Q : La promenade en bateau est-elle s\u00e9curitaire pour les jeunes enfants ?<\/strong><br \/>\nR : Oui, la promenade en bateau est s\u00fbre et adapt\u00e9e aux enfants sous la surveillance d&#039;un adulte.<\/p>\n<p><strong>Q\u00a0:\u00a0Existe-t-il des options de restauration v\u00e9g\u00e9tarienne\u00a0?<\/strong><br \/>\nR : Oui, le march\u00e9 propose une vari\u00e9t\u00e9 de collations et de repas v\u00e9g\u00e9tariens.<\/p>\n<p><strong>Q : Dois-je r\u00e9server \u00e0 l&#039;avance ?<\/strong><br \/>\nR : Il est recommand\u00e9 de r\u00e9server \u00e0 l&#039;avance. Les r\u00e9servations le jour m\u00eame n\u00e9cessitent un trajet aller-retour en taxi par notre interm\u00e9diaire.<\/p>\n<p><strong>Q : Y a-t-il une zone ombrag\u00e9e ou des si\u00e8ges sur le march\u00e9 ?<\/strong><br \/>\nR : Oui, il y a des zones ombrag\u00e9es et des si\u00e8ges pour se reposer et profiter de la nourriture.<\/p>\n<p><strong>Q\u00a0:\u00a0Les animaux de compagnie sont-ils autoris\u00e9s au march\u00e9 flottant de Pattaya\u00a0?<\/strong><br \/>\nR : Non, les animaux ne sont pas autoris\u00e9s dans la zone du march\u00e9.<\/p>\n<p>Vivez une exp\u00e9rience inoubliable \u00e0 <a href=\"https:\/\/floatingmarketpattaya.com\/fr\/\">March\u00e9 flottant de Pattaya<\/a> avec notre billet d&#039;entr\u00e9e et notre combo bateau \u00e0 rames, parfait pour vous immerger dans les merveilles culturelles de la Tha\u00eflande.<\/p>","protected":false},"excerpt":{"rendered":"<table class=\"short-description\">\n<tbody class=\"tabel364\">\n<tr class=\"short-description-tr32r\">\n<th class=\"short-description-th\"><span class=\"description-h23\"><strong class=\"description-strong67\">Les r\u00e9servations doivent \u00eatre effectu\u00e9es 1 jour \u00e0 l&#039;avance, sinon la r\u00e9servation de taxi avec nous est requise pour une r\u00e9servation le jour m\u00eame.<\/strong><\/span><\/th>\n<\/tr>\n<\/tbody>\n<\/table>","protected":false},"featured_media":3053,"comment_status":"open","ping_status":"closed","template":"","meta":{"ocean_post_layout":"","ocean_both_sidebars_style":"","ocean_both_sidebars_content_width":0,"ocean_both_sidebars_sidebars_width":0,"ocean_sidebar":"0","ocean_second_sidebar":"0","ocean_disable_margins":"enable","ocean_add_body_class":"","ocean_shortcode_before_top_bar":"","ocean_shortcode_after_top_bar":"","ocean_shortcode_before_header":"","ocean_shortcode_after_header":"","ocean_has_shortcode":"","ocean_shortcode_after_title":"","ocean_shortcode_before_footer_widgets":"","ocean_shortcode_after_footer_widgets":"","ocean_shortcode_before_footer_bottom":"","ocean_shortcode_after_footer_bottom":"","ocean_display_top_bar":"default","ocean_display_header":"default","ocean_header_style":"","ocean_center_header_left_menu":"0","ocean_custom_header_template":"0","ocean_custom_logo":0,"ocean_custom_retina_logo":0,"ocean_custom_logo_max_width":0,"ocean_custom_logo_tablet_max_width":0,"ocean_custom_logo_mobile_max_width":0,"ocean_custom_logo_max_height":0,"ocean_custom_logo_tablet_max_height":0,"ocean_custom_logo_mobile_max_height":0,"ocean_header_custom_menu":"0","ocean_menu_typo_font_family":"0","ocean_menu_typo_font_subset":"","ocean_menu_typo_font_size":0,"ocean_menu_typo_font_size_tablet":0,"ocean_menu_typo_font_size_mobile":0,"ocean_menu_typo_font_size_unit":"px","ocean_menu_typo_font_weight":"","ocean_menu_typo_font_weight_tablet":"","ocean_menu_typo_font_weight_mobile":"","ocean_menu_typo_transform":"","ocean_menu_typo_transform_tablet":"","ocean_menu_typo_transform_mobile":"","ocean_menu_typo_line_height":0,"ocean_menu_typo_line_height_tablet":0,"ocean_menu_typo_line_height_mobile":0,"ocean_menu_typo_line_height_unit":"","ocean_menu_typo_spacing":0,"ocean_menu_typo_spacing_tablet":0,"ocean_menu_typo_spacing_mobile":0,"ocean_menu_typo_spacing_unit":"","ocean_menu_link_color":"","ocean_menu_link_color_hover":"","ocean_menu_link_color_active":"","ocean_menu_link_background":"","ocean_menu_link_hover_background":"","ocean_menu_link_active_background":"","ocean_menu_social_links_bg":"","ocean_menu_social_hover_links_bg":"","ocean_menu_social_links_color":"","ocean_menu_social_hover_links_color":"","ocean_disable_title":"default","ocean_disable_heading":"default","ocean_post_title":"","ocean_post_subheading":"","ocean_post_title_style":"","ocean_post_title_background_color":"","ocean_post_title_background":0,"ocean_post_title_bg_image_position":"","ocean_post_title_bg_image_attachment":"","ocean_post_title_bg_image_repeat":"","ocean_post_title_bg_image_size":"","ocean_post_title_height":0,"ocean_post_title_bg_overlay":0.5,"ocean_post_title_bg_overlay_color":"","ocean_disable_breadcrumbs":"default","ocean_breadcrumbs_color":"","ocean_breadcrumbs_separator_color":"","ocean_breadcrumbs_links_color":"","ocean_breadcrumbs_links_hover_color":"","ocean_display_footer_widgets":"default","ocean_display_footer_bottom":"default","ocean_custom_footer_template":"0"},"product_brand":[],"product_cat":[20],"product_tag":[398,400,389,393,388,396,391,379,395,373,399,390,374,397,392,394],"class_list":{"0":"post-3061","1":"product","2":"type-product","3":"status-publish","4":"has-post-thumbnail","6":"product_cat-tickets","7":"product_tag-family-activities-pattaya","8":"product_tag-floating-market-admission","9":"product_tag-floating-market-entry","10":"product_tag-floating-market-tours-pattaya","11":"product_tag-pattaya","12":"product_tag-pattaya-boat-ride","13":"product_tag-pattaya-cultural-experience","14":"product_tag-pattaya-floating-market-deals","15":"product_tag-pattaya-floating-market-online-booking","16":"product_tag-pattaya-floating-market-tickets","17":"product_tag-pattaya-market-attraction","18":"product_tag-pattaya-market-boat-ride","19":"product_tag-pattaya-market-entry","20":"product_tag-rowing-boat-pattaya","21":"product_tag-thai-market-tickets","22":"product_tag-thai-market-tickets-booking","24":"entry","25":"has-media","26":"tm-has-options","28":"first","29":"instock","30":"virtual","31":"taxable","32":"purchasable","33":"product-type-simple","34":"has-product-nav","35":"col","36":"span_1_of_3","37":"owp-content-center","38":"owp-thumbs-layout-horizontal","39":"owp-btn-normal","40":"owp-tabs-layout-horizontal"},"yoast_head":"<!-- This site is optimized with the Yoast SEO plugin v27.5 - https:\/\/yoast.com\/product\/yoast-seo-wordpress\/ -->\n<title>Book Your Pattaya Floating Market Entry With Boat Ride Today<\/title>\n<meta name=\"description\" content=\"Discover Pattaya Floating Market! Secure Your Entry + One-Way Rowing Boat Ride. Enjoy Thai Culture, Shopping And Scenic Views. Book Now!\" \/>\n<meta name=\"robots\" content=\"index, follow, max-snippet:-1, max-image-preview:large, max-video-preview:-1\" \/>\n<link rel=\"canonical\" href=\"https:\/\/floatingmarketpattaya.com\/fr\/billets\/billet-dentree-au-marche-flottant-de-pattaya-en-bateau-a-rames-aller-simple\/\" \/>\n<meta property=\"og:locale\" content=\"fr_FR\" \/>\n<meta property=\"og:type\" content=\"article\" \/>\n<meta property=\"og:title\" content=\"Book Your Pattaya Floating Market Entry With Boat Ride Today\" \/>\n<meta property=\"og:description\" content=\"Discover Pattaya Floating Market! Secure Your Entry + One-Way Rowing Boat Ride. Enjoy Thai Culture, Shopping And Scenic Views. Book Now!\" \/>\n<meta property=\"og:url\" content=\"https:\/\/floatingmarketpattaya.com\/fr\/billets\/billet-dentree-au-marche-flottant-de-pattaya-en-bateau-a-rames-aller-simple\/\" \/>\n<meta property=\"og:site_name\" content=\"Pattaya Floating Market\" \/>\n<meta property=\"article:modified_time\" content=\"2025-09-26T10:39:50+00:00\" \/>\n<meta name=\"twitter:card\" content=\"summary_large_image\" \/>\n<meta name=\"twitter:label1\" content=\"Dur\u00e9e de lecture estim\u00e9e\" \/>\n\t<meta name=\"twitter:data1\" content=\"3 minutes\" \/>\n<script type=\"application\/ld+json\" class=\"yoast-schema-graph\">{\"@context\":\"https:\\\/\\\/schema.org\",\"@graph\":[{\"@type\":\"WebPage\",\"@id\":\"https:\\\/\\\/floatingmarketpattaya.com\\\/tickets\\\/pattaya-floating-market-entrance-ticket-one-way-rowing-boat\\\/\",\"url\":\"https:\\\/\\\/floatingmarketpattaya.com\\\/tickets\\\/pattaya-floating-market-entrance-ticket-one-way-rowing-boat\\\/\",\"name\":\"Book Your Pattaya Floating Market Entry With Boat Ride Today\",\"isPartOf\":{\"@id\":\"https:\\\/\\\/floatingmarketpattaya.com\\\/#website\"},\"primaryImageOfPage\":{\"@id\":\"https:\\\/\\\/floatingmarketpattaya.com\\\/tickets\\\/pattaya-floating-market-entrance-ticket-one-way-rowing-boat\\\/#primaryimage\"},\"image\":{\"@id\":\"https:\\\/\\\/floatingmarketpattaya.com\\\/tickets\\\/pattaya-floating-market-entrance-ticket-one-way-rowing-boat\\\/#primaryimage\"},\"thumbnailUrl\":\"https:\\\/\\\/floatingmarketpattaya.com\\\/wp-content\\\/uploads\\\/2024\\\/10\\\/Floating-Market-Pattaya-Ticket.avif\",\"datePublished\":\"2024-10-31T23:00:12+00:00\",\"dateModified\":\"2025-09-26T10:39:50+00:00\",\"description\":\"Discover Pattaya Floating Market! Secure Your Entry + One-Way Rowing Boat Ride. Enjoy Thai Culture, Shopping And Scenic Views. Book Now!\",\"breadcrumb\":{\"@id\":\"https:\\\/\\\/floatingmarketpattaya.com\\\/tickets\\\/pattaya-floating-market-entrance-ticket-one-way-rowing-boat\\\/#breadcrumb\"},\"inLanguage\":\"fr-FR\",\"potentialAction\":[{\"@type\":\"ReadAction\",\"target\":[\"https:\\\/\\\/floatingmarketpattaya.com\\\/tickets\\\/pattaya-floating-market-entrance-ticket-one-way-rowing-boat\\\/\"]}]},{\"@type\":\"ImageObject\",\"inLanguage\":\"fr-FR\",\"@id\":\"https:\\\/\\\/floatingmarketpattaya.com\\\/tickets\\\/pattaya-floating-market-entrance-ticket-one-way-rowing-boat\\\/#primaryimage\",\"url\":\"https:\\\/\\\/floatingmarketpattaya.com\\\/wp-content\\\/uploads\\\/2024\\\/10\\\/Floating-Market-Pattaya-Ticket.avif\",\"contentUrl\":\"https:\\\/\\\/floatingmarketpattaya.com\\\/wp-content\\\/uploads\\\/2024\\\/10\\\/Floating-Market-Pattaya-Ticket.avif\",\"width\":1200,\"height\":790,\"caption\":\"Floating Market Pattaya Ticket\"},{\"@type\":\"BreadcrumbList\",\"@id\":\"https:\\\/\\\/floatingmarketpattaya.com\\\/tickets\\\/pattaya-floating-market-entrance-ticket-one-way-rowing-boat\\\/#breadcrumb\",\"itemListElement\":[{\"@type\":\"ListItem\",\"position\":1,\"name\":\"Home\",\"item\":\"https:\\\/\\\/floatingmarketpattaya.com\\\/\"},{\"@type\":\"ListItem\",\"position\":2,\"name\":\"Tickets\",\"item\":\"https:\\\/\\\/floatingmarketpattaya.com\\\/tickets\\\/\"},{\"@type\":\"ListItem\",\"position\":3,\"name\":\"Pattaya Floating Market Entrance Ticket + One Way Rowing Boat\"}]},{\"@type\":\"WebSite\",\"@id\":\"https:\\\/\\\/floatingmarketpattaya.com\\\/#website\",\"url\":\"https:\\\/\\\/floatingmarketpattaya.com\\\/\",\"name\":\"Pattaya Floating Market\",\"description\":\"\",\"publisher\":{\"@id\":\"https:\\\/\\\/floatingmarketpattaya.com\\\/#organization\"},\"potentialAction\":[{\"@type\":\"SearchAction\",\"target\":{\"@type\":\"EntryPoint\",\"urlTemplate\":\"https:\\\/\\\/floatingmarketpattaya.com\\\/?s={search_term_string}\"},\"query-input\":{\"@type\":\"PropertyValueSpecification\",\"valueRequired\":true,\"valueName\":\"search_term_string\"}}],\"inLanguage\":\"fr-FR\"},{\"@type\":\"Organization\",\"@id\":\"https:\\\/\\\/floatingmarketpattaya.com\\\/#organization\",\"name\":\"Pattaya Floating Market\",\"url\":\"https:\\\/\\\/floatingmarketpattaya.com\\\/\",\"logo\":{\"@type\":\"ImageObject\",\"inLanguage\":\"fr-FR\",\"@id\":\"https:\\\/\\\/floatingmarketpattaya.com\\\/#\\\/schema\\\/logo\\\/image\\\/\",\"url\":\"https:\\\/\\\/floatingmarketpattaya.com\\\/wp-content\\\/uploads\\\/2024\\\/08\\\/Pattaya-Floating-Market.png\",\"contentUrl\":\"https:\\\/\\\/floatingmarketpattaya.com\\\/wp-content\\\/uploads\\\/2024\\\/08\\\/Pattaya-Floating-Market.png\",\"width\":350,\"height\":100,\"caption\":\"Pattaya Floating Market\"},\"image\":{\"@id\":\"https:\\\/\\\/floatingmarketpattaya.com\\\/#\\\/schema\\\/logo\\\/image\\\/\"}}]}<\/script>\n<!-- \/ Yoast SEO plugin. -->","yoast_head_json":{"title":"R\u00e9servez votre entr\u00e9e au march\u00e9 flottant de Pattaya avec promenade en bateau d\u00e8s aujourd&#039;hui","description":"D\u00e9couvrez le march\u00e9 flottant de Pattaya ! R\u00e9servez votre entr\u00e9e + une promenade en bateau \u00e0 rames aller simple. Profitez de la culture tha\u00eflandaise, du shopping et des vues panoramiques. R\u00e9servez maintenant !","robots":{"index":"index","follow":"follow","max-snippet":"max-snippet:-1","max-image-preview":"max-image-preview:large","max-video-preview":"max-video-preview:-1"},"canonical":"https:\/\/floatingmarketpattaya.com\/fr\/billets\/billet-dentree-au-marche-flottant-de-pattaya-en-bateau-a-rames-aller-simple\/","og_locale":"fr_FR","og_type":"article","og_title":"Book Your Pattaya Floating Market Entry With Boat Ride Today","og_description":"Discover Pattaya Floating Market! Secure Your Entry + One-Way Rowing Boat Ride. Enjoy Thai Culture, Shopping And Scenic Views. Book Now!","og_url":"https:\/\/floatingmarketpattaya.com\/fr\/billets\/billet-dentree-au-marche-flottant-de-pattaya-en-bateau-a-rames-aller-simple\/","og_site_name":"Pattaya Floating Market","article_modified_time":"2025-09-26T10:39:50+00:00","twitter_card":"summary_large_image","twitter_misc":{"Dur\u00e9e de lecture estim\u00e9e":"3 minutes"},"schema":{"@context":"https:\/\/schema.org","@graph":[{"@type":"WebPage","@id":"https:\/\/floatingmarketpattaya.com\/tickets\/pattaya-floating-market-entrance-ticket-one-way-rowing-boat\/","url":"https:\/\/floatingmarketpattaya.com\/tickets\/pattaya-floating-market-entrance-ticket-one-way-rowing-boat\/","name":"R\u00e9servez votre entr\u00e9e au march\u00e9 flottant de Pattaya avec promenade en bateau d\u00e8s aujourd&#039;hui","isPartOf":{"@id":"https:\/\/floatingmarketpattaya.com\/#website"},"primaryImageOfPage":{"@id":"https:\/\/floatingmarketpattaya.com\/tickets\/pattaya-floating-market-entrance-ticket-one-way-rowing-boat\/#primaryimage"},"image":{"@id":"https:\/\/floatingmarketpattaya.com\/tickets\/pattaya-floating-market-entrance-ticket-one-way-rowing-boat\/#primaryimage"},"thumbnailUrl":"https:\/\/floatingmarketpattaya.com\/wp-content\/uploads\/2024\/10\/Floating-Market-Pattaya-Ticket.avif","datePublished":"2024-10-31T23:00:12+00:00","dateModified":"2025-09-26T10:39:50+00:00","description":"D\u00e9couvrez le march\u00e9 flottant de Pattaya ! R\u00e9servez votre entr\u00e9e + une promenade en bateau \u00e0 rames aller simple. Profitez de la culture tha\u00eflandaise, du shopping et des vues panoramiques. R\u00e9servez maintenant !","breadcrumb":{"@id":"https:\/\/floatingmarketpattaya.com\/tickets\/pattaya-floating-market-entrance-ticket-one-way-rowing-boat\/#breadcrumb"},"inLanguage":"fr-FR","potentialAction":[{"@type":"ReadAction","target":["https:\/\/floatingmarketpattaya.com\/tickets\/pattaya-floating-market-entrance-ticket-one-way-rowing-boat\/"]}]},{"@type":"ImageObject","inLanguage":"fr-FR","@id":"https:\/\/floatingmarketpattaya.com\/tickets\/pattaya-floating-market-entrance-ticket-one-way-rowing-boat\/#primaryimage","url":"https:\/\/floatingmarketpattaya.com\/wp-content\/uploads\/2024\/10\/Floating-Market-Pattaya-Ticket.avif","contentUrl":"https:\/\/floatingmarketpattaya.com\/wp-content\/uploads\/2024\/10\/Floating-Market-Pattaya-Ticket.avif","width":1200,"height":790,"caption":"Floating Market Pattaya Ticket"},{"@type":"BreadcrumbList","@id":"https:\/\/floatingmarketpattaya.com\/tickets\/pattaya-floating-market-entrance-ticket-one-way-rowing-boat\/#breadcrumb","itemListElement":[{"@type":"ListItem","position":1,"name":"Home","item":"https:\/\/floatingmarketpattaya.com\/"},{"@type":"ListItem","position":2,"name":"Tickets","item":"https:\/\/floatingmarketpattaya.com\/tickets\/"},{"@type":"ListItem","position":3,"name":"Pattaya Floating Market Entrance Ticket + One Way Rowing Boat"}]},{"@type":"WebSite","@id":"https:\/\/floatingmarketpattaya.com\/#website","url":"https:\/\/floatingmarketpattaya.com\/","name":"March\u00e9 flottant de Pattaya","description":"","publisher":{"@id":"https:\/\/floatingmarketpattaya.com\/#organization"},"potentialAction":[{"@type":"SearchAction","target":{"@type":"EntryPoint","urlTemplate":"https:\/\/floatingmarketpattaya.com\/?s={search_term_string}"},"query-input":{"@type":"PropertyValueSpecification","valueRequired":true,"valueName":"search_term_string"}}],"inLanguage":"fr-FR"},{"@type":"Organization","@id":"https:\/\/floatingmarketpattaya.com\/#organization","name":"March\u00e9 flottant de Pattaya","url":"https:\/\/floatingmarketpattaya.com\/","logo":{"@type":"ImageObject","inLanguage":"fr-FR","@id":"https:\/\/floatingmarketpattaya.com\/#\/schema\/logo\/image\/","url":"https:\/\/floatingmarketpattaya.com\/wp-content\/uploads\/2024\/08\/Pattaya-Floating-Market.png","contentUrl":"https:\/\/floatingmarketpattaya.com\/wp-content\/uploads\/2024\/08\/Pattaya-Floating-Market.png","width":350,"height":100,"caption":"Pattaya Floating Market"},"image":{"@id":"https:\/\/floatingmarketpattaya.com\/#\/schema\/logo\/image\/"}}]}},"jetpack_sharing_enabled":true,"_links":{"self":[{"href":"https:\/\/floatingmarketpattaya.com\/fr\/wp-json\/wp\/v2\/product\/3061","targetHints":{"allow":["GET"]}}],"collection":[{"href":"https:\/\/floatingmarketpattaya.com\/fr\/wp-json\/wp\/v2\/product"}],"about":[{"href":"https:\/\/floatingmarketpattaya.com\/fr\/wp-json\/wp\/v2\/types\/product"}],"replies":[{"embeddable":true,"href":"https:\/\/floatingmarketpattaya.com\/fr\/wp-json\/wp\/v2\/comments?post=3061"}],"wp:featuredmedia":[{"embeddable":true,"href":"https:\/\/floatingmarketpattaya.com\/fr\/wp-json\/wp\/v2\/media\/3053"}],"wp:attachment":[{"href":"https:\/\/floatingmarketpattaya.com\/fr\/wp-json\/wp\/v2\/media?parent=3061"}],"wp:term":[{"taxonomy":"product_brand","embeddable":true,"href":"https:\/\/floatingmarketpattaya.com\/fr\/wp-json\/wp\/v2\/product_brand?post=3061"},{"taxonomy":"product_cat","embeddable":true,"href":"https:\/\/floatingmarketpattaya.com\/fr\/wp-json\/wp\/v2\/product_cat?post=3061"},{"taxonomy":"product_tag","embeddable":true,"href":"https:\/\/floatingmarketpattaya.com\/fr\/wp-json\/wp\/v2\/product_tag?post=3061"}],"curies":[{"name":"wp","href":"https:\/\/api.w.org\/{rel}","templated":true}]}}