{"id":3061,"date":"2024-11-01T04:30:12","date_gmt":"2024-10-31T23:00:12","guid":{"rendered":"https:\/\/floatingmarketpattaya.com\/?post_type=product&#038;p=3061"},"modified":"2025-09-26T16:09:50","modified_gmt":"2025-09-26T10:39:50","slug":"entrada-al-mercado-flotante-de-pattaya-billete-de-ida-en-bote-de-remos","status":"publish","type":"product","link":"https:\/\/floatingmarketpattaya.com\/es\/entradas\/entrada-al-mercado-flotante-de-pattaya-billete-de-ida-en-bote-de-remos\/","title":{"rendered":"Entrada al mercado flotante de Pattaya + paseo en bote de remos de ida"},"content":{"rendered":"<h2>Informaci\u00f3n sobre la entrada al mercado flotante de Pattaya + bote de remos de ida<\/h2>\n<p>Explora el vibrante mercado flotante de Pattaya, una experiencia \u00fanica donde la tradici\u00f3n se fusiona con la aventura. Este boleto incluye la entrada al mercado y un paseo en bote de remos de 20 minutos de ida, que ofrece una vista de cerca de la vida tradicional tailandesa a lo largo del agua. Desde artesan\u00edas tailandesas hasta delicias regionales, el mercado captura la esencia de Tailandia en un entorno animado y aut\u00e9ntico.<\/p>\n<h3>Horarios<\/h3>\n<ul>\n<li><strong>Horario del mercado<\/strong>:De 9:00 a. m. a 6:00 p. m. todos los d\u00edas<\/li>\n<li><strong>Horario de navegaci\u00f3n en bote de remos<\/strong>:Disponible durante todo el horario del mercado.<\/li>\n<\/ul>\n<h3>Reflejos<\/h3>\n<ul>\n<li><strong>Experiencia aut\u00e9ntica en el mercado tailand\u00e9s<\/strong>:Descubra la artesan\u00eda, la comida y la cultura locales.<\/li>\n<li><strong>Paseo en bote de remos de ida<\/strong>:Disfrute de un paseo panor\u00e1mico en barco de 20 minutos, capturando la esencia de los mercados flotantes de Tailandia.<\/li>\n<li><strong>Exposiciones culturales interactivas<\/strong>:Interact\u00fae con los artesanos y explore exhibiciones culturales.<\/li>\n<li><strong>Ambiente familiar<\/strong>:Actividades y comida para todas las edades.<\/li>\n<li><strong>Oportunidades para tomar fotograf\u00edas<\/strong>:Fondos ic\u00f3nicos perfectos para fotos memorables.<\/li>\n<\/ul>\n<h3>Qu\u00e9 incluye<\/h3>\n<ul>\n<li>Entrada al mercado flotante de Pattaya<\/li>\n<li>Paseo en bote de remos de 20 minutos de ida<\/li>\n<\/ul>\n<h3>Inclusiones<\/h3>\n<ul>\n<li>Billete de entrada al mercado<\/li>\n<li>Paseo en bote de remos de 20 minutos de ida<\/li>\n<\/ul>\n<h3>Exclusiones<\/h3>\n<ul>\n<li>Traslados de ida y vuelta (disponibles a pedido)<\/li>\n<li>Comida, bebidas y souvenirs dentro del mercado.<\/li>\n<\/ul>\n<h3>Pol\u00edtica infantil<\/h3>\n<ul>\n<li><strong>Ni\u00f1os menores de 90 cm<\/strong>:Entrada libre sin asiento separado.<\/li>\n<li><strong>Ni\u00f1os 90-120 cm<\/strong>:Se requiere entrada para ni\u00f1o.<\/li>\n<\/ul>\n<h3>Pol\u00edtica de reembolso y cancelaci\u00f3n<\/h3>\n<ul>\n<li><strong>Sin reembolsos ni cancelaciones<\/strong>:Todas las reservas son definitivas.<\/li>\n<\/ul>\n<h3>\u00bfQu\u00e9 hay m\u00e1s?<\/h3>\n<p>El mercado flotante de Pattaya es una excelente manera de experimentar la vibrante cultura de Tailandia. Disfrute de espect\u00e1culos callejeros, pruebe platos aut\u00e9nticos y ll\u00e9vese a casa recuerdos hechos a mano.<\/p>\n<h3>Consejos de expertos<\/h3>\n<ul>\n<li>Llegue temprano para encontrar menos multitudes y temperaturas m\u00e1s frescas.<\/li>\n<li>Use zapatos c\u00f3modos para explorar el mercado.<\/li>\n<li>Lleve dinero en efectivo para facilitar las transacciones en los puestos.<\/li>\n<\/ul>\n<h3>Qu\u00e9 hacer y qu\u00e9 no hacer<\/h3>\n<ul>\n<li><strong>Hacer<\/strong>:Respete las costumbres locales y pida permiso antes de tomar fotograf\u00edas a los artesanos.<\/li>\n<li><strong>No<\/strong>:Traiga bolsas grandes, ya que el mercado puede estar abarrotado.<\/li>\n<\/ul>\n<h3>Lo que debes saber antes de ir<\/h3>\n<ul>\n<li><strong>Reserva anticipada<\/strong>:Reservar con al menos 1 d\u00eda de antelaci\u00f3n.<\/li>\n<li><strong>Reserva el mismo d\u00eda<\/strong>:Requiere reserva de taxi de ida y vuelta a trav\u00e9s de nosotros.<\/li>\n<li><strong>Clima<\/strong>:Mayormente al aire libre; traer protector solar y agua.<\/li>\n<\/ul>\n<h3>DIRECCI\u00d3N<\/h3>\n<ul>\n<li><strong>Ubicaci\u00f3n<\/strong>: 451 304 \u0e2b\u0e21\u0e39\u0e48\u0e17\u0e35\u0e48 12 Sukhumvit Rd, Muang Pattaya, distrito de Bang Lamung, Chon Buri 20150, Tailandia<\/li>\n<\/ul>\n<h3>Mapas y ubicaci\u00f3n<\/h3>\n<ul>\n<li><strong>Mapas de Google<\/strong>: <span style=\"color: #ff6600;\"><a style=\"color: #ff6600;\" href=\"https:\/\/maps.app.goo.gl\/X3XYpar7f1vCGoUX6\" target=\"_new\" rel=\"noopener\">Ubicaci\u00f3n del mercado flotante de Pattaya<\/a><\/span><\/li>\n<\/ul>\n<h3>C\u00f3mo llegar al mercado flotante de Pattaya<\/h3>\n<ul>\n<li><strong>Transporte p\u00fablico<\/strong>:Accesible en autobuses locales y tuk-tuks desde la ciudad de Pattaya.<\/li>\n<li><strong>Transporte privado<\/strong>:Hay taxis y Grab disponibles en los principales hoteles.<\/li>\n<li><strong>Aparcamiento<\/strong>:Estacionamiento gratuito disponible en el establecimiento.<\/li>\n<\/ul>\n<h3>Preguntas frecuentes (FAQ)<\/h3>\n<p><strong>P: \u00bfPuedo comprar entradas en el mercado?<\/strong><br \/>\nR: S\u00ed, pero reservando online te garantizas la entrada y evitas largas colas.<\/p>\n<p><strong>P: \u00bfEs seguro el paseo en barco para ni\u00f1os peque\u00f1os?<\/strong><br \/>\nR: S\u00ed, el paseo en barco es seguro y adecuado para ni\u00f1os con la supervisi\u00f3n de un adulto.<\/p>\n<p><strong>P: \u00bfHay opciones de comida vegetariana disponibles?<\/strong><br \/>\nR: S\u00ed, el mercado ofrece una variedad de bocadillos y comidas vegetarianas.<\/p>\n<p><strong>P: \u00bfNecesito reservar con antelaci\u00f3n?<\/strong><br \/>\nR: Se recomienda reservar con antelaci\u00f3n. Las reservas para el mismo d\u00eda requieren un taxi de ida y vuelta a trav\u00e9s de nosotros.<\/p>\n<p><strong>P: \u00bfHay un \u00e1rea sombreada o asientos dentro del mercado?<\/strong><br \/>\nR: S\u00ed, hay \u00e1reas sombreadas y asientos para descansar y disfrutar de la comida.<\/p>\n<p><strong>P: \u00bfSe permiten mascotas en el mercado flotante de Pattaya?<\/strong><br \/>\nR: No, no se permiten mascotas dentro del \u00e1rea del mercado.<\/p>\n<p>Disfruta de una experiencia inolvidable en <a href=\"https:\/\/floatingmarketpattaya.com\/es\/\">Mercado flotante de Pattaya<\/a> con nuestro combo de entrada y barco de remos, perfecto para sumergirse en las maravillas culturales de Tailandia.<\/p>","protected":false},"excerpt":{"rendered":"<table class=\"short-description\">\n<tbody class=\"tabel364\">\n<tr class=\"short-description-tr32r\">\n<th class=\"short-description-th\"><span class=\"description-h23\"><strong class=\"description-strong67\">Las reservas deben hacerse con 1 d\u00eda de anticipaci\u00f3n o es necesario reservar un taxi con nosotros para reservar el mismo d\u00eda.<\/strong><\/span><\/th>\n<\/tr>\n<\/tbody>\n<\/table>","protected":false},"featured_media":3053,"comment_status":"open","ping_status":"closed","template":"","meta":{"ocean_post_layout":"","ocean_both_sidebars_style":"","ocean_both_sidebars_content_width":0,"ocean_both_sidebars_sidebars_width":0,"ocean_sidebar":"0","ocean_second_sidebar":"0","ocean_disable_margins":"enable","ocean_add_body_class":"","ocean_shortcode_before_top_bar":"","ocean_shortcode_after_top_bar":"","ocean_shortcode_before_header":"","ocean_shortcode_after_header":"","ocean_has_shortcode":"","ocean_shortcode_after_title":"","ocean_shortcode_before_footer_widgets":"","ocean_shortcode_after_footer_widgets":"","ocean_shortcode_before_footer_bottom":"","ocean_shortcode_after_footer_bottom":"","ocean_display_top_bar":"default","ocean_display_header":"default","ocean_header_style":"","ocean_center_header_left_menu":"0","ocean_custom_header_template":"0","ocean_custom_logo":0,"ocean_custom_retina_logo":0,"ocean_custom_logo_max_width":0,"ocean_custom_logo_tablet_max_width":0,"ocean_custom_logo_mobile_max_width":0,"ocean_custom_logo_max_height":0,"ocean_custom_logo_tablet_max_height":0,"ocean_custom_logo_mobile_max_height":0,"ocean_header_custom_menu":"0","ocean_menu_typo_font_family":"0","ocean_menu_typo_font_subset":"","ocean_menu_typo_font_size":0,"ocean_menu_typo_font_size_tablet":0,"ocean_menu_typo_font_size_mobile":0,"ocean_menu_typo_font_size_unit":"px","ocean_menu_typo_font_weight":"","ocean_menu_typo_font_weight_tablet":"","ocean_menu_typo_font_weight_mobile":"","ocean_menu_typo_transform":"","ocean_menu_typo_transform_tablet":"","ocean_menu_typo_transform_mobile":"","ocean_menu_typo_line_height":0,"ocean_menu_typo_line_height_tablet":0,"ocean_menu_typo_line_height_mobile":0,"ocean_menu_typo_line_height_unit":"","ocean_menu_typo_spacing":0,"ocean_menu_typo_spacing_tablet":0,"ocean_menu_typo_spacing_mobile":0,"ocean_menu_typo_spacing_unit":"","ocean_menu_link_color":"","ocean_menu_link_color_hover":"","ocean_menu_link_color_active":"","ocean_menu_link_background":"","ocean_menu_link_hover_background":"","ocean_menu_link_active_background":"","ocean_menu_social_links_bg":"","ocean_menu_social_hover_links_bg":"","ocean_menu_social_links_color":"","ocean_menu_social_hover_links_color":"","ocean_disable_title":"default","ocean_disable_heading":"default","ocean_post_title":"","ocean_post_subheading":"","ocean_post_title_style":"","ocean_post_title_background_color":"","ocean_post_title_background":0,"ocean_post_title_bg_image_position":"","ocean_post_title_bg_image_attachment":"","ocean_post_title_bg_image_repeat":"","ocean_post_title_bg_image_size":"","ocean_post_title_height":0,"ocean_post_title_bg_overlay":0.5,"ocean_post_title_bg_overlay_color":"","ocean_disable_breadcrumbs":"default","ocean_breadcrumbs_color":"","ocean_breadcrumbs_separator_color":"","ocean_breadcrumbs_links_color":"","ocean_breadcrumbs_links_hover_color":"","ocean_display_footer_widgets":"default","ocean_display_footer_bottom":"default","ocean_custom_footer_template":"0"},"product_brand":[],"product_cat":[20],"product_tag":[398,400,389,393,388,396,391,379,395,373,399,390,374,397,392,394],"class_list":{"0":"post-3061","1":"product","2":"type-product","3":"status-publish","4":"has-post-thumbnail","6":"product_cat-tickets","7":"product_tag-family-activities-pattaya","8":"product_tag-floating-market-admission","9":"product_tag-floating-market-entry","10":"product_tag-floating-market-tours-pattaya","11":"product_tag-pattaya","12":"product_tag-pattaya-boat-ride","13":"product_tag-pattaya-cultural-experience","14":"product_tag-pattaya-floating-market-deals","15":"product_tag-pattaya-floating-market-online-booking","16":"product_tag-pattaya-floating-market-tickets","17":"product_tag-pattaya-market-attraction","18":"product_tag-pattaya-market-boat-ride","19":"product_tag-pattaya-market-entry","20":"product_tag-rowing-boat-pattaya","21":"product_tag-thai-market-tickets","22":"product_tag-thai-market-tickets-booking","24":"entry","25":"has-media","26":"tm-has-options","28":"first","29":"instock","30":"virtual","31":"taxable","32":"purchasable","33":"product-type-simple","34":"has-product-nav","35":"col","36":"span_1_of_3","37":"owp-content-center","38":"owp-thumbs-layout-horizontal","39":"owp-btn-normal","40":"owp-tabs-layout-horizontal"},"yoast_head":"<!-- This site is optimized with the Yoast SEO plugin v27.4 - https:\/\/yoast.com\/product\/yoast-seo-wordpress\/ -->\n<title>Book Your Pattaya Floating Market Entry With Boat Ride Today<\/title>\n<meta name=\"description\" content=\"Discover Pattaya Floating Market! Secure Your Entry + One-Way Rowing Boat Ride. Enjoy Thai Culture, Shopping And Scenic Views. Book Now!\" \/>\n<meta name=\"robots\" content=\"index, follow, max-snippet:-1, max-image-preview:large, max-video-preview:-1\" \/>\n<link rel=\"canonical\" href=\"https:\/\/floatingmarketpattaya.com\/es\/entradas\/entrada-al-mercado-flotante-de-pattaya-billete-de-ida-en-bote-de-remos\/\" \/>\n<meta property=\"og:locale\" content=\"es_ES\" \/>\n<meta property=\"og:type\" content=\"article\" \/>\n<meta property=\"og:title\" content=\"Book Your Pattaya Floating Market Entry With Boat Ride Today\" \/>\n<meta property=\"og:description\" content=\"Discover Pattaya Floating Market! Secure Your Entry + One-Way Rowing Boat Ride. Enjoy Thai Culture, Shopping And Scenic Views. Book Now!\" \/>\n<meta property=\"og:url\" content=\"https:\/\/floatingmarketpattaya.com\/es\/entradas\/entrada-al-mercado-flotante-de-pattaya-billete-de-ida-en-bote-de-remos\/\" \/>\n<meta property=\"og:site_name\" content=\"Pattaya Floating Market\" \/>\n<meta property=\"article:modified_time\" content=\"2025-09-26T10:39:50+00:00\" \/>\n<meta name=\"twitter:card\" content=\"summary_large_image\" \/>\n<meta name=\"twitter:label1\" content=\"Tiempo de lectura\" \/>\n\t<meta name=\"twitter:data1\" content=\"3 minutos\" \/>\n<script type=\"application\/ld+json\" class=\"yoast-schema-graph\">{\"@context\":\"https:\\\/\\\/schema.org\",\"@graph\":[{\"@type\":\"WebPage\",\"@id\":\"https:\\\/\\\/floatingmarketpattaya.com\\\/tickets\\\/pattaya-floating-market-entrance-ticket-one-way-rowing-boat\\\/\",\"url\":\"https:\\\/\\\/floatingmarketpattaya.com\\\/tickets\\\/pattaya-floating-market-entrance-ticket-one-way-rowing-boat\\\/\",\"name\":\"Book Your Pattaya Floating Market Entry With Boat Ride Today\",\"isPartOf\":{\"@id\":\"https:\\\/\\\/floatingmarketpattaya.com\\\/#website\"},\"primaryImageOfPage\":{\"@id\":\"https:\\\/\\\/floatingmarketpattaya.com\\\/tickets\\\/pattaya-floating-market-entrance-ticket-one-way-rowing-boat\\\/#primaryimage\"},\"image\":{\"@id\":\"https:\\\/\\\/floatingmarketpattaya.com\\\/tickets\\\/pattaya-floating-market-entrance-ticket-one-way-rowing-boat\\\/#primaryimage\"},\"thumbnailUrl\":\"https:\\\/\\\/floatingmarketpattaya.com\\\/wp-content\\\/uploads\\\/2024\\\/10\\\/Floating-Market-Pattaya-Ticket.avif\",\"datePublished\":\"2024-10-31T23:00:12+00:00\",\"dateModified\":\"2025-09-26T10:39:50+00:00\",\"description\":\"Discover Pattaya Floating Market! Secure Your Entry + One-Way Rowing Boat Ride. Enjoy Thai Culture, Shopping And Scenic Views. Book Now!\",\"breadcrumb\":{\"@id\":\"https:\\\/\\\/floatingmarketpattaya.com\\\/tickets\\\/pattaya-floating-market-entrance-ticket-one-way-rowing-boat\\\/#breadcrumb\"},\"inLanguage\":\"es\",\"potentialAction\":[{\"@type\":\"ReadAction\",\"target\":[\"https:\\\/\\\/floatingmarketpattaya.com\\\/tickets\\\/pattaya-floating-market-entrance-ticket-one-way-rowing-boat\\\/\"]}]},{\"@type\":\"ImageObject\",\"inLanguage\":\"es\",\"@id\":\"https:\\\/\\\/floatingmarketpattaya.com\\\/tickets\\\/pattaya-floating-market-entrance-ticket-one-way-rowing-boat\\\/#primaryimage\",\"url\":\"https:\\\/\\\/floatingmarketpattaya.com\\\/wp-content\\\/uploads\\\/2024\\\/10\\\/Floating-Market-Pattaya-Ticket.avif\",\"contentUrl\":\"https:\\\/\\\/floatingmarketpattaya.com\\\/wp-content\\\/uploads\\\/2024\\\/10\\\/Floating-Market-Pattaya-Ticket.avif\",\"width\":1200,\"height\":790,\"caption\":\"Floating Market Pattaya Ticket\"},{\"@type\":\"BreadcrumbList\",\"@id\":\"https:\\\/\\\/floatingmarketpattaya.com\\\/tickets\\\/pattaya-floating-market-entrance-ticket-one-way-rowing-boat\\\/#breadcrumb\",\"itemListElement\":[{\"@type\":\"ListItem\",\"position\":1,\"name\":\"Home\",\"item\":\"https:\\\/\\\/floatingmarketpattaya.com\\\/\"},{\"@type\":\"ListItem\",\"position\":2,\"name\":\"Tickets\",\"item\":\"https:\\\/\\\/floatingmarketpattaya.com\\\/tickets\\\/\"},{\"@type\":\"ListItem\",\"position\":3,\"name\":\"Pattaya Floating Market Entrance Ticket + One Way Rowing Boat\"}]},{\"@type\":\"WebSite\",\"@id\":\"https:\\\/\\\/floatingmarketpattaya.com\\\/#website\",\"url\":\"https:\\\/\\\/floatingmarketpattaya.com\\\/\",\"name\":\"Pattaya Floating Market\",\"description\":\"\",\"publisher\":{\"@id\":\"https:\\\/\\\/floatingmarketpattaya.com\\\/#organization\"},\"potentialAction\":[{\"@type\":\"SearchAction\",\"target\":{\"@type\":\"EntryPoint\",\"urlTemplate\":\"https:\\\/\\\/floatingmarketpattaya.com\\\/?s={search_term_string}\"},\"query-input\":{\"@type\":\"PropertyValueSpecification\",\"valueRequired\":true,\"valueName\":\"search_term_string\"}}],\"inLanguage\":\"es\"},{\"@type\":\"Organization\",\"@id\":\"https:\\\/\\\/floatingmarketpattaya.com\\\/#organization\",\"name\":\"Pattaya Floating Market\",\"url\":\"https:\\\/\\\/floatingmarketpattaya.com\\\/\",\"logo\":{\"@type\":\"ImageObject\",\"inLanguage\":\"es\",\"@id\":\"https:\\\/\\\/floatingmarketpattaya.com\\\/#\\\/schema\\\/logo\\\/image\\\/\",\"url\":\"https:\\\/\\\/floatingmarketpattaya.com\\\/wp-content\\\/uploads\\\/2024\\\/08\\\/Pattaya-Floating-Market.png\",\"contentUrl\":\"https:\\\/\\\/floatingmarketpattaya.com\\\/wp-content\\\/uploads\\\/2024\\\/08\\\/Pattaya-Floating-Market.png\",\"width\":350,\"height\":100,\"caption\":\"Pattaya Floating Market\"},\"image\":{\"@id\":\"https:\\\/\\\/floatingmarketpattaya.com\\\/#\\\/schema\\\/logo\\\/image\\\/\"}}]}<\/script>\n<!-- \/ Yoast SEO plugin. -->","yoast_head_json":{"title":"Reserve hoy mismo su entrada al mercado flotante de Pattaya con paseo en barco","description":"\u00a1Descubra el mercado flotante de Pattaya! Reserve su entrada + paseo en bote de remos de ida. Disfrute de la cultura tailandesa, las compras y las vistas panor\u00e1micas. \u00a1Reserve ahora!","robots":{"index":"index","follow":"follow","max-snippet":"max-snippet:-1","max-image-preview":"max-image-preview:large","max-video-preview":"max-video-preview:-1"},"canonical":"https:\/\/floatingmarketpattaya.com\/es\/entradas\/entrada-al-mercado-flotante-de-pattaya-billete-de-ida-en-bote-de-remos\/","og_locale":"es_ES","og_type":"article","og_title":"Book Your Pattaya Floating Market Entry With Boat Ride Today","og_description":"Discover Pattaya Floating Market! Secure Your Entry + One-Way Rowing Boat Ride. Enjoy Thai Culture, Shopping And Scenic Views. Book Now!","og_url":"https:\/\/floatingmarketpattaya.com\/es\/entradas\/entrada-al-mercado-flotante-de-pattaya-billete-de-ida-en-bote-de-remos\/","og_site_name":"Pattaya Floating Market","article_modified_time":"2025-09-26T10:39:50+00:00","twitter_card":"summary_large_image","twitter_misc":{"Tiempo de lectura":"3 minutos"},"schema":{"@context":"https:\/\/schema.org","@graph":[{"@type":"WebPage","@id":"https:\/\/floatingmarketpattaya.com\/tickets\/pattaya-floating-market-entrance-ticket-one-way-rowing-boat\/","url":"https:\/\/floatingmarketpattaya.com\/tickets\/pattaya-floating-market-entrance-ticket-one-way-rowing-boat\/","name":"Reserve hoy mismo su entrada al mercado flotante de Pattaya con paseo en barco","isPartOf":{"@id":"https:\/\/floatingmarketpattaya.com\/#website"},"primaryImageOfPage":{"@id":"https:\/\/floatingmarketpattaya.com\/tickets\/pattaya-floating-market-entrance-ticket-one-way-rowing-boat\/#primaryimage"},"image":{"@id":"https:\/\/floatingmarketpattaya.com\/tickets\/pattaya-floating-market-entrance-ticket-one-way-rowing-boat\/#primaryimage"},"thumbnailUrl":"https:\/\/floatingmarketpattaya.com\/wp-content\/uploads\/2024\/10\/Floating-Market-Pattaya-Ticket.avif","datePublished":"2024-10-31T23:00:12+00:00","dateModified":"2025-09-26T10:39:50+00:00","description":"\u00a1Descubra el mercado flotante de Pattaya! Reserve su entrada + paseo en bote de remos de ida. Disfrute de la cultura tailandesa, las compras y las vistas panor\u00e1micas. \u00a1Reserve ahora!","breadcrumb":{"@id":"https:\/\/floatingmarketpattaya.com\/tickets\/pattaya-floating-market-entrance-ticket-one-way-rowing-boat\/#breadcrumb"},"inLanguage":"es","potentialAction":[{"@type":"ReadAction","target":["https:\/\/floatingmarketpattaya.com\/tickets\/pattaya-floating-market-entrance-ticket-one-way-rowing-boat\/"]}]},{"@type":"ImageObject","inLanguage":"es","@id":"https:\/\/floatingmarketpattaya.com\/tickets\/pattaya-floating-market-entrance-ticket-one-way-rowing-boat\/#primaryimage","url":"https:\/\/floatingmarketpattaya.com\/wp-content\/uploads\/2024\/10\/Floating-Market-Pattaya-Ticket.avif","contentUrl":"https:\/\/floatingmarketpattaya.com\/wp-content\/uploads\/2024\/10\/Floating-Market-Pattaya-Ticket.avif","width":1200,"height":790,"caption":"Floating Market Pattaya Ticket"},{"@type":"BreadcrumbList","@id":"https:\/\/floatingmarketpattaya.com\/tickets\/pattaya-floating-market-entrance-ticket-one-way-rowing-boat\/#breadcrumb","itemListElement":[{"@type":"ListItem","position":1,"name":"Home","item":"https:\/\/floatingmarketpattaya.com\/"},{"@type":"ListItem","position":2,"name":"Tickets","item":"https:\/\/floatingmarketpattaya.com\/tickets\/"},{"@type":"ListItem","position":3,"name":"Pattaya Floating Market Entrance Ticket + One Way Rowing Boat"}]},{"@type":"WebSite","@id":"https:\/\/floatingmarketpattaya.com\/#website","url":"https:\/\/floatingmarketpattaya.com\/","name":"Mercado flotante de Pattaya","description":"","publisher":{"@id":"https:\/\/floatingmarketpattaya.com\/#organization"},"potentialAction":[{"@type":"SearchAction","target":{"@type":"EntryPoint","urlTemplate":"https:\/\/floatingmarketpattaya.com\/?s={search_term_string}"},"query-input":{"@type":"PropertyValueSpecification","valueRequired":true,"valueName":"search_term_string"}}],"inLanguage":"es"},{"@type":"Organization","@id":"https:\/\/floatingmarketpattaya.com\/#organization","name":"Mercado flotante de Pattaya","url":"https:\/\/floatingmarketpattaya.com\/","logo":{"@type":"ImageObject","inLanguage":"es","@id":"https:\/\/floatingmarketpattaya.com\/#\/schema\/logo\/image\/","url":"https:\/\/floatingmarketpattaya.com\/wp-content\/uploads\/2024\/08\/Pattaya-Floating-Market.png","contentUrl":"https:\/\/floatingmarketpattaya.com\/wp-content\/uploads\/2024\/08\/Pattaya-Floating-Market.png","width":350,"height":100,"caption":"Pattaya Floating Market"},"image":{"@id":"https:\/\/floatingmarketpattaya.com\/#\/schema\/logo\/image\/"}}]}},"jetpack_sharing_enabled":true,"_links":{"self":[{"href":"https:\/\/floatingmarketpattaya.com\/es\/wp-json\/wp\/v2\/product\/3061","targetHints":{"allow":["GET"]}}],"collection":[{"href":"https:\/\/floatingmarketpattaya.com\/es\/wp-json\/wp\/v2\/product"}],"about":[{"href":"https:\/\/floatingmarketpattaya.com\/es\/wp-json\/wp\/v2\/types\/product"}],"replies":[{"embeddable":true,"href":"https:\/\/floatingmarketpattaya.com\/es\/wp-json\/wp\/v2\/comments?post=3061"}],"wp:featuredmedia":[{"embeddable":true,"href":"https:\/\/floatingmarketpattaya.com\/es\/wp-json\/wp\/v2\/media\/3053"}],"wp:attachment":[{"href":"https:\/\/floatingmarketpattaya.com\/es\/wp-json\/wp\/v2\/media?parent=3061"}],"wp:term":[{"taxonomy":"product_brand","embeddable":true,"href":"https:\/\/floatingmarketpattaya.com\/es\/wp-json\/wp\/v2\/product_brand?post=3061"},{"taxonomy":"product_cat","embeddable":true,"href":"https:\/\/floatingmarketpattaya.com\/es\/wp-json\/wp\/v2\/product_cat?post=3061"},{"taxonomy":"product_tag","embeddable":true,"href":"https:\/\/floatingmarketpattaya.com\/es\/wp-json\/wp\/v2\/product_tag?post=3061"}],"curies":[{"name":"Gracias","href":"https:\/\/api.w.org\/{rel}","templated":true}]}}