{"id":3061,"date":"2024-11-01T04:30:12","date_gmt":"2024-10-31T23:00:12","guid":{"rendered":"https:\/\/floatingmarketpattaya.com\/?post_type=product&#038;p=3061"},"modified":"2025-09-26T16:09:50","modified_gmt":"2025-09-26T10:39:50","slug":"eintrittskarte-fur-den-schwimmenden-markt-von-pattaya-einfache-fahrt-mit-dem-ruderboot","status":"publish","type":"product","link":"https:\/\/floatingmarketpattaya.com\/de\/tickets\/eintrittskarte-fur-den-schwimmenden-markt-von-pattaya-einfache-fahrt-mit-dem-ruderboot\/","title":{"rendered":"Eintrittskarte f\u00fcr den schwimmenden Markt von Pattaya + einfache Fahrt mit dem Ruderboot"},"content":{"rendered":"<h2>\u00dcber Eintrittskarte f\u00fcr den schwimmenden Markt von Pattaya + einfache Fahrt mit dem Ruderboot<\/h2>\n<p>Entdecken Sie den lebhaften Pattaya Floating Market, ein einzigartiges Erlebnis, bei dem Tradition auf Abenteuer trifft. Dieses Ticket beinhaltet den Eintritt zum Markt und eine 20-min\u00fctige einfache Ruderbootfahrt, die einen Einblick in das traditionelle thail\u00e4ndische Leben am Wasser bietet. Von thail\u00e4ndischem Kunsthandwerk bis hin zu regionalen K\u00f6stlichkeiten f\u00e4ngt der Markt die Essenz Thailands in einer lebendigen, authentischen Umgebung ein.<\/p>\n<h3>Zeiten<\/h3>\n<ul>\n<li><strong>Marktzeiten<\/strong>: t\u00e4glich von 9:00 bis 18:00 Uhr<\/li>\n<li><strong>Ruderboot-\u00d6ffnungszeiten<\/strong>: W\u00e4hrend der gesamten Marktzeiten verf\u00fcgbar<\/li>\n<\/ul>\n<h3>Highlights<\/h3>\n<ul>\n<li><strong>Authentisches thail\u00e4ndisches Markterlebnis<\/strong>: Entdecken Sie lokales Handwerk, Essen und Kultur.<\/li>\n<li><strong>Einfache Ruderbootfahrt<\/strong>: Genie\u00dfen Sie eine 20-min\u00fctige malerische Bootsfahrt und erleben Sie die Essenz der schwimmenden M\u00e4rkte Thailands.<\/li>\n<li><strong>Interaktive Kulturausstellungen<\/strong>: Lernen Sie Kunsthandwerker kennen und erkunden Sie kulturelle Ausstellungen.<\/li>\n<li><strong>Familienfreundliche Umgebung<\/strong>: Aktivit\u00e4ten und Essen f\u00fcr alle Altersgruppen.<\/li>\n<li><strong>Fotom\u00f6glichkeiten<\/strong>: Ikonische Hintergr\u00fcnde, perfekt f\u00fcr unvergessliche Fotos.<\/li>\n<\/ul>\n<h3>Im Leistungsumfang enthalten<\/h3>\n<ul>\n<li>Eintritt zum schwimmenden Markt von Pattaya<\/li>\n<li>Einfache 20-min\u00fctige Ruderbootfahrt<\/li>\n<\/ul>\n<h3>Einschl\u00fcsse<\/h3>\n<ul>\n<li>Markteintrittskarte<\/li>\n<li>20-min\u00fctige einfache Ruderbootfahrt<\/li>\n<\/ul>\n<h3>Ausschl\u00fcsse<\/h3>\n<ul>\n<li>Hin- und R\u00fccktransfer (auf Anfrage verf\u00fcgbar)<\/li>\n<li>Essen, Getr\u00e4nke und Souvenirs im Markt<\/li>\n<\/ul>\n<h3>Richtlinien zu Kindern<\/h3>\n<ul>\n<li><strong>Kinder unter 90 cm<\/strong>: Freier Eintritt ohne eigenen Sitzplatz.<\/li>\n<li><strong>Kinder 90-120 cm<\/strong>: Kinderticket erforderlich.<\/li>\n<\/ul>\n<h3>R\u00fcckerstattungs- und Stornierungsbedingungen<\/h3>\n<ul>\n<li><strong>Keine R\u00fcckerstattungen oder Stornierungen<\/strong>: Alle Buchungen sind endg\u00fcltig.<\/li>\n<\/ul>\n<h3>Was gibt es noch?<\/h3>\n<p>Der schwimmende Markt von Pattaya ist eine gro\u00dfartige M\u00f6glichkeit, Thailands lebendige Kultur kennenzulernen. Genie\u00dfen Sie Stra\u00dfenauff\u00fchrungen, probieren Sie authentische Gerichte und nehmen Sie handgefertigte Souvenirs mit nach Hause.<\/p>\n<h3>Insider-Tipps<\/h3>\n<ul>\n<li>Kommen Sie fr\u00fch, dann ist der Andrang geringer und die Temperaturen sind k\u00fchler.<\/li>\n<li>Tragen Sie bequeme Schuhe, wenn Sie den Markt erkunden.<\/li>\n<li>Bringen Sie Bargeld mit, um an den St\u00e4nden einfachere Transaktionen durchf\u00fchren zu k\u00f6nnen.<\/li>\n<\/ul>\n<h3>Was man tun und lassen sollte<\/h3>\n<ul>\n<li><strong>Tun<\/strong>: Respektieren Sie die \u00f6rtlichen Gepflogenheiten und fragen Sie um Erlaubnis, bevor Sie Fotos von Handwerkern machen.<\/li>\n<li><strong>Nicht<\/strong>: Bringen Sie gro\u00dfe Taschen mit, da der Markt \u00fcberf\u00fcllt sein kann.<\/li>\n<\/ul>\n<h3>Wissenswertes vor der Reise<\/h3>\n<ul>\n<li><strong>Reservierung<\/strong>: Buchen Sie mindestens 1 Tag im Voraus.<\/li>\n<li><strong>Buchung am selben Tag<\/strong>: Erfordert eine Hin- und R\u00fcckfahrt mit dem Taxi \u00fcber uns.<\/li>\n<li><strong>Wetter<\/strong>: Haupts\u00e4chlich im Freien; bringen Sie Sonnenschutzmittel und Wasser mit.<\/li>\n<\/ul>\n<h3>Adresse<\/h3>\n<ul>\n<li><strong>Standort<\/strong>: 451 304 \u0e2b\u0e21\u0e39\u0e48\u0e17\u0e35\u0e48 12 Sukhumvit Rd, Muang Pattaya, Bezirk Bang Lamung, Chon Buri 20150, Thailand<\/li>\n<\/ul>\n<h3>Karten &amp; Standort<\/h3>\n<ul>\n<li><strong>Google Maps<\/strong>: <span style=\"color: #ff6600;\"><a style=\"color: #ff6600;\" href=\"https:\/\/maps.app.goo.gl\/X3XYpar7f1vCGoUX6\" target=\"_new\" rel=\"noopener\">Lage des schwimmenden Marktes von Pattaya<\/a><\/span><\/li>\n<\/ul>\n<h3>So erreichen Sie den schwimmenden Markt von Pattaya<\/h3>\n<ul>\n<li><strong>\u00d6ffentliche Verkehrsmittel<\/strong>: Von Pattaya City aus mit lokalen Bussen und Tuk-Tuks erreichbar.<\/li>\n<li><strong>Privater Transport<\/strong>: Bei den gr\u00f6\u00dferen Hotels stehen Taxis und Grab-Busse zur Verf\u00fcgung.<\/li>\n<li><strong>Parken<\/strong>: Kostenlose Parkpl\u00e4tze stehen vor Ort zur Verf\u00fcgung.<\/li>\n<\/ul>\n<h3>H\u00e4ufig gestellte Fragen (FAQs)<\/h3>\n<p><strong>F: Kann ich Tickets auf dem Markt kaufen?<\/strong><br \/>\nA: Ja, aber eine Online-Buchung garantiert Ihren Eintritt und vermeidet lange Warteschlangen.<\/p>\n<p><strong>F: Ist die Bootsfahrt f\u00fcr kleine Kinder sicher?<\/strong><br \/>\nA: Ja, die Bootsfahrt ist sicher und f\u00fcr Kinder unter Aufsicht eines Erwachsenen geeignet.<\/p>\n<p><strong>F: Gibt es vegetarische Speisen?<\/strong><br \/>\nA: Ja, der Markt bietet eine Auswahl an vegetarischen Snacks und Mahlzeiten.<\/p>\n<p><strong>F: Muss ich im Voraus buchen?<\/strong><br \/>\nA: Eine Vorausbuchung wird empfohlen. Bei Buchungen am selben Tag ist eine Hin- und R\u00fcckfahrt mit dem Taxi \u00fcber uns erforderlich.<\/p>\n<p><strong>F: Gibt es auf dem Markt einen schattigen Bereich oder Sitzgelegenheiten?<\/strong><br \/>\nA: Ja, es gibt schattige Bereiche und Sitzgelegenheiten zum Ausruhen und Essen.<\/p>\n<p><strong>F: Sind Haustiere auf dem Pattaya Floating Market erlaubt?<\/strong><br \/>\nA: Nein, Haustiere sind im Marktbereich nicht erlaubt.<\/p>\n<p>Genie\u00dfen Sie ein unvergessliches Erlebnis im <a href=\"https:\/\/floatingmarketpattaya.com\/de\/\">Schwimmender Markt in Pattaya<\/a> mit unserer Eintrittskarte und Ruderboot-Kombination, perfekt, um in die kulturellen Wunder Thailands einzutauchen.<\/p>","protected":false},"excerpt":{"rendered":"<table class=\"short-description\">\n<tbody class=\"tabel364\">\n<tr class=\"short-description-tr32r\">\n<th class=\"short-description-th\"><span class=\"description-h23\"><strong class=\"description-strong67\">Buchungen m\u00fcssen einen Tag im Voraus erfolgen. F\u00fcr Buchungen am selben Tag ist alternativ eine Taxibuchung bei uns erforderlich.<\/strong><\/span><\/th>\n<\/tr>\n<\/tbody>\n<\/table>","protected":false},"featured_media":3053,"comment_status":"open","ping_status":"closed","template":"","meta":{"ocean_post_layout":"","ocean_both_sidebars_style":"","ocean_both_sidebars_content_width":0,"ocean_both_sidebars_sidebars_width":0,"ocean_sidebar":"0","ocean_second_sidebar":"0","ocean_disable_margins":"enable","ocean_add_body_class":"","ocean_shortcode_before_top_bar":"","ocean_shortcode_after_top_bar":"","ocean_shortcode_before_header":"","ocean_shortcode_after_header":"","ocean_has_shortcode":"","ocean_shortcode_after_title":"","ocean_shortcode_before_footer_widgets":"","ocean_shortcode_after_footer_widgets":"","ocean_shortcode_before_footer_bottom":"","ocean_shortcode_after_footer_bottom":"","ocean_display_top_bar":"default","ocean_display_header":"default","ocean_header_style":"","ocean_center_header_left_menu":"0","ocean_custom_header_template":"0","ocean_custom_logo":0,"ocean_custom_retina_logo":0,"ocean_custom_logo_max_width":0,"ocean_custom_logo_tablet_max_width":0,"ocean_custom_logo_mobile_max_width":0,"ocean_custom_logo_max_height":0,"ocean_custom_logo_tablet_max_height":0,"ocean_custom_logo_mobile_max_height":0,"ocean_header_custom_menu":"0","ocean_menu_typo_font_family":"0","ocean_menu_typo_font_subset":"","ocean_menu_typo_font_size":0,"ocean_menu_typo_font_size_tablet":0,"ocean_menu_typo_font_size_mobile":0,"ocean_menu_typo_font_size_unit":"px","ocean_menu_typo_font_weight":"","ocean_menu_typo_font_weight_tablet":"","ocean_menu_typo_font_weight_mobile":"","ocean_menu_typo_transform":"","ocean_menu_typo_transform_tablet":"","ocean_menu_typo_transform_mobile":"","ocean_menu_typo_line_height":0,"ocean_menu_typo_line_height_tablet":0,"ocean_menu_typo_line_height_mobile":0,"ocean_menu_typo_line_height_unit":"","ocean_menu_typo_spacing":0,"ocean_menu_typo_spacing_tablet":0,"ocean_menu_typo_spacing_mobile":0,"ocean_menu_typo_spacing_unit":"","ocean_menu_link_color":"","ocean_menu_link_color_hover":"","ocean_menu_link_color_active":"","ocean_menu_link_background":"","ocean_menu_link_hover_background":"","ocean_menu_link_active_background":"","ocean_menu_social_links_bg":"","ocean_menu_social_hover_links_bg":"","ocean_menu_social_links_color":"","ocean_menu_social_hover_links_color":"","ocean_disable_title":"default","ocean_disable_heading":"default","ocean_post_title":"","ocean_post_subheading":"","ocean_post_title_style":"","ocean_post_title_background_color":"","ocean_post_title_background":0,"ocean_post_title_bg_image_position":"","ocean_post_title_bg_image_attachment":"","ocean_post_title_bg_image_repeat":"","ocean_post_title_bg_image_size":"","ocean_post_title_height":0,"ocean_post_title_bg_overlay":0.5,"ocean_post_title_bg_overlay_color":"","ocean_disable_breadcrumbs":"default","ocean_breadcrumbs_color":"","ocean_breadcrumbs_separator_color":"","ocean_breadcrumbs_links_color":"","ocean_breadcrumbs_links_hover_color":"","ocean_display_footer_widgets":"default","ocean_display_footer_bottom":"default","ocean_custom_footer_template":"0"},"product_brand":[],"product_cat":[20],"product_tag":[398,400,389,393,388,396,391,379,395,373,399,390,374,397,392,394],"class_list":{"0":"post-3061","1":"product","2":"type-product","3":"status-publish","4":"has-post-thumbnail","6":"product_cat-tickets","7":"product_tag-family-activities-pattaya","8":"product_tag-floating-market-admission","9":"product_tag-floating-market-entry","10":"product_tag-floating-market-tours-pattaya","11":"product_tag-pattaya","12":"product_tag-pattaya-boat-ride","13":"product_tag-pattaya-cultural-experience","14":"product_tag-pattaya-floating-market-deals","15":"product_tag-pattaya-floating-market-online-booking","16":"product_tag-pattaya-floating-market-tickets","17":"product_tag-pattaya-market-attraction","18":"product_tag-pattaya-market-boat-ride","19":"product_tag-pattaya-market-entry","20":"product_tag-rowing-boat-pattaya","21":"product_tag-thai-market-tickets","22":"product_tag-thai-market-tickets-booking","24":"entry","25":"has-media","26":"tm-has-options","28":"first","29":"instock","30":"virtual","31":"taxable","32":"purchasable","33":"product-type-simple","34":"has-product-nav","35":"col","36":"span_1_of_3","37":"owp-content-center","38":"owp-thumbs-layout-horizontal","39":"owp-btn-normal","40":"owp-tabs-layout-horizontal"},"yoast_head":"<!-- This site is optimized with the Yoast SEO plugin v27.5 - https:\/\/yoast.com\/product\/yoast-seo-wordpress\/ -->\n<title>Book Your Pattaya Floating Market Entry With Boat Ride Today<\/title>\n<meta name=\"description\" content=\"Discover Pattaya Floating Market! Secure Your Entry + One-Way Rowing Boat Ride. Enjoy Thai Culture, Shopping And Scenic Views. Book Now!\" \/>\n<meta name=\"robots\" content=\"index, follow, max-snippet:-1, max-image-preview:large, max-video-preview:-1\" \/>\n<link rel=\"canonical\" href=\"https:\/\/floatingmarketpattaya.com\/de\/tickets\/eintrittskarte-fur-den-schwimmenden-markt-von-pattaya-einfache-fahrt-mit-dem-ruderboot\/\" \/>\n<meta property=\"og:locale\" content=\"de_DE\" \/>\n<meta property=\"og:type\" content=\"article\" \/>\n<meta property=\"og:title\" content=\"Book Your Pattaya Floating Market Entry With Boat Ride Today\" \/>\n<meta property=\"og:description\" content=\"Discover Pattaya Floating Market! Secure Your Entry + One-Way Rowing Boat Ride. Enjoy Thai Culture, Shopping And Scenic Views. Book Now!\" \/>\n<meta property=\"og:url\" content=\"https:\/\/floatingmarketpattaya.com\/de\/tickets\/eintrittskarte-fur-den-schwimmenden-markt-von-pattaya-einfache-fahrt-mit-dem-ruderboot\/\" \/>\n<meta property=\"og:site_name\" content=\"Pattaya Floating Market\" \/>\n<meta property=\"article:modified_time\" content=\"2025-09-26T10:39:50+00:00\" \/>\n<meta name=\"twitter:card\" content=\"summary_large_image\" \/>\n<meta name=\"twitter:label1\" content=\"Gesch\u00e4tzte Lesezeit\" \/>\n\t<meta name=\"twitter:data1\" content=\"3\u00a0Minuten\" \/>\n<script type=\"application\/ld+json\" class=\"yoast-schema-graph\">{\"@context\":\"https:\\\/\\\/schema.org\",\"@graph\":[{\"@type\":\"WebPage\",\"@id\":\"https:\\\/\\\/floatingmarketpattaya.com\\\/tickets\\\/pattaya-floating-market-entrance-ticket-one-way-rowing-boat\\\/\",\"url\":\"https:\\\/\\\/floatingmarketpattaya.com\\\/tickets\\\/pattaya-floating-market-entrance-ticket-one-way-rowing-boat\\\/\",\"name\":\"Book Your Pattaya Floating Market Entry With Boat Ride Today\",\"isPartOf\":{\"@id\":\"https:\\\/\\\/floatingmarketpattaya.com\\\/#website\"},\"primaryImageOfPage\":{\"@id\":\"https:\\\/\\\/floatingmarketpattaya.com\\\/tickets\\\/pattaya-floating-market-entrance-ticket-one-way-rowing-boat\\\/#primaryimage\"},\"image\":{\"@id\":\"https:\\\/\\\/floatingmarketpattaya.com\\\/tickets\\\/pattaya-floating-market-entrance-ticket-one-way-rowing-boat\\\/#primaryimage\"},\"thumbnailUrl\":\"https:\\\/\\\/floatingmarketpattaya.com\\\/wp-content\\\/uploads\\\/2024\\\/10\\\/Floating-Market-Pattaya-Ticket.avif\",\"datePublished\":\"2024-10-31T23:00:12+00:00\",\"dateModified\":\"2025-09-26T10:39:50+00:00\",\"description\":\"Discover Pattaya Floating Market! Secure Your Entry + One-Way Rowing Boat Ride. Enjoy Thai Culture, Shopping And Scenic Views. Book Now!\",\"breadcrumb\":{\"@id\":\"https:\\\/\\\/floatingmarketpattaya.com\\\/tickets\\\/pattaya-floating-market-entrance-ticket-one-way-rowing-boat\\\/#breadcrumb\"},\"inLanguage\":\"de\",\"potentialAction\":[{\"@type\":\"ReadAction\",\"target\":[\"https:\\\/\\\/floatingmarketpattaya.com\\\/tickets\\\/pattaya-floating-market-entrance-ticket-one-way-rowing-boat\\\/\"]}]},{\"@type\":\"ImageObject\",\"inLanguage\":\"de\",\"@id\":\"https:\\\/\\\/floatingmarketpattaya.com\\\/tickets\\\/pattaya-floating-market-entrance-ticket-one-way-rowing-boat\\\/#primaryimage\",\"url\":\"https:\\\/\\\/floatingmarketpattaya.com\\\/wp-content\\\/uploads\\\/2024\\\/10\\\/Floating-Market-Pattaya-Ticket.avif\",\"contentUrl\":\"https:\\\/\\\/floatingmarketpattaya.com\\\/wp-content\\\/uploads\\\/2024\\\/10\\\/Floating-Market-Pattaya-Ticket.avif\",\"width\":1200,\"height\":790,\"caption\":\"Floating Market Pattaya Ticket\"},{\"@type\":\"BreadcrumbList\",\"@id\":\"https:\\\/\\\/floatingmarketpattaya.com\\\/tickets\\\/pattaya-floating-market-entrance-ticket-one-way-rowing-boat\\\/#breadcrumb\",\"itemListElement\":[{\"@type\":\"ListItem\",\"position\":1,\"name\":\"Home\",\"item\":\"https:\\\/\\\/floatingmarketpattaya.com\\\/\"},{\"@type\":\"ListItem\",\"position\":2,\"name\":\"Tickets\",\"item\":\"https:\\\/\\\/floatingmarketpattaya.com\\\/tickets\\\/\"},{\"@type\":\"ListItem\",\"position\":3,\"name\":\"Pattaya Floating Market Entrance Ticket + One Way Rowing Boat\"}]},{\"@type\":\"WebSite\",\"@id\":\"https:\\\/\\\/floatingmarketpattaya.com\\\/#website\",\"url\":\"https:\\\/\\\/floatingmarketpattaya.com\\\/\",\"name\":\"Pattaya Floating Market\",\"description\":\"\",\"publisher\":{\"@id\":\"https:\\\/\\\/floatingmarketpattaya.com\\\/#organization\"},\"potentialAction\":[{\"@type\":\"SearchAction\",\"target\":{\"@type\":\"EntryPoint\",\"urlTemplate\":\"https:\\\/\\\/floatingmarketpattaya.com\\\/?s={search_term_string}\"},\"query-input\":{\"@type\":\"PropertyValueSpecification\",\"valueRequired\":true,\"valueName\":\"search_term_string\"}}],\"inLanguage\":\"de\"},{\"@type\":\"Organization\",\"@id\":\"https:\\\/\\\/floatingmarketpattaya.com\\\/#organization\",\"name\":\"Pattaya Floating Market\",\"url\":\"https:\\\/\\\/floatingmarketpattaya.com\\\/\",\"logo\":{\"@type\":\"ImageObject\",\"inLanguage\":\"de\",\"@id\":\"https:\\\/\\\/floatingmarketpattaya.com\\\/#\\\/schema\\\/logo\\\/image\\\/\",\"url\":\"https:\\\/\\\/floatingmarketpattaya.com\\\/wp-content\\\/uploads\\\/2024\\\/08\\\/Pattaya-Floating-Market.png\",\"contentUrl\":\"https:\\\/\\\/floatingmarketpattaya.com\\\/wp-content\\\/uploads\\\/2024\\\/08\\\/Pattaya-Floating-Market.png\",\"width\":350,\"height\":100,\"caption\":\"Pattaya Floating Market\"},\"image\":{\"@id\":\"https:\\\/\\\/floatingmarketpattaya.com\\\/#\\\/schema\\\/logo\\\/image\\\/\"}}]}<\/script>\n<!-- \/ Yoast SEO plugin. -->","yoast_head_json":{"title":"Buchen Sie noch heute Ihren Eintritt zum schwimmenden Markt von Pattaya mit Bootsfahrt","description":"Entdecken Sie den schwimmenden Markt von Pattaya! Sichern Sie sich Ihren Eintritt + eine einfache Ruderbootfahrt. Genie\u00dfen Sie thail\u00e4ndische Kultur, Shopping und malerische Aussichten. Jetzt buchen!","robots":{"index":"index","follow":"follow","max-snippet":"max-snippet:-1","max-image-preview":"max-image-preview:large","max-video-preview":"max-video-preview:-1"},"canonical":"https:\/\/floatingmarketpattaya.com\/de\/tickets\/eintrittskarte-fur-den-schwimmenden-markt-von-pattaya-einfache-fahrt-mit-dem-ruderboot\/","og_locale":"de_DE","og_type":"article","og_title":"Book Your Pattaya Floating Market Entry With Boat Ride Today","og_description":"Discover Pattaya Floating Market! Secure Your Entry + One-Way Rowing Boat Ride. Enjoy Thai Culture, Shopping And Scenic Views. Book Now!","og_url":"https:\/\/floatingmarketpattaya.com\/de\/tickets\/eintrittskarte-fur-den-schwimmenden-markt-von-pattaya-einfache-fahrt-mit-dem-ruderboot\/","og_site_name":"Pattaya Floating Market","article_modified_time":"2025-09-26T10:39:50+00:00","twitter_card":"summary_large_image","twitter_misc":{"Gesch\u00e4tzte Lesezeit":"3\u00a0Minuten"},"schema":{"@context":"https:\/\/schema.org","@graph":[{"@type":"WebPage","@id":"https:\/\/floatingmarketpattaya.com\/tickets\/pattaya-floating-market-entrance-ticket-one-way-rowing-boat\/","url":"https:\/\/floatingmarketpattaya.com\/tickets\/pattaya-floating-market-entrance-ticket-one-way-rowing-boat\/","name":"Buchen Sie noch heute Ihren Eintritt zum schwimmenden Markt von Pattaya mit Bootsfahrt","isPartOf":{"@id":"https:\/\/floatingmarketpattaya.com\/#website"},"primaryImageOfPage":{"@id":"https:\/\/floatingmarketpattaya.com\/tickets\/pattaya-floating-market-entrance-ticket-one-way-rowing-boat\/#primaryimage"},"image":{"@id":"https:\/\/floatingmarketpattaya.com\/tickets\/pattaya-floating-market-entrance-ticket-one-way-rowing-boat\/#primaryimage"},"thumbnailUrl":"https:\/\/floatingmarketpattaya.com\/wp-content\/uploads\/2024\/10\/Floating-Market-Pattaya-Ticket.avif","datePublished":"2024-10-31T23:00:12+00:00","dateModified":"2025-09-26T10:39:50+00:00","description":"Entdecken Sie den schwimmenden Markt von Pattaya! Sichern Sie sich Ihren Eintritt + eine einfache Ruderbootfahrt. Genie\u00dfen Sie thail\u00e4ndische Kultur, Shopping und malerische Aussichten. Jetzt buchen!","breadcrumb":{"@id":"https:\/\/floatingmarketpattaya.com\/tickets\/pattaya-floating-market-entrance-ticket-one-way-rowing-boat\/#breadcrumb"},"inLanguage":"de","potentialAction":[{"@type":"ReadAction","target":["https:\/\/floatingmarketpattaya.com\/tickets\/pattaya-floating-market-entrance-ticket-one-way-rowing-boat\/"]}]},{"@type":"ImageObject","inLanguage":"de","@id":"https:\/\/floatingmarketpattaya.com\/tickets\/pattaya-floating-market-entrance-ticket-one-way-rowing-boat\/#primaryimage","url":"https:\/\/floatingmarketpattaya.com\/wp-content\/uploads\/2024\/10\/Floating-Market-Pattaya-Ticket.avif","contentUrl":"https:\/\/floatingmarketpattaya.com\/wp-content\/uploads\/2024\/10\/Floating-Market-Pattaya-Ticket.avif","width":1200,"height":790,"caption":"Floating Market Pattaya Ticket"},{"@type":"BreadcrumbList","@id":"https:\/\/floatingmarketpattaya.com\/tickets\/pattaya-floating-market-entrance-ticket-one-way-rowing-boat\/#breadcrumb","itemListElement":[{"@type":"ListItem","position":1,"name":"Home","item":"https:\/\/floatingmarketpattaya.com\/"},{"@type":"ListItem","position":2,"name":"Tickets","item":"https:\/\/floatingmarketpattaya.com\/tickets\/"},{"@type":"ListItem","position":3,"name":"Pattaya Floating Market Entrance Ticket + One Way Rowing Boat"}]},{"@type":"WebSite","@id":"https:\/\/floatingmarketpattaya.com\/#website","url":"https:\/\/floatingmarketpattaya.com\/","name":"Schwimmender Markt in Pattaya","description":"","publisher":{"@id":"https:\/\/floatingmarketpattaya.com\/#organization"},"potentialAction":[{"@type":"SearchAction","target":{"@type":"EntryPoint","urlTemplate":"https:\/\/floatingmarketpattaya.com\/?s={search_term_string}"},"query-input":{"@type":"PropertyValueSpecification","valueRequired":true,"valueName":"search_term_string"}}],"inLanguage":"de"},{"@type":"Organization","@id":"https:\/\/floatingmarketpattaya.com\/#organization","name":"Schwimmender Markt in Pattaya","url":"https:\/\/floatingmarketpattaya.com\/","logo":{"@type":"ImageObject","inLanguage":"de","@id":"https:\/\/floatingmarketpattaya.com\/#\/schema\/logo\/image\/","url":"https:\/\/floatingmarketpattaya.com\/wp-content\/uploads\/2024\/08\/Pattaya-Floating-Market.png","contentUrl":"https:\/\/floatingmarketpattaya.com\/wp-content\/uploads\/2024\/08\/Pattaya-Floating-Market.png","width":350,"height":100,"caption":"Pattaya Floating Market"},"image":{"@id":"https:\/\/floatingmarketpattaya.com\/#\/schema\/logo\/image\/"}}]}},"jetpack_sharing_enabled":true,"_links":{"self":[{"href":"https:\/\/floatingmarketpattaya.com\/de\/wp-json\/wp\/v2\/product\/3061","targetHints":{"allow":["GET"]}}],"collection":[{"href":"https:\/\/floatingmarketpattaya.com\/de\/wp-json\/wp\/v2\/product"}],"about":[{"href":"https:\/\/floatingmarketpattaya.com\/de\/wp-json\/wp\/v2\/types\/product"}],"replies":[{"embeddable":true,"href":"https:\/\/floatingmarketpattaya.com\/de\/wp-json\/wp\/v2\/comments?post=3061"}],"wp:featuredmedia":[{"embeddable":true,"href":"https:\/\/floatingmarketpattaya.com\/de\/wp-json\/wp\/v2\/media\/3053"}],"wp:attachment":[{"href":"https:\/\/floatingmarketpattaya.com\/de\/wp-json\/wp\/v2\/media?parent=3061"}],"wp:term":[{"taxonomy":"product_brand","embeddable":true,"href":"https:\/\/floatingmarketpattaya.com\/de\/wp-json\/wp\/v2\/product_brand?post=3061"},{"taxonomy":"product_cat","embeddable":true,"href":"https:\/\/floatingmarketpattaya.com\/de\/wp-json\/wp\/v2\/product_cat?post=3061"},{"taxonomy":"product_tag","embeddable":true,"href":"https:\/\/floatingmarketpattaya.com\/de\/wp-json\/wp\/v2\/product_tag?post=3061"}],"curies":[{"name":"wp","href":"https:\/\/api.w.org\/{rel}","templated":true}]}}